{"id":215350,"date":"2023-01-25T12:46:31","date_gmt":"2023-01-25T10:46:31","guid":{"rendered":"https:\/\/laserlens.gr\/biometria\/"},"modified":"2023-03-10T12:36:37","modified_gmt":"2023-03-10T10:36:37","slug":"biometria","status":"publish","type":"page","link":"https:\/\/laserlens.gr\/sq\/biometria\/","title":{"rendered":"Biometr\u00eda"},"content":{"rendered":"<p>[et_pb_section fb_built=&#8221;1&#8243; admin_label=&#8221;About&#8221; _builder_version=&#8221;4.4.9&#8243; use_background_color_gradient=&#8221;on&#8221; background_color_gradient_start=&#8221;rgba(255,255,255,0.58)&#8221; background_color_gradient_end=&#8221;#ffffff&#8221; background_color_gradient_direction=&#8221;90deg&#8221; background_color_gradient_overlays_image=&#8221;on&#8221; background_image=&#8221;https:\/\/laserlens.gr\/wp-content\/uploads\/2023\/01\/family-doctor-035.png&#8221; background_size=&#8221;initial&#8221; background_position=&#8221;bottom_center&#8221; background_repeat=&#8221;repeat&#8221; custom_padding=&#8221;3px|||||&#8221; locked=&#8221;off&#8221;][et_pb_row column_structure=&#8221;1_4,3_4&#8243; _builder_version=&#8221;4.4.9&#8243; custom_padding=&#8221;5px||4px|||&#8221;][et_pb_column type=&#8221;1_4&#8243; _builder_version=&#8221;4.4.9&#8243;][et_pb_image src=&#8221;https:\/\/laserlens.gr\/wp-content\/uploads\/2023\/01\/eye-2.png&#8221; alt=&#8221;eye 2&#8243; title_text=&#8221;eye (2)&#8221; align=&#8221;center&#8221; _builder_version=&#8221;4.4.9&#8243; width=&#8221;35%&#8221;][\/et_pb_image][\/et_pb_column][et_pb_column type=&#8221;3_4&#8243; _builder_version=&#8221;4.4.9&#8243;][et_pb_text _builder_version=&#8221;4.4.9&#8243; header_font=&#8221;Open Sans||||||||&#8221; header_text_color=&#8221;#216477&#8243; header_font_size=&#8221;32px&#8221; custom_margin=&#8221;0.5vw||||false|false&#8221; header_text_align_tablet=&#8221;center&#8221; header_text_align_phone=&#8221;center&#8221; header_text_align_last_edited=&#8221;on|phone&#8221; header_font_size_tablet=&#8221;30px&#8221; header_font_size_phone=&#8221;24px&#8221; header_font_size_last_edited=&#8221;on|phone&#8221;]<\/p>\n<h1>Biometr\u00eda<\/h1>\n<p>[\/et_pb_text][et_pb_divider color=&#8221;#216477&#8243; divider_weight=&#8221;1px&#8221; _builder_version=&#8221;4.4.9&#8243; width=&#8221;20%&#8221; width_tablet=&#8221;24%&#8221; width_phone=&#8221;26%&#8221; width_last_edited=&#8221;on|phone&#8221; custom_margin=&#8221;-1.5vw||||false|false&#8221; custom_margin_tablet=&#8221;-1.5vw||||false|false&#8221; custom_margin_phone=&#8221;&#8221; custom_margin_last_edited=&#8221;on|tablet&#8221; module_alignment_tablet=&#8221;center&#8221; module_alignment_phone=&#8221;center&#8221; module_alignment_last_edited=&#8221;on|tablet&#8221;][\/et_pb_divider][\/et_pb_column][\/et_pb_row][et_pb_row column_structure=&#8221;2_5,3_5&#8243; _builder_version=&#8221;4.5.7&#8243;][et_pb_column type=&#8221;2_5&#8243; _builder_version=&#8221;4.5.7&#8243;][et_pb_image src=&#8221;https:\/\/laserlens.gr\/wp-content\/uploads\/2023\/01\/ofthalmologiki-monada-ioannina-laserlens-viometria.jpg&#8221; alt=&#8221;ofthalmologiki monada ioannina laserlens viometria&#8221; title_text=&#8221;ofthalmologiki-monada-ioannina-laserlens-viometria&#8221; align=&#8221;center&#8221; _builder_version=&#8221;4.4.9&#8243;][\/et_pb_image][\/et_pb_column][et_pb_column type=&#8221;3_5&#8243; _builder_version=&#8221;4.5.7&#8243;][et_pb_text _builder_version=&#8221;4.4.9&#8243; text_font=&#8221;Open Sans||||||||&#8221; text_text_color=&#8221;#000000&#8243; text_font_size=&#8221;16px&#8221; text_line_height=&#8221;1.8em&#8221; max_width=&#8221;700px&#8221; module_alignment=&#8221;center&#8221; hover_enabled=&#8221;0&#8243; text_font_size_tablet=&#8221;&#8221; text_font_size_phone=&#8221;14px&#8221; text_font_size_last_edited=&#8221;on|phone&#8221; locked=&#8221;off&#8221;]<\/p>\n<p style=\"text-align: justify;\"><strong>LENSTAR, OCUSCANKAIULTRASCAN<\/strong> matin t\u00eb gjith\u00eb parametrat e nj\u00eb biometrie optike tradicionale dhe m\u00eb shum\u00eb, duke matur dimensionin boshtor t\u00eb syrit nga kornea n\u00eb retin\u00eb n\u00eb nj\u00eb hap t\u00eb vet\u00ebm: Gjat\u00ebsia aksiale, Pakimetria qendrore e kornes\u00eb, Thell\u00ebsia e dhom\u00ebs s\u00eb p\u00ebrparme, Trash\u00ebsia e thjerr\u00ebz\u00ebs, Trash\u00ebsia e retin\u00ebs, Keratometri, Bardh\u00eb e bardh\u00eb, Kolorometri.<\/p>\n<p style=\"text-align: justify;\"><strong>LaserLens<\/strong> p\u00ebr ekzaminimin e biometris\u00eb ka Lenstar, Ocuscan dhe Ultrascan, ve\u00e7an\u00ebrisht makina moderne dhe t\u00eb besueshme.<\/p>\n<p>[\/et_pb_text][\/et_pb_column][\/et_pb_row][et_pb_row _builder_version=&#8221;4.4.9&#8243;][et_pb_column type=&#8221;4_4&#8243; _builder_version=&#8221;4.5.7&#8243;][et_pb_text _builder_version=&#8221;4.4.9&#8243; text_font=&#8221;Open Sans||||||||&#8221; text_text_color=&#8221;#000000&#8243; text_font_size=&#8221;16px&#8221; text_line_height=&#8221;1.8em&#8221; header_2_font=&#8221;Open Sans|600|||||||&#8221; header_2_text_color=&#8221;#216477&#8243; header_2_font_size=&#8221;16px&#8221; module_alignment=&#8221;center&#8221; hover_enabled=&#8221;0&#8243; text_font_size_tablet=&#8221;&#8221; text_font_size_phone=&#8221;14px&#8221; text_font_size_last_edited=&#8221;on|phone&#8221; locked=&#8221;off&#8221;]<\/p>\n<h2 style=\"text-align: justify;\">Lenstar<\/h2>\n<p style=\"text-align: justify;\">Me zbulimin e humbjes s\u00eb fokusit dhe reflektometrin\u00eb koherente t\u00eb ul\u00ebt, biometria optike me LENSTAR t\u00eb HaagStreit arrin nivelet m\u00eb t\u00eb larta t\u00eb sakt\u00ebsis\u00eb n\u00eb matjen e thjerr\u00ebzave p\u00ebrpara nj\u00eb operacioni t\u00eb kataraktit ose p\u00ebrpara nj\u00eb operacioni kirurgjik t\u00eb lenteve refraktive. Me ultratinguj llogaritet se sakt\u00ebsia e matjes varet nga aft\u00ebsia e operatorit nd\u00ebrsa instrumenti mat\u00ebs prek syrin. LENSTAR \u00ebsht\u00eb e vetmja makin\u00eb biometrike optike q\u00eb mat trash\u00ebsin\u00eb e thjerr\u00ebzave, nj\u00eb paramet\u00ebr i nevojsh\u00ebm p\u00ebr t\u00eb p\u00ebrdorur formul\u00ebn e gjenerat\u00ebs s\u00eb 4-t\u00eb p\u00ebr t\u00eb matur lentet, nd\u00ebrkoh\u00eb q\u00eb sakt\u00ebsia dhe p\u00ebrs\u00ebritshm\u00ebria e matjeve jan\u00eb t\u00eb siguruara, sepse b\u00ebn matjet n\u00eb m\u00ebnyr\u00eb t\u00eb sigurt n\u00eb boshtin optik. Kjo \u00ebsht\u00eb ve\u00e7an\u00ebrisht e r\u00ebnd\u00ebsishme n\u00eb miopit\u00eb e larta, n\u00eb rastet e specializuara t\u00eb kataraktave dhe n\u00eb aplikimin e lenteve t\u00eb kirurgjis\u00eb refraktive si thjerr\u00ebzat multifokale.<\/p>\n<p>[\/et_pb_text][\/et_pb_column][\/et_pb_row][\/et_pb_section]<\/p>\n","protected":false},"excerpt":{"rendered":"<p>LaserLens p\u00ebr ekzaminimin e biometris\u00eb ka makina Lenstar, Ocuscan dhe Ultrascan shum\u00eb moderne dhe t\u00eb besueshme.<\/p>\n","protected":false},"author":1,"featured_media":215845,"parent":0,"menu_order":0,"comment_status":"closed","ping_status":"closed","template":"","meta":{"_et_pb_use_builder":"on","_et_pb_old_content":"","_et_gb_content_width":"","footnotes":""},"class_list":["post-215350","page","type-page","status-publish","has-post-thumbnail","hentry"],"_links":{"self":[{"href":"https:\/\/laserlens.gr\/sq\/wp-json\/wp\/v2\/pages\/215350"}],"collection":[{"href":"https:\/\/laserlens.gr\/sq\/wp-json\/wp\/v2\/pages"}],"about":[{"href":"https:\/\/laserlens.gr\/sq\/wp-json\/wp\/v2\/types\/page"}],"author":[{"embeddable":true,"href":"https:\/\/laserlens.gr\/sq\/wp-json\/wp\/v2\/users\/1"}],"replies":[{"embeddable":true,"href":"https:\/\/laserlens.gr\/sq\/wp-json\/wp\/v2\/comments?post=215350"}],"version-history":[{"count":12,"href":"https:\/\/laserlens.gr\/sq\/wp-json\/wp\/v2\/pages\/215350\/revisions"}],"predecessor-version":[{"id":216757,"href":"https:\/\/laserlens.gr\/sq\/wp-json\/wp\/v2\/pages\/215350\/revisions\/216757"}],"wp:featuredmedia":[{"embeddable":true,"href":"https:\/\/laserlens.gr\/sq\/wp-json\/wp\/v2\/media\/215845"}],"wp:attachment":[{"href":"https:\/\/laserlens.gr\/sq\/wp-json\/wp\/v2\/media?parent=215350"}],"curies":[{"name":"wp","href":"https:\/\/api.w.org\/{rel}","templated":true}]}}