{"id":215362,"date":"2023-01-25T11:59:03","date_gmt":"2023-01-25T09:59:03","guid":{"rendered":"https:\/\/laserlens.gr\/angulimi\/"},"modified":"2023-03-14T11:30:49","modified_gmt":"2023-03-14T09:30:49","slug":"angulimi","status":"publish","type":"page","link":"https:\/\/laserlens.gr\/sq\/angulimi\/","title":{"rendered":"Angulimi"},"content":{"rendered":"<p>[et_pb_section fb_built=&#8221;1&#8243; admin_label=&#8221;About&#8221; _builder_version=&#8221;4.4.9&#8243; use_background_color_gradient=&#8221;on&#8221; background_color_gradient_start=&#8221;rgba(255,255,255,0.58)&#8221; background_color_gradient_end=&#8221;#ffffff&#8221; background_color_gradient_direction=&#8221;90deg&#8221; background_color_gradient_overlays_image=&#8221;on&#8221; background_image=&#8221;https:\/\/laserlens.gr\/wp-content\/uploads\/2023\/01\/family-doctor-035.png&#8221; background_size=&#8221;initial&#8221; background_position=&#8221;bottom_center&#8221; background_repeat=&#8221;repeat&#8221; custom_padding=&#8221;3px||4vw||false|false&#8221; hover_enabled=&#8221;0&#8243; locked=&#8221;off&#8221;][et_pb_row column_structure=&#8221;1_4,3_4&#8243; _builder_version=&#8221;4.4.9&#8243; custom_padding=&#8221;5px||4px|||&#8221;][et_pb_column type=&#8221;1_4&#8243; _builder_version=&#8221;4.4.9&#8243;][et_pb_image src=&#8221;https:\/\/laserlens.gr\/wp-content\/uploads\/2023\/01\/eye-2.png&#8221; alt=&#8221;eye 2&#8243; title_text=&#8221;eye (2)&#8221; align=&#8221;center&#8221; _builder_version=&#8221;4.4.9&#8243; width=&#8221;35%&#8221;][\/et_pb_image][\/et_pb_column][et_pb_column type=&#8221;3_4&#8243; _builder_version=&#8221;4.4.9&#8243;][et_pb_text _builder_version=&#8221;4.4.9&#8243; header_font=&#8221;Open Sans||||||||&#8221; header_text_color=&#8221;#216477&#8243; header_font_size=&#8221;32px&#8221; custom_margin=&#8221;0.5vw||||false|false&#8221; header_text_align_tablet=&#8221;center&#8221; header_text_align_phone=&#8221;&#8221; header_text_align_last_edited=&#8221;on|tablet&#8221; header_font_size_tablet=&#8221;30px&#8221; header_font_size_phone=&#8221;24px&#8221; header_font_size_last_edited=&#8221;on|phone&#8221;]<\/p>\n<h1>Angulimi<\/h1>\n<p>[\/et_pb_text][et_pb_divider color=&#8221;#216477&#8243; divider_weight=&#8221;1px&#8221; _builder_version=&#8221;4.4.9&#8243; width=&#8221;28%&#8221; custom_margin=&#8221;-1.5vw||||false|false&#8221; module_alignment_tablet=&#8221;center&#8221; module_alignment_phone=&#8221;&#8221; module_alignment_last_edited=&#8221;on|phone&#8221;][\/et_pb_divider][\/et_pb_column][\/et_pb_row][et_pb_row _builder_version=&#8221;4.4.9&#8243; hover_enabled=&#8221;0&#8243; custom_margin=&#8221;3vw||||false|false&#8221;][et_pb_column type=&#8221;4_4&#8243; _builder_version=&#8221;4.5.7&#8243;][et_pb_text _builder_version=&#8221;4.4.9&#8243; text_font=&#8221;Open Sans||||||||&#8221; text_text_color=&#8221;#000000&#8243; text_font_size=&#8221;16px&#8221; text_line_height=&#8221;1.8em&#8221; module_alignment=&#8221;center&#8221; hover_enabled=&#8221;0&#8243; text_font_size_tablet=&#8221;&#8221; text_font_size_phone=&#8221;14px&#8221; text_font_size_last_edited=&#8221;on|phone&#8221; locked=&#8221;off&#8221;]<\/p>\n<p style=\"text-align: justify;\">\u00cbsht\u00eb kontrolli i nj\u00eb zone specifike, t\u00eb vog\u00ebl, t\u00eb quajtur K\u00ebndi i Dhom\u00ebs s\u00eb P\u00ebrparme, nga e cila l\u00ebngu i prodhuar brenda kok\u00ebs s\u00eb syrit derdhet nga syri.<\/p>\n<p style=\"text-align: justify;\">Kjo zon\u00eb ndodhet n\u00eb rr\u00ebnj\u00ebn e irisit t\u00eb syrit dhe m\u00eb konkretisht n\u00eb bashkimin e irisit me kornen\u00eb dhe murin e brendsh\u00ebm t\u00eb llamb\u00ebs.<\/p>\n<p style=\"text-align: justify;\">Testi b\u00ebhet me lente t\u00eb posa\u00e7me prizmatike, pasqyre dhe hapja e k\u00ebndit lidhet me leht\u00ebsin\u00eb ose v\u00ebshtir\u00ebsin\u00eb e kullimit t\u00eb l\u00ebngut t\u00eb syrit. Leht\u00ebsia e drenazhimit shoq\u00ebrohet me nivele normale t\u00eb Presionit Intraokular (IOP), nd\u00ebrsa v\u00ebshtir\u00ebsia n\u00eb drenim shoq\u00ebrohet me rritje t\u00eb IOP dhe nj\u00eb rrezik t\u00eb konsideruesh\u00ebm t\u00eb Glaukom\u00ebs.<\/p>\n<p>[\/et_pb_text][\/et_pb_column][\/et_pb_row][\/et_pb_section]<\/p>\n","protected":false},"excerpt":{"rendered":"<p>Angoskopia \u00ebsht\u00eb kontrolli i zon\u00ebs s\u00eb k\u00ebndit t\u00eb dhom\u00ebs s\u00eb p\u00ebrparme nga e cila kullohet l\u00ebngu i prodhuar brenda llamb\u00ebs.<\/p>\n","protected":false},"author":1,"featured_media":215845,"parent":0,"menu_order":0,"comment_status":"closed","ping_status":"closed","template":"","meta":{"_et_pb_use_builder":"on","_et_pb_old_content":"","_et_gb_content_width":"","footnotes":""},"class_list":["post-215362","page","type-page","status-publish","has-post-thumbnail","hentry"],"_links":{"self":[{"href":"https:\/\/laserlens.gr\/sq\/wp-json\/wp\/v2\/pages\/215362"}],"collection":[{"href":"https:\/\/laserlens.gr\/sq\/wp-json\/wp\/v2\/pages"}],"about":[{"href":"https:\/\/laserlens.gr\/sq\/wp-json\/wp\/v2\/types\/page"}],"author":[{"embeddable":true,"href":"https:\/\/laserlens.gr\/sq\/wp-json\/wp\/v2\/users\/1"}],"replies":[{"embeddable":true,"href":"https:\/\/laserlens.gr\/sq\/wp-json\/wp\/v2\/comments?post=215362"}],"version-history":[{"count":8,"href":"https:\/\/laserlens.gr\/sq\/wp-json\/wp\/v2\/pages\/215362\/revisions"}],"predecessor-version":[{"id":216834,"href":"https:\/\/laserlens.gr\/sq\/wp-json\/wp\/v2\/pages\/215362\/revisions\/216834"}],"wp:featuredmedia":[{"embeddable":true,"href":"https:\/\/laserlens.gr\/sq\/wp-json\/wp\/v2\/media\/215845"}],"wp:attachment":[{"href":"https:\/\/laserlens.gr\/sq\/wp-json\/wp\/v2\/media?parent=215362"}],"curies":[{"name":"wp","href":"https:\/\/api.w.org\/{rel}","templated":true}]}}