{"id":215371,"date":"2023-01-25T12:34:14","date_gmt":"2023-01-25T10:34:14","guid":{"rendered":"https:\/\/laserlens.gr\/keratometria\/"},"modified":"2023-03-10T12:38:33","modified_gmt":"2023-03-10T10:38:33","slug":"keratometria","status":"publish","type":"page","link":"https:\/\/laserlens.gr\/sq\/keratometria\/","title":{"rendered":"Keratometria"},"content":{"rendered":"<p>[et_pb_section fb_built=&#8221;1&#8243; admin_label=&#8221;About&#8221; _builder_version=&#8221;4.4.9&#8243; use_background_color_gradient=&#8221;on&#8221; background_color_gradient_start=&#8221;rgba(255,255,255,0.58)&#8221; background_color_gradient_end=&#8221;#ffffff&#8221; background_color_gradient_direction=&#8221;90deg&#8221; background_color_gradient_overlays_image=&#8221;on&#8221; background_image=&#8221;https:\/\/laserlens.gr\/wp-content\/uploads\/2023\/01\/family-doctor-035.png&#8221; background_size=&#8221;initial&#8221; background_position=&#8221;bottom_center&#8221; background_repeat=&#8221;repeat&#8221; custom_padding=&#8221;3px|||||&#8221; locked=&#8221;off&#8221;][et_pb_row column_structure=&#8221;1_4,3_4&#8243; _builder_version=&#8221;4.4.9&#8243; custom_padding=&#8221;5px||4px|||&#8221;][et_pb_column type=&#8221;1_4&#8243; _builder_version=&#8221;4.4.9&#8243;][et_pb_image src=&#8221;https:\/\/laserlens.gr\/wp-content\/uploads\/2023\/01\/eye-2.png&#8221; alt=&#8221;eye 2&#8243; title_text=&#8221;eye (2)&#8221; align=&#8221;center&#8221; _builder_version=&#8221;4.4.9&#8243; width=&#8221;35%&#8221;][\/et_pb_image][\/et_pb_column][et_pb_column type=&#8221;3_4&#8243; _builder_version=&#8221;4.4.9&#8243;][et_pb_text _builder_version=&#8221;4.4.9&#8243; header_font=&#8221;Open Sans||||||||&#8221; header_text_color=&#8221;#216477&#8243; header_font_size=&#8221;32px&#8221; custom_margin=&#8221;0.5vw||||false|false&#8221; header_text_align_tablet=&#8221;center&#8221; header_text_align_phone=&#8221;&#8221; header_text_align_last_edited=&#8221;on|phone&#8221; header_font_size_tablet=&#8221;30px&#8221; header_font_size_phone=&#8221;24px&#8221; header_font_size_last_edited=&#8221;on|tablet&#8221;]<\/p>\n<h1>Keratometria<\/h1>\n<p>[\/et_pb_text][et_pb_divider color=&#8221;#216477&#8243; divider_weight=&#8221;1px&#8221; _builder_version=&#8221;4.4.9&#8243; width=&#8221;26%&#8221; custom_margin=&#8221;-1.5vw||||false|false&#8221; module_alignment_tablet=&#8221;center&#8221; module_alignment_phone=&#8221;&#8221; module_alignment_last_edited=&#8221;on|phone&#8221;][\/et_pb_divider][\/et_pb_column][\/et_pb_row][et_pb_row column_structure=&#8221;2_5,3_5&#8243; _builder_version=&#8221;4.5.7&#8243;][et_pb_column type=&#8221;2_5&#8243; _builder_version=&#8221;4.5.7&#8243;][et_pb_image src=&#8221;https:\/\/laserlens.gr\/wp-content\/uploads\/2023\/01\/ofthalmologiki-monada-ioannina-laserlens-keratometria.jpg&#8221; alt=&#8221;ofthalmologiki monada ioannina laserlens keratometria&#8221; title_text=&#8221;ofthalmologiki-monada-ioannina-laserlens-keratometria&#8221; align=&#8221;center&#8221; _builder_version=&#8221;4.4.9&#8243;][\/et_pb_image][\/et_pb_column][et_pb_column type=&#8221;3_5&#8243; _builder_version=&#8221;4.5.7&#8243;][et_pb_text _builder_version=&#8221;4.4.9&#8243; text_font=&#8221;Open Sans||||||||&#8221; text_text_color=&#8221;#000000&#8243; text_font_size=&#8221;16px&#8221; text_line_height=&#8221;1.8em&#8221; max_width=&#8221;700px&#8221; module_alignment=&#8221;center&#8221; hover_enabled=&#8221;0&#8243; text_font_size_tablet=&#8221;&#8221; text_font_size_phone=&#8221;14px&#8221; text_font_size_last_edited=&#8221;on|phone&#8221; locked=&#8221;off&#8221;]<\/p>\n<p style=\"text-align: justify;\">Keratometria \u00ebsht\u00eb nj\u00eb procedur\u00eb e p\u00ebrdorur p\u00ebr t\u00eb matur lakueshm\u00ebrin\u00eb e kornes\u00eb. Kjo \u00ebsht\u00eb nj\u00eb procedur\u00eb krejt\u00ebsisht pa dhimbje q\u00eb nxit bashk\u00ebpunimin e pacientit dhe ndihmon okulistin t\u00eb fitoj\u00eb nj\u00eb kuptim t\u00eb par\u00eb t\u00eb gjendjes s\u00eb pacientit.<\/p>\n<p style=\"text-align: justify;\">Keratometria kontrollon p\u00ebr astigmatiz\u00ebm t\u00eb kornes\u00eb (nj\u00eb gabim refraktiv i shkaktuar nga anomalit\u00eb n\u00eb form\u00ebn dhe lakimin e kornes\u00eb). Gjithashtu, konkluzione shum\u00eb t\u00eb dobishme nxirren p\u00ebr rastet keratokonike, por edhe p\u00ebr t\u00eb gjith\u00eb pacient\u00ebt refraktiv\u00eb.<\/p>\n<p>[\/et_pb_text][\/et_pb_column][\/et_pb_row][\/et_pb_section]<\/p>\n","protected":false},"excerpt":{"rendered":"<p>Keratometria p\u00ebrdoret p\u00ebr t\u00eb matur lakimin e kornes\u00eb si nj\u00eb procedur\u00eb krejt\u00ebsisht pa dhimbje.<\/p>\n","protected":false},"author":1,"featured_media":215845,"parent":0,"menu_order":0,"comment_status":"closed","ping_status":"closed","template":"","meta":{"_et_pb_use_builder":"on","_et_pb_old_content":"","_et_gb_content_width":"","footnotes":""},"class_list":["post-215371","page","type-page","status-publish","has-post-thumbnail","hentry"],"_links":{"self":[{"href":"https:\/\/laserlens.gr\/sq\/wp-json\/wp\/v2\/pages\/215371"}],"collection":[{"href":"https:\/\/laserlens.gr\/sq\/wp-json\/wp\/v2\/pages"}],"about":[{"href":"https:\/\/laserlens.gr\/sq\/wp-json\/wp\/v2\/types\/page"}],"author":[{"embeddable":true,"href":"https:\/\/laserlens.gr\/sq\/wp-json\/wp\/v2\/users\/1"}],"replies":[{"embeddable":true,"href":"https:\/\/laserlens.gr\/sq\/wp-json\/wp\/v2\/comments?post=215371"}],"version-history":[{"count":6,"href":"https:\/\/laserlens.gr\/sq\/wp-json\/wp\/v2\/pages\/215371\/revisions"}],"predecessor-version":[{"id":216762,"href":"https:\/\/laserlens.gr\/sq\/wp-json\/wp\/v2\/pages\/215371\/revisions\/216762"}],"wp:featuredmedia":[{"embeddable":true,"href":"https:\/\/laserlens.gr\/sq\/wp-json\/wp\/v2\/media\/215845"}],"wp:attachment":[{"href":"https:\/\/laserlens.gr\/sq\/wp-json\/wp\/v2\/media?parent=215371"}],"curies":[{"name":"wp","href":"https:\/\/api.w.org\/{rel}","templated":true}]}}