{"id":215380,"date":"2023-01-25T12:15:57","date_gmt":"2023-01-25T10:15:57","guid":{"rendered":"https:\/\/laserlens.gr\/pakimetria-e-kornese\/"},"modified":"2023-03-10T12:40:35","modified_gmt":"2023-03-10T10:40:35","slug":"pakimetria-e-kornese","status":"publish","type":"page","link":"https:\/\/laserlens.gr\/sq\/pakimetria-e-kornese\/","title":{"rendered":"Pakimetria e kornes\u00eb"},"content":{"rendered":"<p>[et_pb_section fb_built=&#8221;1&#8243; admin_label=&#8221;About&#8221; _builder_version=&#8221;4.4.9&#8243; background_color_gradient_direction=&#8221;90deg&#8221; background_enable_image=&#8221;off&#8221; background_size=&#8221;initial&#8221; background_position=&#8221;bottom_center&#8221; background_repeat=&#8221;repeat&#8221; custom_padding=&#8221;3px||1px|||&#8221; locked=&#8221;off&#8221;][et_pb_row column_structure=&#8221;1_4,3_4&#8243; _builder_version=&#8221;4.4.9&#8243; custom_padding=&#8221;5px||4px|||&#8221;][et_pb_column type=&#8221;1_4&#8243; _builder_version=&#8221;4.4.9&#8243;][et_pb_image src=&#8221;https:\/\/laserlens.gr\/wp-content\/uploads\/2023\/01\/eye-2.png&#8221; alt=&#8221;eye 2&#8243; title_text=&#8221;eye (2)&#8221; align=&#8221;center&#8221; _builder_version=&#8221;4.4.9&#8243; width=&#8221;35%&#8221;][\/et_pb_image][\/et_pb_column][et_pb_column type=&#8221;3_4&#8243; _builder_version=&#8221;4.4.9&#8243;][et_pb_text _builder_version=&#8221;4.4.9&#8243; header_font=&#8221;Open Sans||||||||&#8221; header_text_color=&#8221;#216477&#8243; header_font_size=&#8221;32px&#8221; custom_margin=&#8221;0.5vw||||false|false&#8221; header_text_align_tablet=&#8221;center&#8221; header_text_align_phone=&#8221;&#8221; header_text_align_last_edited=&#8221;on|phone&#8221; header_font_size_tablet=&#8221;30px&#8221; header_font_size_phone=&#8221;24px&#8221; header_font_size_last_edited=&#8221;on|tablet&#8221;]<\/p>\n<h1>Pakimetria e kornes\u00eb<\/h1>\n<p>[\/et_pb_text][et_pb_divider color=&#8221;#216477&#8243; divider_weight=&#8221;1px&#8221; _builder_version=&#8221;4.4.9&#8243; width=&#8221;45%&#8221; custom_margin=&#8221;-1.5vw||||false|false&#8221; module_alignment_tablet=&#8221;center&#8221; module_alignment_phone=&#8221;&#8221; module_alignment_last_edited=&#8221;on|phone&#8221;][\/et_pb_divider][\/et_pb_column][\/et_pb_row][et_pb_row column_structure=&#8221;2_5,3_5&#8243; _builder_version=&#8221;4.5.7&#8243;][et_pb_column type=&#8221;2_5&#8243; _builder_version=&#8221;4.5.7&#8243;][et_pb_image src=&#8221;https:\/\/laserlens.gr\/wp-content\/uploads\/2023\/01\/ofthalmologiki-monada-ioannina-laserlens-paximetria-keratoeidous.jpg&#8221; alt=&#8221;ofthalmologiki monada ioannina laserlens paximetria keratoeidous&#8221; title_text=&#8221;ofthalmologiki-monada-ioannina-laserlens-paximetria-keratoeidous&#8221; align=&#8221;center&#8221; _builder_version=&#8221;4.4.9&#8243;][\/et_pb_image][\/et_pb_column][et_pb_column type=&#8221;3_5&#8243; _builder_version=&#8221;4.5.7&#8243;][et_pb_text _builder_version=&#8221;4.4.9&#8243; text_font=&#8221;Open Sans||||||||&#8221; text_text_color=&#8221;#000000&#8243; text_font_size=&#8221;16px&#8221; text_line_height=&#8221;1.8em&#8221; max_width=&#8221;700px&#8221; module_alignment=&#8221;center&#8221; custom_padding=&#8221;14px|||||&#8221; hover_enabled=&#8221;0&#8243; text_font_size_tablet=&#8221;&#8221; text_font_size_phone=&#8221;14px&#8221; text_font_size_last_edited=&#8221;on|phone&#8221; locked=&#8221;off&#8221;]<\/p>\n<p style=\"text-align: justify;\">Pakimetria e kornes\u00eb\u00ebsht\u00eb nj\u00eb ekzaminim special n\u00eb t\u00eb cilin matet trash\u00ebsia e kornes\u00eb. Pakimetri \u00ebsht\u00eb nj\u00eb mjet shum\u00eb i r\u00ebnd\u00ebsish\u00ebm dhe i domosdosh\u00ebm p\u00ebr vler\u00ebsimin e glaukom\u00ebs dhe ekzaminimin paraoperativ t\u00eb pacient\u00ebve t\u00eb caktuar p\u00ebr t\u2019iu n\u00ebnshtruar kirurgjis\u00eb refraktive.<\/p>\n<p>[\/et_pb_text][\/et_pb_column][\/et_pb_row][\/et_pb_section][et_pb_section fb_built=&#8221;1&#8243; admin_label=&#8221;Info&#8221; _builder_version=&#8221;4.4.9&#8243; use_background_color_gradient=&#8221;on&#8221; background_color_gradient_start=&#8221;#ffffff&#8221; background_color_gradient_end=&#8221;rgba(255,255,255,0.58)&#8221; background_color_gradient_direction=&#8221;90deg&#8221; background_color_gradient_overlays_image=&#8221;on&#8221; background_image=&#8221;https:\/\/laserlens.gr\/wp-content\/uploads\/2023\/01\/family-doctor-035.png&#8221; background_size=&#8221;initial&#8221; background_position=&#8221;bottom_center&#8221; background_repeat=&#8221;repeat&#8221; custom_padding=&#8221;3px|||||&#8221; locked=&#8221;off&#8221;][et_pb_row _builder_version=&#8221;4.4.9&#8243;][et_pb_column type=&#8221;4_4&#8243; _builder_version=&#8221;4.5.7&#8243;][et_pb_accordion open_toggle_text_color=&#8221;#ffffff&#8221; open_toggle_background_color=&#8221;#216477&#8243; closed_toggle_text_color=&#8221;#216477&#8243; icon_color=&#8221;#216477&#8243; use_icon_font_size=&#8221;on&#8221; icon_font_size=&#8221;20px&#8221; _builder_version=&#8221;4.4.9&#8243; toggle_text_color=&#8221;#216477&#8243; toggle_level=&#8221;h3&#8243; toggle_font=&#8221;Open Sans|600|||||||&#8221; toggle_font_size=&#8221;16px&#8221; toggle_line_height=&#8221;1.8em&#8221; closed_toggle_font=&#8221;Open Sans|600|||||||&#8221; body_font=&#8221;Open Sans||||||||&#8221; body_text_color=&#8221;#ffffff&#8221; body_font_size=&#8221;15px&#8221; body_line_height=&#8221;1.8em&#8221; custom_padding=&#8221;5px||||false|false&#8221; hover_enabled=&#8221;0&#8243; toggle_font_size_tablet=&#8221;16px&#8221; toggle_font_size_phone=&#8221;12px&#8221; toggle_font_size_last_edited=&#8221;on|phone&#8221; body_font_size_tablet=&#8221;14px&#8221; body_font_size_phone=&#8221;&#8221; body_font_size_last_edited=&#8221;on|tablet&#8221; border_radii=&#8221;on|12px|12px|12px|12px&#8221; border_width_all=&#8221;5px&#8221; border_color_all=&#8221;rgba(0,0,0,0)&#8221; border_width_all_tablet=&#8221;&#8221; border_width_all_phone=&#8221;0px&#8221; border_width_all_last_edited=&#8221;on|phone&#8221; locked=&#8221;off&#8221;][et_pb_accordion_item title=&#8221;Pakimetria dhe Glaukoma&#8221; open=&#8221;on&#8221; _builder_version=&#8221;4.4.9&#8243; hover_enabled=&#8221;0&#8243; toggle_level=&#8221;h3&#8243; toggle_font=&#8221;Open Sans|600|||||||&#8221;]<\/p>\n<p style=\"text-align: justify;\"><strong>Pakimetria<\/strong> \u00ebsht\u00eb nj\u00eb ekzaminim thelb\u00ebsor n\u00eb diagnostikimin dhe monitorimin e Glaukom\u00ebs. Matja e trash\u00ebsis\u00eb s\u00eb kornes\u00eb konsiderohet sot nj\u00eb ekzaminim i r\u00ebnd\u00ebsish\u00ebm pasi trash\u00ebsia mund t\u00eb ndikoj\u00eb n\u00eb matjen e presionit, d.m.th. p\u00ebr t\u00eb mbivler\u00ebsuar presionin n\u00eb nj\u00eb korne t\u00eb trash\u00eb ose p\u00ebr ta n\u00ebnvler\u00ebsuar at\u00eb n\u00eb nj\u00eb korne t\u00eb holl\u00eb. Si pasoj\u00eb, ne mund t\u00eb b\u00ebjm\u00eb nj\u00eb matje t\u00eb gabuar t\u00eb presionit t\u00eb syrit n\u00ebse nuk marrim parasysh trash\u00ebsin\u00eb e kornes\u00eb. Ekzaminimi kryhet me kaliper t\u00eb posa\u00e7\u00ebm elektronik ekografik dhe \u00ebsht\u00eb krejt\u00ebsisht pa dhimbje, zgjat vet\u00ebm disa sekonda. Ky ekzaminim \u00ebsht\u00eb i nevojsh\u00ebm p\u00ebr t\u00eb diagnostikuar gjendje t\u00eb tilla si <strong>glaukoma me presion normal<\/strong>.<\/p>\n<p>[\/et_pb_accordion_item][et_pb_accordion_item title=&#8221;Pakimetria dhe Kirurgjia Refraktive&#8221; _builder_version=&#8221;4.4.9&#8243; hover_enabled=&#8221;0&#8243; open=&#8221;off&#8221;]<\/p>\n<p style=\"text-align: justify;\"><img loading=\"lazy\" decoding=\"async\" src=\"https:\/\/laserlens.gr\/wp-content\/uploads\/2023\/01\/ofthalmologiki-monada-ioannina-laserlens-paximetria-keratoeidous-2-300x210.jpg\" width=\"235\" height=\"165\" alt=\"ofthalmologiki monada ioannina laserlens paximetria keratoeidous 2\" class=\"wp-image-214200 alignnone size-medium\" srcset=\"https:\/\/laserlens.gr\/wp-content\/uploads\/2023\/01\/ofthalmologiki-monada-ioannina-laserlens-paximetria-keratoeidous-2-300x210.jpg 300w, https:\/\/laserlens.gr\/wp-content\/uploads\/2023\/01\/ofthalmologiki-monada-ioannina-laserlens-paximetria-keratoeidous-2.jpg 412w\" sizes=\"(max-width: 235px) 100vw, 235px\" \/> Pakimetria si dhe topografia e kornes\u00eb jan\u00eb pika ky\u00e7e n\u00eb kirurgjin\u00eb refraktive Rezultati i pakimetris\u00eb, i kombinuar me shkall\u00ebn e gabimit t\u00eb shikimit q\u00eb duhet korrigjuar, \u00ebsht\u00eb ai q\u00eb n\u00eb thelb do t\u00eb p\u00ebrcaktoj\u00eb zgjedhjen p\u00ebrfundimtare t\u00eb teknik\u00ebs refraktive q\u00eb duhet ndjekur gjat\u00eb operacionit.<\/p>\n<p>[\/et_pb_accordion_item][\/et_pb_accordion][\/et_pb_column][\/et_pb_row][\/et_pb_section]<\/p>\n","protected":false},"excerpt":{"rendered":"<p>Pakimometria e kornes\u00eb \u00ebsht\u00eb nj\u00eb ekzaminim i ve\u00e7ant\u00eb, n\u00eb t\u00eb cilin matet trash\u00ebsia e kornes\u00eb, e cila \u00ebsht\u00eb e nevojshme n\u00eb vler\u00ebsimin e glaukom\u00ebs.<\/p>\n","protected":false},"author":1,"featured_media":215845,"parent":0,"menu_order":0,"comment_status":"closed","ping_status":"closed","template":"","meta":{"_et_pb_use_builder":"on","_et_pb_old_content":"","_et_gb_content_width":"","footnotes":""},"class_list":["post-215380","page","type-page","status-publish","has-post-thumbnail","hentry"],"_links":{"self":[{"href":"https:\/\/laserlens.gr\/sq\/wp-json\/wp\/v2\/pages\/215380"}],"collection":[{"href":"https:\/\/laserlens.gr\/sq\/wp-json\/wp\/v2\/pages"}],"about":[{"href":"https:\/\/laserlens.gr\/sq\/wp-json\/wp\/v2\/types\/page"}],"author":[{"embeddable":true,"href":"https:\/\/laserlens.gr\/sq\/wp-json\/wp\/v2\/users\/1"}],"replies":[{"embeddable":true,"href":"https:\/\/laserlens.gr\/sq\/wp-json\/wp\/v2\/comments?post=215380"}],"version-history":[{"count":6,"href":"https:\/\/laserlens.gr\/sq\/wp-json\/wp\/v2\/pages\/215380\/revisions"}],"predecessor-version":[{"id":216765,"href":"https:\/\/laserlens.gr\/sq\/wp-json\/wp\/v2\/pages\/215380\/revisions\/216765"}],"wp:featuredmedia":[{"embeddable":true,"href":"https:\/\/laserlens.gr\/sq\/wp-json\/wp\/v2\/media\/215845"}],"wp:attachment":[{"href":"https:\/\/laserlens.gr\/sq\/wp-json\/wp\/v2\/media?parent=215380"}],"curies":[{"name":"wp","href":"https:\/\/api.w.org\/{rel}","templated":true}]}}