{"id":215395,"date":"2023-01-25T12:59:26","date_gmt":"2023-01-25T10:59:26","guid":{"rendered":"https:\/\/laserlens.gr\/angiografia-fluorescein\/"},"modified":"2023-03-10T12:42:33","modified_gmt":"2023-03-10T10:42:33","slug":"angiografia-fluorescein","status":"publish","type":"page","link":"https:\/\/laserlens.gr\/sq\/angiografia-fluorescein\/","title":{"rendered":"Angiografia Fluorescein"},"content":{"rendered":"<p>[et_pb_section fb_built=&#8221;1&#8243; admin_label=&#8221;About&#8221; _builder_version=&#8221;4.4.9&#8243; background_color_gradient_direction=&#8221;90deg&#8221; background_enable_image=&#8221;off&#8221; background_size=&#8221;initial&#8221; background_position=&#8221;bottom_center&#8221; background_repeat=&#8221;repeat&#8221; custom_padding=&#8221;3px||0px|||&#8221; locked=&#8221;off&#8221;][et_pb_row column_structure=&#8221;1_4,3_4&#8243; _builder_version=&#8221;4.4.9&#8243; custom_padding=&#8221;5px||4px|||&#8221;][et_pb_column type=&#8221;1_4&#8243; _builder_version=&#8221;4.4.9&#8243;][et_pb_image src=&#8221;https:\/\/laserlens.gr\/wp-content\/uploads\/2023\/01\/eye-2.png&#8221; alt=&#8221;eye 2&#8243; title_text=&#8221;eye (2)&#8221; align=&#8221;center&#8221; _builder_version=&#8221;4.4.9&#8243; width=&#8221;35%&#8221;][\/et_pb_image][\/et_pb_column][et_pb_column type=&#8221;3_4&#8243; _builder_version=&#8221;4.4.9&#8243;][et_pb_text _builder_version=&#8221;4.4.9&#8243; header_font=&#8221;Open Sans||||||||&#8221; header_text_color=&#8221;#216477&#8243; header_font_size=&#8221;32px&#8221; custom_margin=&#8221;0.5vw||||false|false&#8221; header_text_align_tablet=&#8221;center&#8221; header_text_align_phone=&#8221;&#8221; header_text_align_last_edited=&#8221;on|phone&#8221; header_font_size_tablet=&#8221;30px&#8221; header_font_size_phone=&#8221;24px&#8221; header_font_size_last_edited=&#8221;on|phone&#8221;]<\/p>\n<h1>Angiografia Fluorescein<\/h1>\n<p>[\/et_pb_text][et_pb_divider color=&#8221;#216477&#8243; divider_weight=&#8221;1px&#8221; _builder_version=&#8221;4.4.9&#8243; width=&#8221;40%&#8221; custom_margin=&#8221;-1.5vw||||false|false&#8221; module_alignment_tablet=&#8221;center&#8221; module_alignment_phone=&#8221;center&#8221; module_alignment_last_edited=&#8221;on|phone&#8221;][\/et_pb_divider][\/et_pb_column][\/et_pb_row][et_pb_row column_structure=&#8221;2_5,3_5&#8243; _builder_version=&#8221;4.5.7&#8243;][et_pb_column type=&#8221;2_5&#8243; _builder_version=&#8221;4.5.7&#8243;][et_pb_image src=&#8221;https:\/\/laserlens.gr\/wp-content\/uploads\/2023\/01\/ofthalmologiki-monada-ioannina-laserlens-flouoroaggeiografia.jpg&#8221; alt=&#8221;ofthalmologiki monada ioannina laserlens flouoroaggeiografia&#8221; title_text=&#8221;ofthalmologiki-monada-ioannina-laserlens-flouoroaggeiografia&#8221; align=&#8221;center&#8221; _builder_version=&#8221;4.4.9&#8243;][\/et_pb_image][\/et_pb_column][et_pb_column type=&#8221;3_5&#8243; _builder_version=&#8221;4.5.7&#8243;][et_pb_text _builder_version=&#8221;4.4.9&#8243; text_font=&#8221;Open Sans||||||||&#8221; text_text_color=&#8221;#000000&#8243; text_font_size=&#8221;16px&#8221; text_line_height=&#8221;1.8em&#8221; max_width=&#8221;700px&#8221; module_alignment=&#8221;center&#8221; hover_enabled=&#8221;0&#8243; text_font_size_tablet=&#8221;&#8221; text_font_size_phone=&#8221;14px&#8221; text_font_size_last_edited=&#8221;on|phone&#8221; locked=&#8221;off&#8221;]<\/p>\n<p style=\"text-align: justify;\">P\u00ebr t\u00eb ekzaminuar me kujdes retin\u00ebn (vendosjen e ndjeshme ndaj drit\u00ebs n\u00eb pjes\u00ebn e pasme t\u00eb syrit) dhe koroidin (en\u00ebt n\u00ebn retin\u00eb), mjeku juaj i syrit p\u00ebrdor nj\u00eb teknik\u00eb diagnostikuese t\u00eb quajtur angiografi.<\/p>\n<p>[\/et_pb_text][\/et_pb_column][\/et_pb_row][et_pb_row _builder_version=&#8221;4.4.9&#8243;][et_pb_column type=&#8221;4_4&#8243; _builder_version=&#8221;4.5.7&#8243;][et_pb_text _builder_version=&#8221;4.4.9&#8243; text_font=&#8221;Open Sans||||||||&#8221; text_text_color=&#8221;#000000&#8243; text_font_size=&#8221;16px&#8221; text_line_height=&#8221;1.8em&#8221; header_2_font=&#8221;Open Sans||||||||&#8221; header_2_font_size=&#8221;17px&#8221; module_alignment=&#8221;center&#8221; hover_enabled=&#8221;0&#8243; text_font_size_tablet=&#8221;&#8221; text_font_size_phone=&#8221;14px&#8221; text_font_size_last_edited=&#8221;on|phone&#8221; locked=&#8221;off&#8221;]<\/p>\n<h2 style=\"text-align: justify;\"><strong><span style=\"color: #216477;\">\u00c7far\u00eb \u00ebsht\u00eb angiografia me fluorescein<\/span><\/strong><\/h2>\n<p style=\"text-align: justify;\">Fluoroangiografia \u00ebsht\u00eb nj\u00eb metod\u00eb diagnostike e mir\u00ebp\u00ebrcaktuar p\u00ebr s\u00ebmundjet e pjes\u00ebs s\u00eb pasme t\u00eb syrit, konkretisht \u00ebsht\u00eb nj\u00eb metod\u00eb imazherike-diagnostike q\u00eb p\u00ebrdoret p\u00ebr ekzaminimin e retin\u00ebs, en\u00ebve t\u00eb syrit dhe nervit optik. P\u00ebr ta b\u00ebr\u00eb k\u00ebt\u00eb, \u00ebsht\u00eb i nevojsh\u00ebm administrimi intravenoz i nj\u00eb ngjyre t\u00eb ve\u00e7ant\u00eb (si nj\u00eb agjent kontrasti), i quajtur fluorescein. Ky pigment e nis udh\u00ebtimin e tij nga en\u00ebt e trupit t\u00eb njeriut dhe arrin n\u00eb en\u00ebt e syrit t\u00eb s\u00ebmur\u00eb dhe i konturon ato. Koha e qarkullimit t\u00eb fluorescein\u00ebs nga marrja e saj deri n\u00eb shfaqjen e saj n\u00eb fund varion nga 5 deri n\u00eb 30 sekonda dhe varet nga rrahjet e zemr\u00ebs s\u00eb pacientit dhe nga gjendja e en\u00ebve t\u00eb tij.N\u00eb situata normale, boja qarkullon vet\u00ebm brenda en\u00ebve. N\u00eb gjendje patologjike ekstravazohet. N\u00eb at\u00eb moment fotot merren vazhdimisht (kamera e poshtme). N\u00eb k\u00ebt\u00eb m\u00ebnyr\u00eb kontrollohet kalueshm\u00ebria e en\u00ebve, shpejt\u00ebsia e rrjedhjes s\u00eb gjakut, evidentohen \u00e7do rrjedhje dhe zbulohen en\u00ebt patologjike. Mund t\u00eb diagnostikohen s\u00ebmundje t\u00eb tilla si retinopatia diabetike, degjenerimi makular i lidhur me mosh\u00ebn, s\u00ebmundje t\u00eb ndryshme vaskulare dhe neurologjike t\u00eb retin\u00ebs.<\/p>\n<p>[\/et_pb_text][\/et_pb_column][\/et_pb_row][\/et_pb_section][et_pb_section fb_built=&#8221;1&#8243; admin_label=&#8221;Info&#8221; _builder_version=&#8221;4.4.9&#8243; use_background_color_gradient=&#8221;on&#8221; background_color_gradient_start=&#8221;#ffffff&#8221; background_color_gradient_end=&#8221;rgba(255,255,255,0.58)&#8221; background_color_gradient_direction=&#8221;90deg&#8221; background_color_gradient_overlays_image=&#8221;on&#8221; background_image=&#8221;https:\/\/laserlens.gr\/wp-content\/uploads\/2023\/01\/family-doctor-035.png&#8221; background_size=&#8221;initial&#8221; background_position=&#8221;bottom_center&#8221; background_repeat=&#8221;repeat&#8221; custom_padding=&#8221;3px|||||&#8221; locked=&#8221;off&#8221;][et_pb_row _builder_version=&#8221;4.4.9&#8243;][et_pb_column type=&#8221;4_4&#8243; _builder_version=&#8221;4.5.7&#8243;][et_pb_accordion open_toggle_text_color=&#8221;#ffffff&#8221; open_toggle_background_color=&#8221;#216477&#8243; closed_toggle_text_color=&#8221;#216477&#8243; icon_color=&#8221;#216477&#8243; use_icon_font_size=&#8221;on&#8221; icon_font_size=&#8221;20px&#8221; _builder_version=&#8221;4.4.9&#8243; toggle_text_color=&#8221;#216477&#8243; toggle_level=&#8221;h3&#8243; toggle_font=&#8221;Open Sans|600|||||||&#8221; toggle_font_size=&#8221;16px&#8221; toggle_line_height=&#8221;1.8em&#8221; closed_toggle_font=&#8221;Open Sans|600|||||||&#8221; body_font=&#8221;Open Sans||||||||&#8221; body_text_color=&#8221;#ffffff&#8221; body_font_size=&#8221;15px&#8221; body_line_height=&#8221;1.8em&#8221; custom_padding=&#8221;5px||||false|false&#8221; hover_enabled=&#8221;0&#8243; toggle_font_size_tablet=&#8221;16px&#8221; toggle_font_size_phone=&#8221;12px&#8221; toggle_font_size_last_edited=&#8221;on|phone&#8221; body_font_size_tablet=&#8221;14px&#8221; body_font_size_phone=&#8221;&#8221; body_font_size_last_edited=&#8221;on|tablet&#8221; border_radii=&#8221;on|12px|12px|12px|12px&#8221; border_width_all=&#8221;5px&#8221; border_color_all=&#8221;rgba(0,0,0,0)&#8221; border_width_all_tablet=&#8221;&#8221; border_width_all_phone=&#8221;0px&#8221; border_width_all_last_edited=&#8221;on|phone&#8221; locked=&#8221;off&#8221;][et_pb_accordion_item title=&#8221;\u00c7far\u00eb \u00ebsht\u00eb Fluoroangiografia Dixhitale&#8221; open=&#8221;on&#8221; _builder_version=&#8221;4.4.9&#8243; hover_enabled=&#8221;0&#8243; toggle_level=&#8221;h3&#8243; toggle_font=&#8221;Open Sans|600|||||||&#8221;]<\/p>\n<p style=\"text-align: justify;\">Kompjuter\u00ebt sot na lejojn\u00eb t\u00eb b\u00ebjm\u00eb nj\u00eb analiz\u00eb dixhitale t\u00eb ekzaminimit dhe k\u00ebshtu n\u00eb vend t\u00eb kamer\u00ebs dhe filmit special kemi makineri m\u00eb t\u00eb sofistikuara regjistrimi dhe imazherie, nj\u00eb kompjuter dhe nj\u00eb printer p\u00ebr printimin e menj\u00ebhersh\u00ebm t\u00eb fotografive. Avantazhi \u00ebsht\u00eb se nuk presim m\u00eb shfaqjen e filmit, kemi nj\u00eb analiz\u00eb t\u00eb menj\u00ebhershme dhe m\u00eb t\u00eb mir\u00eb t\u00eb imazhit dhe rrjedhimisht t\u00eb d\u00ebmtimit dhe mund t\u00eb nd\u00ebrhyjm\u00eb me laser n\u00ebse \u00ebsht\u00eb e nevojshme.<\/p>\n<p>[\/et_pb_accordion_item][et_pb_accordion_item title=&#8221;Si eshte e mundur&#8221; _builder_version=&#8221;4.4.9&#8243; hover_enabled=&#8221;0&#8243; open=&#8221;off&#8221;]<\/p>\n<p style=\"text-align: justify;\">Fillimisht, pikat e syrit futen p\u00ebr t\u00eb hapur beb\u00ebz\u00ebn e syrit (mydriasis). Zgjerimi i beb\u00ebz\u00ebs b\u00ebhet pas 15-30 minutash. M\u00eb pas vendoset nj\u00eb kateter venoz n\u00eb krahun e pacientit dhe boja injektohet. N\u00eb t\u00eb nj\u00ebjt\u00ebn koh\u00eb, fotot merren vazhdimisht p\u00ebr rreth 5-8 minuta.<\/p>\n<p>[\/et_pb_accordion_item][et_pb_accordion_item title=&#8221;Kur e do provimin&#8221; _builder_version=&#8221;4.4.9&#8243; hover_enabled=&#8221;0&#8243; open=&#8221;off&#8221;]<\/p>\n<p style=\"text-align: justify;\">B\u00ebhet kur dyshohet p\u00ebr nj\u00eb gjendje t\u00eb retin\u00ebs gjat\u00eb nj\u00eb ekzaminimi t\u00eb syrit. Ky ekzaminim k\u00ebrkohet edhe kur duam t\u00eb monitorojm\u00eb ecurin\u00eb e nj\u00eb s\u00ebmundjeje ose efektin e nj\u00eb trajtimi. Q\u00ebllimi \u00ebsht\u00eb njohja e shkall\u00ebs s\u00eb d\u00ebmtimit dhe ekzistenca ose jo e en\u00ebve t\u00eb reja patologjike p\u00ebr t\u00eb kryer ose jo trajtimin me laser. Pacienti q\u00eb do t\u00eb testohet do t\u00eb ket\u00eb nj\u00eb nuanc\u00eb t\u00eb verdh\u00eb n\u00eb l\u00ebkur\u00ebn e tyre nga boja dhe urina e tyre do t\u00eb jet\u00eb m\u00eb e err\u00ebt p\u00ebr 24 or\u00ebt e ardhshme. Kjo \u00ebsht\u00eb di\u00e7ka q\u00eb konsiderohet normale dhe nuk duhet t\u00eb shqet\u00ebsoj\u00eb t\u00eb ekzaminuarin. Zhurma e leht\u00eb kalimtare e stomakut, n\u00eb raste t\u00eb rralla, jan\u00eb v\u00ebrejtur reaksione alergjike ndaj boj\u00ebs dhe akoma m\u00eb rrall\u00eb tendenca p\u00ebr t\u00eb fik\u00ebt. \u00cbsht\u00eb kund\u00ebrindikuar p\u00ebr personat q\u00eb vuajn\u00eb nga s\u00ebmundjet e veshkave, s\u00ebmundjet e r\u00ebnda t\u00eb zemr\u00ebs, s\u00ebmundjet e m\u00ebl\u00e7is\u00eb, personat me alergji ndaj kontrasteve etj. Ajo q\u00eb duhet t\u00eb dim\u00eb \u00ebsht\u00eb se fluorangiografia \u00ebsht\u00eb nj\u00eb ekzaminim shum\u00eb i zakonsh\u00ebm, nd\u00ebrsa nd\u00ebrlikimet jan\u00eb t\u00eb rralla.<\/p>\n<p style=\"text-align: justify;\">\u00c7far\u00eb nevojitet para provimit<\/p>\n<p>[\/et_pb_accordion_item][et_pb_accordion_item title=&#8221;\u00c7far\u00eb nevojitet para provimit&#8221; _builder_version=&#8221;4.4.9&#8243; hover_enabled=&#8221;0&#8243; open=&#8221;off&#8221;]<\/p>\n<ul>\n<li style=\"text-align: justify;\">Agj\u00ebroni p\u00ebr t\u00eb pakt\u00ebn 6 or\u00eb para testit.<\/li>\n<li style=\"text-align: justify;\">Pilulat tuaja duhet t\u00eb merren si zakonisht me pak uj\u00eb.<\/li>\n<li style=\"text-align: justify;\">B\u00ebni analizat e fundit: ure, kreatinin\u00eb, glukoz\u00eb, hemoglobin\u00eb t\u00eb glikuar.<\/li>\n<li style=\"text-align: justify;\">Para ekzaminimit informoni n\u00ebse dhe ndaj cilave barna jeni alergjik<\/li>\n<li style=\"text-align: justify;\">Dhe nga cilat s\u00ebmundje t\u00eb tjera vuani (artriti, s\u00ebmundjet e veshkave, hipertensioni, diabeti) et j.<\/li>\n<\/ul>\n<p>[\/et_pb_accordion_item][\/et_pb_accordion][\/et_pb_column][\/et_pb_row][\/et_pb_section]<\/p>\n","protected":false},"excerpt":{"rendered":"<p>Angiografia Fluorescein \u00ebsht\u00eb nj\u00eb metod\u00eb imazherike-diagnostike q\u00eb p\u00ebrdoret p\u00ebr ekzaminimin e retin\u00ebs dhe nervit optik. <\/p>\n","protected":false},"author":1,"featured_media":215845,"parent":0,"menu_order":0,"comment_status":"closed","ping_status":"closed","template":"","meta":{"_et_pb_use_builder":"on","_et_pb_old_content":"","_et_gb_content_width":"","footnotes":""},"class_list":["post-215395","page","type-page","status-publish","has-post-thumbnail","hentry"],"_links":{"self":[{"href":"https:\/\/laserlens.gr\/sq\/wp-json\/wp\/v2\/pages\/215395"}],"collection":[{"href":"https:\/\/laserlens.gr\/sq\/wp-json\/wp\/v2\/pages"}],"about":[{"href":"https:\/\/laserlens.gr\/sq\/wp-json\/wp\/v2\/types\/page"}],"author":[{"embeddable":true,"href":"https:\/\/laserlens.gr\/sq\/wp-json\/wp\/v2\/users\/1"}],"replies":[{"embeddable":true,"href":"https:\/\/laserlens.gr\/sq\/wp-json\/wp\/v2\/comments?post=215395"}],"version-history":[{"count":8,"href":"https:\/\/laserlens.gr\/sq\/wp-json\/wp\/v2\/pages\/215395\/revisions"}],"predecessor-version":[{"id":216770,"href":"https:\/\/laserlens.gr\/sq\/wp-json\/wp\/v2\/pages\/215395\/revisions\/216770"}],"wp:featuredmedia":[{"embeddable":true,"href":"https:\/\/laserlens.gr\/sq\/wp-json\/wp\/v2\/media\/215845"}],"wp:attachment":[{"href":"https:\/\/laserlens.gr\/sq\/wp-json\/wp\/v2\/media?parent=215395"}],"curies":[{"name":"wp","href":"https:\/\/api.w.org\/{rel}","templated":true}]}}