{"id":215527,"date":"2023-01-25T14:42:46","date_gmt":"2023-01-25T12:42:46","guid":{"rendered":"https:\/\/laserlens.gr\/strabizmi\/"},"modified":"2023-03-10T12:50:05","modified_gmt":"2023-03-10T10:50:05","slug":"strabizmi","status":"publish","type":"page","link":"https:\/\/laserlens.gr\/sq\/strabizmi\/","title":{"rendered":"Strabizmi"},"content":{"rendered":"<p>[et_pb_section fb_built=&#8221;1&#8243; admin_label=&#8221;About&#8221; _builder_version=&#8221;4.4.9&#8243; background_color_gradient_direction=&#8221;90deg&#8221; background_enable_image=&#8221;off&#8221; background_size=&#8221;initial&#8221; background_position=&#8221;bottom_center&#8221; background_repeat=&#8221;repeat&#8221; custom_padding=&#8221;3px||3px|||&#8221; locked=&#8221;off&#8221;][et_pb_row column_structure=&#8221;1_4,3_4&#8243; _builder_version=&#8221;4.4.9&#8243; custom_padding=&#8221;5px||4px|||&#8221;][et_pb_column type=&#8221;1_4&#8243; _builder_version=&#8221;4.4.9&#8243;][et_pb_image src=&#8221;https:\/\/laserlens.gr\/wp-content\/uploads\/2023\/01\/vision-1.png&#8221; alt=&#8221;vision 1&#8243; title_text=&#8221;vision (1)&#8221; align=&#8221;center&#8221; _builder_version=&#8221;4.4.9&#8243; width=&#8221;35%&#8221;][\/et_pb_image][\/et_pb_column][et_pb_column type=&#8221;3_4&#8243; _builder_version=&#8221;4.4.9&#8243;][et_pb_text _builder_version=&#8221;4.4.9&#8243; header_font=&#8221;Open Sans||||||||&#8221; header_text_color=&#8221;#216477&#8243; header_font_size=&#8221;32px&#8221; custom_margin=&#8221;0.5vw||||false|false&#8221; header_text_align_tablet=&#8221;center&#8221; header_text_align_phone=&#8221;&#8221; header_text_align_last_edited=&#8221;on|phone&#8221; header_font_size_tablet=&#8221;30px&#8221; header_font_size_phone=&#8221;24px&#8221; header_font_size_last_edited=&#8221;on|phone&#8221;]<\/p>\n<h1>Strabizmi<\/h1>\n<p>[\/et_pb_text][et_pb_divider color=&#8221;#216477&#8243; divider_weight=&#8221;1px&#8221; _builder_version=&#8221;4.4.9&#8243; width=&#8221;22%&#8221; custom_margin=&#8221;-1.5vw||||false|false&#8221; module_alignment_tablet=&#8221;center&#8221; module_alignment_phone=&#8221;center&#8221; module_alignment_last_edited=&#8221;on|phone&#8221;][\/et_pb_divider][\/et_pb_column][\/et_pb_row][et_pb_row column_structure=&#8221;2_5,3_5&#8243; _builder_version=&#8221;4.5.7&#8243;][et_pb_column type=&#8221;2_5&#8243; _builder_version=&#8221;4.5.7&#8243;][et_pb_image src=&#8221;https:\/\/laserlens.gr\/wp-content\/uploads\/2023\/01\/ofthalmologiki-monada-ioannina-laserlens-stravismos.jpg&#8221; alt=&#8221;ofthalmologiki monada ioannina laserlens stravismos&#8221; title_text=&#8221;ofthalmologiki-monada-ioannina-laserlens-stravismos&#8221; align=&#8221;center&#8221; _builder_version=&#8221;4.4.9&#8243;][\/et_pb_image][\/et_pb_column][et_pb_column type=&#8221;3_5&#8243; _builder_version=&#8221;4.5.7&#8243;][et_pb_text _builder_version=&#8221;4.4.9&#8243; text_font=&#8221;Open Sans||||||||&#8221; text_text_color=&#8221;#000000&#8243; text_font_size=&#8221;16px&#8221; text_line_height=&#8221;1.8em&#8221; max_width=&#8221;700px&#8221; module_alignment=&#8221;center&#8221; hover_enabled=&#8221;0&#8243; text_font_size_tablet=&#8221;&#8221; text_font_size_phone=&#8221;14px&#8221; text_font_size_last_edited=&#8221;on|phone&#8221; locked=&#8221;off&#8221;]<\/p>\n<p style=\"text-align: justify;\">Strabizmi ndodh kur syt\u00eb nuk mund t\u00eb fokusojn\u00eb boshtet e shikimit n\u00eb t\u00eb nj\u00ebjt\u00ebn pik\u00eb n\u00eb t\u00eb nj\u00ebjt\u00ebn koh\u00eb dhe v\u00ebrehen:<\/p>\n<ul>\n<li style=\"text-align: justify;\">Syt\u00eb q\u00eb nuk l\u00ebvizin s\u00eb bashku.<\/li>\n<li style=\"text-align: justify;\">Njolla asimetrike verbuese n\u00eb secilin sy.<\/li>\n<li style=\"text-align: justify;\">Koka anohet n\u00eb nj\u00ebr\u00ebn an\u00eb.<\/li>\n<li style=\"text-align: justify;\">Ndryshim vet\u00ebm me nj\u00eb sy.<\/li>\n<\/ul>\n<p>[\/et_pb_text][\/et_pb_column][\/et_pb_row][\/et_pb_section][et_pb_section fb_built=&#8221;1&#8243; admin_label=&#8221;Info&#8221; _builder_version=&#8221;4.4.9&#8243; use_background_color_gradient=&#8221;on&#8221; background_color_gradient_start=&#8221;#ffffff&#8221; background_color_gradient_end=&#8221;rgba(255,255,255,0.58)&#8221; background_color_gradient_direction=&#8221;90deg&#8221; background_color_gradient_overlays_image=&#8221;on&#8221; background_image=&#8221;https:\/\/laserlens.gr\/wp-content\/uploads\/2023\/01\/family-doctor-035.png&#8221; background_size=&#8221;initial&#8221; background_position=&#8221;bottom_center&#8221; background_repeat=&#8221;repeat&#8221; custom_padding=&#8221;3px|||||&#8221; locked=&#8221;off&#8221;][et_pb_row _builder_version=&#8221;4.4.9&#8243;][et_pb_column type=&#8221;4_4&#8243; _builder_version=&#8221;4.5.7&#8243;][et_pb_accordion open_toggle_text_color=&#8221;#ffffff&#8221; open_toggle_background_color=&#8221;#216477&#8243; closed_toggle_text_color=&#8221;#216477&#8243; icon_color=&#8221;#216477&#8243; use_icon_font_size=&#8221;on&#8221; icon_font_size=&#8221;20px&#8221; _builder_version=&#8221;4.4.9&#8243; toggle_text_color=&#8221;#216477&#8243; toggle_level=&#8221;h3&#8243; toggle_font=&#8221;Open Sans|600|||||||&#8221; toggle_font_size=&#8221;16px&#8221; toggle_line_height=&#8221;1.8em&#8221; closed_toggle_font=&#8221;Open Sans|600|||||||&#8221; body_font=&#8221;Open Sans||||||||&#8221; body_text_color=&#8221;#ffffff&#8221; body_font_size=&#8221;15px&#8221; body_line_height=&#8221;1.8em&#8221; custom_padding=&#8221;5px||||false|false&#8221; hover_enabled=&#8221;0&#8243; toggle_font_size_tablet=&#8221;16px&#8221; toggle_font_size_phone=&#8221;12px&#8221; toggle_font_size_last_edited=&#8221;on|phone&#8221; body_font_size_tablet=&#8221;14px&#8221; body_font_size_phone=&#8221;&#8221; body_font_size_last_edited=&#8221;on|tablet&#8221; border_radii=&#8221;on|12px|12px|12px|12px&#8221; border_width_all=&#8221;5px&#8221; border_color_all=&#8221;rgba(0,0,0,0)&#8221; border_width_all_tablet=&#8221;&#8221; border_width_all_phone=&#8221;0px&#8221; border_width_all_last_edited=&#8221;on|phone&#8221; locked=&#8221;off&#8221;][et_pb_accordion_item title=&#8221;Shkaqet e Strabizmit&#8221; open=&#8221;on&#8221; _builder_version=&#8221;4.4.9&#8243; toggle_level=&#8221;h3&#8243; toggle_font=&#8221;Open Sans|600|||||||&#8221;]<\/p>\n<p>Shkaqet e strabizmit mund t\u00eb jen\u00eb:<\/p>\n<ul>\n<li> E trash\u00ebgueshme<\/li>\n<li> Largpam\u00ebsia<\/li>\n<li> Nj\u00eb d\u00ebmtim i r\u00ebnd\u00eb n\u00eb kok\u00eb <\/li>\n<li> S\u00ebmundjet sistemike (tiroide, miastenia, etj.)<\/li>\n<li> Strabizmi paralitik etj.<\/li>\n<\/ul>\n<p>[\/et_pb_accordion_item][et_pb_accordion_item title=&#8221;Diagnoza e Strabizmit&#8221; _builder_version=&#8221;4.4.9&#8243; hover_enabled=&#8221;0&#8243; open=&#8221;off&#8221;]<\/p>\n<p style=\"text-align: justify;\">Strabizmi ndahet n\u00eb disa n\u00ebnkategori dhe devijimi mund t\u00eb jet\u00eb drejt: strabizmit t\u00eb brendsh\u00ebm, t\u00eb jasht\u00ebm, lart ose ciklostrofik. Diagnoza zakonisht vendoset n\u00ebp\u00ebrmjet nj\u00eb ekzaminimi okulistik t\u00eb kryer nga nj\u00eb okulist specialist. Mjeku do t\u00eb identifikoj\u00eb shkakun e sakt\u00eb.<\/p>\n<p>[\/et_pb_accordion_item][\/et_pb_accordion][\/et_pb_column][\/et_pb_row][\/et_pb_section]<\/p>\n","protected":false},"excerpt":{"rendered":"<p>Strabizmi shfaqet kur syt\u00eb nuk mund t\u00eb fokusohen n\u00eb t\u00eb nj\u00ebjt\u00ebn pik\u00eb n\u00eb t\u00eb nj\u00ebjt\u00ebn koh\u00eb dhe ka devijime t\u00eb ndryshme.<\/p>\n","protected":false},"author":1,"featured_media":215845,"parent":0,"menu_order":0,"comment_status":"closed","ping_status":"closed","template":"","meta":{"_et_pb_use_builder":"on","_et_pb_old_content":"","_et_gb_content_width":"","footnotes":""},"class_list":["post-215527","page","type-page","status-publish","has-post-thumbnail","hentry"],"_links":{"self":[{"href":"https:\/\/laserlens.gr\/sq\/wp-json\/wp\/v2\/pages\/215527"}],"collection":[{"href":"https:\/\/laserlens.gr\/sq\/wp-json\/wp\/v2\/pages"}],"about":[{"href":"https:\/\/laserlens.gr\/sq\/wp-json\/wp\/v2\/types\/page"}],"author":[{"embeddable":true,"href":"https:\/\/laserlens.gr\/sq\/wp-json\/wp\/v2\/users\/1"}],"replies":[{"embeddable":true,"href":"https:\/\/laserlens.gr\/sq\/wp-json\/wp\/v2\/comments?post=215527"}],"version-history":[{"count":9,"href":"https:\/\/laserlens.gr\/sq\/wp-json\/wp\/v2\/pages\/215527\/revisions"}],"predecessor-version":[{"id":216788,"href":"https:\/\/laserlens.gr\/sq\/wp-json\/wp\/v2\/pages\/215527\/revisions\/216788"}],"wp:featuredmedia":[{"embeddable":true,"href":"https:\/\/laserlens.gr\/sq\/wp-json\/wp\/v2\/media\/215845"}],"wp:attachment":[{"href":"https:\/\/laserlens.gr\/sq\/wp-json\/wp\/v2\/media?parent=215527"}],"curies":[{"name":"wp","href":"https:\/\/api.w.org\/{rel}","templated":true}]}}