{"id":215551,"date":"2023-01-25T15:53:14","date_gmt":"2023-01-25T13:53:14","guid":{"rendered":"https:\/\/laserlens.gr\/blefariti\/"},"modified":"2023-03-10T12:53:08","modified_gmt":"2023-03-10T10:53:08","slug":"blefariti","status":"publish","type":"page","link":"https:\/\/laserlens.gr\/sq\/blefariti\/","title":{"rendered":"Blefariti"},"content":{"rendered":"<p>[et_pb_section fb_built=&#8221;1&#8243; admin_label=&#8221;About&#8221; _builder_version=&#8221;4.4.9&#8243; background_color_gradient_direction=&#8221;90deg&#8221; background_enable_image=&#8221;off&#8221; background_size=&#8221;initial&#8221; background_position=&#8221;bottom_center&#8221; background_repeat=&#8221;repeat&#8221; custom_padding=&#8221;3px||3px|||&#8221; locked=&#8221;off&#8221;][et_pb_row column_structure=&#8221;1_4,3_4&#8243; _builder_version=&#8221;4.4.9&#8243; custom_padding=&#8221;5px||4px|||&#8221;][et_pb_column type=&#8221;1_4&#8243; _builder_version=&#8221;4.4.9&#8243;][et_pb_image src=&#8221;https:\/\/laserlens.gr\/wp-content\/uploads\/2023\/01\/vision-1.png&#8221; alt=&#8221;vision 1&#8243; title_text=&#8221;vision (1)&#8221; align=&#8221;center&#8221; _builder_version=&#8221;4.4.9&#8243; width=&#8221;35%&#8221;][\/et_pb_image][\/et_pb_column][et_pb_column type=&#8221;3_4&#8243; _builder_version=&#8221;4.4.9&#8243;][et_pb_text _builder_version=&#8221;4.4.9&#8243; header_font=&#8221;Open Sans||||||||&#8221; header_text_color=&#8221;#216477&#8243; header_font_size=&#8221;32px&#8221; custom_margin=&#8221;0.5vw||||false|false&#8221; header_text_align_tablet=&#8221;center&#8221; header_text_align_phone=&#8221;center&#8221; header_text_align_last_edited=&#8221;on|phone&#8221; header_font_size_tablet=&#8221;30px&#8221; header_font_size_phone=&#8221;24px&#8221; header_font_size_last_edited=&#8221;on|phone&#8221;]<\/p>\n<h1>Blefariti<\/h1>\n<p>[\/et_pb_text][et_pb_divider color=&#8221;#216477&#8243; divider_weight=&#8221;1px&#8221; _builder_version=&#8221;4.4.9&#8243; width=&#8221;22%&#8221; custom_margin=&#8221;-1.5vw||||false|false&#8221; module_alignment_tablet=&#8221;center&#8221; module_alignment_phone=&#8221;center&#8221; module_alignment_last_edited=&#8221;on|phone&#8221;][\/et_pb_divider][\/et_pb_column][\/et_pb_row][et_pb_row column_structure=&#8221;2_5,3_5&#8243; _builder_version=&#8221;4.5.7&#8243;][et_pb_column type=&#8221;2_5&#8243; _builder_version=&#8221;4.5.7&#8243;][et_pb_image src=&#8221;https:\/\/laserlens.gr\/wp-content\/uploads\/2023\/01\/ofthalmologiki-monada-ioannina-laserlens-vlefaritida.jpg&#8221; alt=&#8221;ofthalmologiki monada ioannina laserlens vlefaritida&#8221; title_text=&#8221;ofthalmologiki-monada-ioannina-laserlens-vlefaritida&#8221; align=&#8221;center&#8221; _builder_version=&#8221;4.4.9&#8243;][\/et_pb_image][\/et_pb_column][et_pb_column type=&#8221;3_5&#8243; _builder_version=&#8221;4.5.7&#8243;][et_pb_text _builder_version=&#8221;4.4.9&#8243; text_font=&#8221;Open Sans||||||||&#8221; text_text_color=&#8221;#000000&#8243; text_font_size=&#8221;16px&#8221; text_line_height=&#8221;1.8em&#8221; max_width=&#8221;700px&#8221; module_alignment=&#8221;center&#8221; hover_enabled=&#8221;0&#8243; text_font_size_tablet=&#8221;&#8221; text_font_size_phone=&#8221;14px&#8221; text_font_size_last_edited=&#8221;on|phone&#8221; locked=&#8221;off&#8221;]<\/p>\n<p style=\"text-align: justify;\">Inflamacioni i qepallave, ose blefariti, \u00ebsht\u00eb nj\u00eb \u00e7rregullim i zakonsh\u00ebm n\u00eb t\u00eb cilin qepallat b\u00ebhen t\u00eb kuqe, t\u00eb p\u00ebrflakur dhe kan\u00eb nj\u00eb grumbullim t\u00eb sekrecioneve t\u00eb forta (chickulas) rreth skajeve t\u00eb tyre. P\u00ebr fat t\u00eb mir\u00eb, nuk \u00ebsht\u00eb k\u00ebrc\u00ebnuese p\u00ebr pamjen, megjith\u00ebse \u00ebsht\u00eb e pak\u00ebndshme dhe, nganj\u00ebher\u00eb, e sh\u00ebmtuar. Blefariti \u00ebsht\u00eb nj\u00eb inflamacion i zakonsh\u00ebm dhe i vazhduesh\u00ebm i qepallave dhe shpesh shfaqet tek njer\u00ebzit me l\u00ebkur\u00eb t\u00eb yndyrshme, zbokth ose sy t\u00eb that\u00eb.<\/p>\n<p>[\/et_pb_text][\/et_pb_column][\/et_pb_row][\/et_pb_section][et_pb_section fb_built=&#8221;1&#8243; admin_label=&#8221;Info&#8221; _builder_version=&#8221;4.4.9&#8243; use_background_color_gradient=&#8221;on&#8221; background_color_gradient_start=&#8221;#ffffff&#8221; background_color_gradient_end=&#8221;rgba(255,255,255,0.58)&#8221; background_color_gradient_direction=&#8221;90deg&#8221; background_color_gradient_overlays_image=&#8221;on&#8221; background_image=&#8221;https:\/\/laserlens.gr\/wp-content\/uploads\/2023\/01\/family-doctor-035.png&#8221; background_size=&#8221;initial&#8221; background_position=&#8221;bottom_center&#8221; background_repeat=&#8221;repeat&#8221; custom_padding=&#8221;3px|||||&#8221; locked=&#8221;off&#8221;][et_pb_row _builder_version=&#8221;4.4.9&#8243;][et_pb_column type=&#8221;4_4&#8243; _builder_version=&#8221;4.5.7&#8243;][et_pb_accordion open_toggle_text_color=&#8221;#ffffff&#8221; open_toggle_background_color=&#8221;#216477&#8243; closed_toggle_text_color=&#8221;#216477&#8243; icon_color=&#8221;#216477&#8243; use_icon_font_size=&#8221;on&#8221; icon_font_size=&#8221;20px&#8221; _builder_version=&#8221;4.4.9&#8243; toggle_text_color=&#8221;#216477&#8243; toggle_level=&#8221;h3&#8243; toggle_font=&#8221;Open Sans|600|||||||&#8221; toggle_font_size=&#8221;16px&#8221; toggle_line_height=&#8221;1.8em&#8221; closed_toggle_font=&#8221;Open Sans|600|||||||&#8221; body_font=&#8221;Open Sans||||||||&#8221; body_text_color=&#8221;#ffffff&#8221; body_font_size=&#8221;15px&#8221; body_line_height=&#8221;1.8em&#8221; custom_padding=&#8221;5px||||false|false&#8221; hover_enabled=&#8221;0&#8243; toggle_font_size_tablet=&#8221;16px&#8221; toggle_font_size_phone=&#8221;12px&#8221; toggle_font_size_last_edited=&#8221;on|phone&#8221; body_font_size_tablet=&#8221;14px&#8221; body_font_size_phone=&#8221;&#8221; body_font_size_last_edited=&#8221;on|tablet&#8221; border_radii=&#8221;on|12px|12px|12px|12px&#8221; border_width_all=&#8221;5px&#8221; border_color_all=&#8221;rgba(0,0,0,0)&#8221; border_width_all_tablet=&#8221;&#8221; border_width_all_phone=&#8221;0px&#8221; border_width_all_last_edited=&#8221;on|phone&#8221; locked=&#8221;off&#8221;][et_pb_accordion_item title=&#8221;Simptomat&#8221; open=&#8221;on&#8221; _builder_version=&#8221;4.4.9&#8243; hover_enabled=&#8221;0&#8243; toggle_level=&#8221;h3&#8243; toggle_font=&#8221;Open Sans|600|||||||&#8221;]<\/p>\n<p style=\"text-align: justify;\">Blefariti duhet t\u00eb diagnostikohet nga nj\u00eb specialist i kujdesit t\u00eb shikimit me nj\u00eb ekzaminim t\u00eb plot\u00eb t\u00eb syrit p\u00ebr t\u00eb p\u00ebrcaktuar shkaqet e tij. Simptomat m\u00eb t\u00eb zakonshme p\u00ebrfshijn\u00eb:<\/p>\n<ul>\n<li style=\"text-align: justify;\">Skuqje (skuqje) e syrit<\/li>\n<li style=\"text-align: justify;\">Inflamacion okular<\/li>\n<li style=\"text-align: justify;\">Tekstur\u00eb e karakterizuar nga kore ose luspa<\/li>\n<li style=\"text-align: justify;\">Kruajtje (kruajtje) ose lotim i tep\u00ebrt<\/li>\n<li style=\"text-align: justify;\">Irritim i leht\u00eb<\/li>\n<li style=\"text-align: justify;\">Ndjesia e nj\u00eb trupi t\u00eb huaj n\u00eb sy<\/li>\n<li style=\"text-align: justify;\">Sy t\u00eb that\u00eb<\/li>\n<\/ul>\n<p>[\/et_pb_accordion_item][et_pb_accordion_item title=&#8221;Trajtimi&#8221; _builder_version=&#8221;4.4.9&#8243; hover_enabled=&#8221;0&#8243; open=&#8221;off&#8221;]<\/p>\n<p style=\"text-align: justify;\">N\u00eb shum\u00eb raste, n\u00ebse trajtimi i blefaritit kryhet n\u00eb sht\u00ebpi, specialisti mund t\u00eb rekomandoj\u00eb f\u00ebrkimin e syrit dhe arna t\u00eb ngrohta (kompresa). N\u00ebse simptomat nuk p\u00ebrmir\u00ebsohen, specialisti duhet t\u00eb vler\u00ebsoj\u00eb shkaqet e inflamacionit t\u00eb qepall\u00ebs.<\/p>\n<p>[\/et_pb_accordion_item][et_pb_accordion_item title=&#8221;Komplikime t\u00eb m\u00ebdha&#8221; _builder_version=&#8221;4.4.9&#8243; hover_enabled=&#8221;0&#8243; open=&#8221;off&#8221;]<\/p>\n<ul>\n<li style=\"text-align: justify;\">Chalazion: \u00cbsht\u00eb bllokimi i gj\u00ebndr\u00ebs meibomiane dhe grumbullimi brenda kanalit ekskretues t\u00eb sebumit. Shfaqet me \u00ebnjtje t\u00eb qepall\u00ebs, skuqje dhe \u00ebnjtje. Zakonisht projektohet nga brenda dhe zakonisht nuk dhemb ose dhemb pak.<\/li>\n<li style=\"text-align: justify;\">Krithi: \u00cbsht\u00eb inflamacion n\u00eb baz\u00ebn e qerpik\u00ebve dhe shfaqet me \u00ebnjtje, skuqje dhe dhimbje.<\/li>\n<li style=\"text-align: justify;\">Intoleranca ndaj p\u00ebrdorimit t\u00eb lenteve t\u00eb kontaktit<\/li>\n<li style=\"text-align: justify;\">Ndryshimet n\u00eb qerpik\u00ebt. K\u00ebto mund t\u00eb jen\u00eb humbja e qerpik\u00ebve (madaroza), zbardhja e qerpik\u00ebve dhe ndryshimi i drejtimit t\u00eb qerpik\u00ebve (trikiaza).<\/li>\n<li style=\"text-align: justify;\">Ul\u00e7era e qepallave (rralle) dhe cikatrice ne nivel lokal. Kjo nga ana tjet\u00ebr mund t\u00eb \u00e7oj\u00eb n\u00eb nj\u00eb ndryshim n\u00eb pozicionin e qepall\u00ebs (entropion ose ektropion).<\/li>\n<li style=\"text-align: justify;\">Konjuktiviti alergjik p\u00ebr shkak t\u00eb ekzotoksin\u00ebs s\u00eb stafilokokut.<\/li>\n<li style=\"text-align: justify;\">Ndryshime n\u00eb kornea, n\u00eb raste t\u00eb avancuara, si keratiti, ul\u00e7era e kornes\u00eb dhe cikatri.<\/li>\n<\/ul>\n<p>[\/et_pb_accordion_item][\/et_pb_accordion][\/et_pb_column][\/et_pb_row][\/et_pb_section]<\/p>\n","protected":false},"excerpt":{"rendered":"<p>Inflamacioni i qepallave ose blefariti \u00ebsht\u00eb nj\u00eb \u00e7rregullim i zakonsh\u00ebm n\u00eb t\u00eb cilin qepallat skuqen dhe inflamohen rreth skajeve t\u00eb tyre.<\/p>\n","protected":false},"author":1,"featured_media":215845,"parent":0,"menu_order":0,"comment_status":"closed","ping_status":"closed","template":"","meta":{"_et_pb_use_builder":"on","_et_pb_old_content":"","_et_gb_content_width":"","footnotes":""},"class_list":["post-215551","page","type-page","status-publish","has-post-thumbnail","hentry"],"_links":{"self":[{"href":"https:\/\/laserlens.gr\/sq\/wp-json\/wp\/v2\/pages\/215551"}],"collection":[{"href":"https:\/\/laserlens.gr\/sq\/wp-json\/wp\/v2\/pages"}],"about":[{"href":"https:\/\/laserlens.gr\/sq\/wp-json\/wp\/v2\/types\/page"}],"author":[{"embeddable":true,"href":"https:\/\/laserlens.gr\/sq\/wp-json\/wp\/v2\/users\/1"}],"replies":[{"embeddable":true,"href":"https:\/\/laserlens.gr\/sq\/wp-json\/wp\/v2\/comments?post=215551"}],"version-history":[{"count":8,"href":"https:\/\/laserlens.gr\/sq\/wp-json\/wp\/v2\/pages\/215551\/revisions"}],"predecessor-version":[{"id":216793,"href":"https:\/\/laserlens.gr\/sq\/wp-json\/wp\/v2\/pages\/215551\/revisions\/216793"}],"wp:featuredmedia":[{"embeddable":true,"href":"https:\/\/laserlens.gr\/sq\/wp-json\/wp\/v2\/media\/215845"}],"wp:attachment":[{"href":"https:\/\/laserlens.gr\/sq\/wp-json\/wp\/v2\/media?parent=215551"}],"curies":[{"name":"wp","href":"https:\/\/api.w.org\/{rel}","templated":true}]}}