{"id":215554,"date":"2023-01-25T15:47:40","date_gmt":"2023-01-25T13:47:40","guid":{"rendered":"https:\/\/laserlens.gr\/dacryocystitis\/"},"modified":"2023-03-10T12:53:35","modified_gmt":"2023-03-10T10:53:35","slug":"dacryocystitis","status":"publish","type":"page","link":"https:\/\/laserlens.gr\/sq\/dacryocystitis\/","title":{"rendered":"Dacryocystitis"},"content":{"rendered":"<p>[et_pb_section fb_built=&#8221;1&#8243; admin_label=&#8221;About&#8221; _builder_version=&#8221;4.4.9&#8243; background_color_gradient_direction=&#8221;90deg&#8221; background_enable_image=&#8221;off&#8221; background_size=&#8221;initial&#8221; background_position=&#8221;bottom_center&#8221; background_repeat=&#8221;repeat&#8221; custom_padding=&#8221;3px||3px|||&#8221; locked=&#8221;off&#8221;][et_pb_row column_structure=&#8221;1_4,3_4&#8243; _builder_version=&#8221;4.4.9&#8243; custom_padding=&#8221;5px||4px|||&#8221;][et_pb_column type=&#8221;1_4&#8243; _builder_version=&#8221;4.4.9&#8243;][et_pb_image src=&#8221;https:\/\/laserlens.gr\/wp-content\/uploads\/2023\/01\/vision-1.png&#8221; alt=&#8221;vision 1&#8243; title_text=&#8221;vision (1)&#8221; align=&#8221;center&#8221; _builder_version=&#8221;4.4.9&#8243; width=&#8221;35%&#8221;][\/et_pb_image][\/et_pb_column][et_pb_column type=&#8221;3_4&#8243; _builder_version=&#8221;4.4.9&#8243;][et_pb_text _builder_version=&#8221;4.4.9&#8243; header_font=&#8221;Open Sans||||||||&#8221; header_text_color=&#8221;#216477&#8243; header_font_size=&#8221;32px&#8221; custom_margin=&#8221;0.5vw||||false|false&#8221; header_text_align_tablet=&#8221;center&#8221; header_text_align_phone=&#8221;&#8221; header_text_align_last_edited=&#8221;on|phone&#8221; header_font_size_tablet=&#8221;30px&#8221; header_font_size_phone=&#8221;24px&#8221; header_font_size_last_edited=&#8221;on|phone&#8221;]<\/p>\n<h1>Dacryocystitis<\/h1>\n<p>[\/et_pb_text][et_pb_divider color=&#8221;#216477&#8243; divider_weight=&#8221;1px&#8221; _builder_version=&#8221;4.4.9&#8243; width=&#8221;30%&#8221; custom_margin=&#8221;-1.5vw||||false|false&#8221; module_alignment_tablet=&#8221;center&#8221; module_alignment_phone=&#8221;center&#8221; module_alignment_last_edited=&#8221;on|phone&#8221;][\/et_pb_divider][\/et_pb_column][\/et_pb_row][et_pb_row column_structure=&#8221;2_5,3_5&#8243; _builder_version=&#8221;4.5.7&#8243;][et_pb_column type=&#8221;2_5&#8243; _builder_version=&#8221;4.5.7&#8243;][et_pb_image src=&#8221;https:\/\/laserlens.gr\/wp-content\/uploads\/2023\/01\/ofthalmologiki-monada-ioannina-laserlens-dakriokistitida.jpg&#8221; alt=&#8221;ofthalmologiki monada ioannina laserlens dakriokistitida&#8221; title_text=&#8221;ofthalmologiki-monada-ioannina-laserlens-dakriokistitida&#8221; align=&#8221;center&#8221; _builder_version=&#8221;4.4.9&#8243;][\/et_pb_image][\/et_pb_column][et_pb_column type=&#8221;3_5&#8243; _builder_version=&#8221;4.5.7&#8243;][et_pb_text _builder_version=&#8221;4.4.9&#8243; locked=&#8221;off&#8221; text_font=&#8221;Open Sans||||||||&#8221; text_text_color=&#8221;#000000&#8243; text_font_size=&#8221;16px&#8221; text_font_size_phone=&#8221;14px&#8221; text_font_size_last_edited=&#8221;on|phone&#8221; text_line_height=&#8221;1.8em&#8221; header_2_font=&#8221;Open Sans|600|||||||&#8221; header_2_text_color=&#8221;#216477&#8243; header_2_font_size=&#8221;16px&#8221; max_width=&#8221;700px&#8221; module_alignment=&#8221;center&#8221; hover_enabled=&#8221;0&#8243;]<\/p>\n<p style=\"text-align: justify;\">Dacryocystitis \u00ebsht\u00eb nj\u00eb infeksion i qeskave t\u00eb lotit t\u00eb vendosura n\u00eb mes k\u00ebndit t\u00eb brendsh\u00ebm t\u00eb qepallave dhe hund\u00ebs. Zakonisht fillon me pengimin e kanalit t\u00eb lotit q\u00eb mbart lot nga qeset e lotit n\u00eb hund\u00eb. Kanali i bllokuar mbledh mikrobet dhe infektohet. Dakriocistiti mund t\u00eb jet\u00eb akut (q\u00eb do t\u00eb thot\u00eb se ndodh papritur) ose mund t\u00eb jet\u00eb kronik (q\u00eb do t\u00eb thot\u00eb se ndodh shpesh). Mund t\u00eb shoq\u00ebrohet me \u00e7rregullime anatomike t\u00eb kanalit lacrimal, me l\u00ebndim, si dhe me infeksion t\u00eb syrit.<\/p>\n<p>[\/et_pb_text][\/et_pb_column][\/et_pb_row][et_pb_row _builder_version=&#8221;4.4.9&#8243;][et_pb_column type=&#8221;4_4&#8243; _builder_version=&#8221;4.5.7&#8243;][et_pb_text _builder_version=&#8221;4.4.9&#8243; text_font=&#8221;Open Sans||||||||&#8221; text_text_color=&#8221;#000000&#8243; text_font_size=&#8221;16px&#8221; text_line_height=&#8221;1.8em&#8221; header_2_font=&#8221;Open Sans||||||||&#8221; header_2_font_size=&#8221;17px&#8221; module_alignment=&#8221;center&#8221; hover_enabled=&#8221;0&#8243; text_font_size_tablet=&#8221;&#8221; text_font_size_phone=&#8221;14px&#8221; text_font_size_last_edited=&#8221;on|phone&#8221; locked=&#8221;off&#8221;]<\/p>\n<p style=\"text-align: justify;\">Ky problem mund t\u00eb ndodh\u00eb edhe te t\u00eb porsalindurit sepse kanali i tyre i lotit nuk \u00ebsht\u00eb zhvilluar plot\u00ebsisht dhe bllokohet m\u00eb leht\u00eb. F\u00ebmij\u00ebt shpesh kan\u00eb episode t\u00eb p\u00ebrs\u00ebritura infeksionesh, megjithat\u00eb, n\u00eb shumic\u00ebn e rasteve, problemi ndalon s\u00eb shfaquri kur f\u00ebmija rritet. Tek t\u00eb rriturit, infeksioni mund t\u00eb vij\u00eb nga nj\u00eb plag\u00eb ose inflamacion i rrug\u00ebve t\u00eb hund\u00ebs, por n\u00eb shum\u00eb raste shkaku \u00ebsht\u00eb i panjohur.<\/p>\n<p>[\/et_pb_text][\/et_pb_column][\/et_pb_row][\/et_pb_section][et_pb_section fb_built=&#8221;1&#8243; admin_label=&#8221;Info&#8221; _builder_version=&#8221;4.4.9&#8243; use_background_color_gradient=&#8221;on&#8221; background_color_gradient_start=&#8221;#ffffff&#8221; background_color_gradient_end=&#8221;rgba(255,255,255,0.58)&#8221; background_color_gradient_direction=&#8221;90deg&#8221; background_color_gradient_overlays_image=&#8221;on&#8221; background_image=&#8221;https:\/\/laserlens.gr\/wp-content\/uploads\/2023\/01\/family-doctor-035.png&#8221; background_size=&#8221;initial&#8221; background_position=&#8221;bottom_center&#8221; background_repeat=&#8221;repeat&#8221; custom_padding=&#8221;3px|||||&#8221; locked=&#8221;off&#8221;][et_pb_row _builder_version=&#8221;4.4.9&#8243;][et_pb_column type=&#8221;4_4&#8243; _builder_version=&#8221;4.5.7&#8243;][et_pb_accordion open_toggle_text_color=&#8221;#ffffff&#8221; open_toggle_background_color=&#8221;#216477&#8243; closed_toggle_text_color=&#8221;#216477&#8243; icon_color=&#8221;#216477&#8243; use_icon_font_size=&#8221;on&#8221; icon_font_size=&#8221;20px&#8221; _builder_version=&#8221;4.4.9&#8243; toggle_text_color=&#8221;#216477&#8243; toggle_level=&#8221;h3&#8243; toggle_font=&#8221;Open Sans|600|||||||&#8221; toggle_font_size=&#8221;16px&#8221; toggle_line_height=&#8221;1.8em&#8221; closed_toggle_font=&#8221;Open Sans|600|||||||&#8221; body_font=&#8221;Open Sans||||||||&#8221; body_text_color=&#8221;#ffffff&#8221; body_font_size=&#8221;15px&#8221; body_line_height=&#8221;1.8em&#8221; custom_padding=&#8221;5px||||false|false&#8221; hover_enabled=&#8221;0&#8243; toggle_font_size_tablet=&#8221;16px&#8221; toggle_font_size_phone=&#8221;12px&#8221; toggle_font_size_last_edited=&#8221;on|phone&#8221; body_font_size_tablet=&#8221;14px&#8221; body_font_size_phone=&#8221;&#8221; body_font_size_last_edited=&#8221;on|tablet&#8221; border_radii=&#8221;on|12px|12px|12px|12px&#8221; border_width_all=&#8221;5px&#8221; border_color_all=&#8221;rgba(0,0,0,0)&#8221; border_width_all_tablet=&#8221;&#8221; border_width_all_phone=&#8221;0px&#8221; border_width_all_last_edited=&#8221;on|phone&#8221; locked=&#8221;off&#8221;][et_pb_accordion_item title=&#8221;Simptomat e dakriocistitit&#8221; open=&#8221;on&#8221; _builder_version=&#8221;4.4.9&#8243; toggle_level=&#8221;h3&#8243; toggle_font=&#8221;Open Sans|600|||||||&#8221;]<\/p>\n<ul>\n<li>Zakonisht nj\u00eb sy \u00ebsht\u00eb i prekur<\/li>\n<li>Lakrimim intensiv<\/li>\n<li>Ndjeshm\u00ebri, skuqje, \u00ebnjtje<\/li>\n<li>\u00cbnjtje e kuqe, e infektuar n\u00eb k\u00ebndin e brendsh\u00ebm t\u00eb qepall\u00ebs s\u00eb poshtme<\/li>\n<li>Chimbles<\/li>\n<\/ul>\n<p>[\/et_pb_accordion_item][et_pb_accordion_item title=&#8221;Trajtimi&#8221; _builder_version=&#8221;4.4.9&#8243; hover_enabled=&#8221;0&#8243; open=&#8221;off&#8221;]<\/p>\n<p style=\"text-align: justify;\">Trajtimi i dakriocistitit varet nga mosha e pacientit, n\u00ebse problemi \u00ebsht\u00eb kronik apo akut dhe nga shkaku i infeksionit. T\u00eb rriturve u jepen antibiotik\u00eb (topike dhe orale) n\u00eb faz\u00ebn akute dhe n\u00eb vitin e dyt\u00eb b\u00ebhet askorinostomia ku krijohet nj\u00eb drenazh i ri i lot\u00ebve nga syri n\u00eb hund\u00eb (by-pass). Tek foshnjat, zona midis syrit dhe hund\u00ebs zakonisht masazhohet but\u00ebsisht p\u00ebr t\u00eb ndihmuar n\u00eb hapjen e kanalit, s\u00eb bashku me pika antibiotike ose pomada p\u00ebr infeksionin. N\u00ebse mjekimi nuk \u00ebsht\u00eb efektiv dhe problemi vazhdon p\u00ebr disa muaj, mund t\u00eb nevojitet kirurgji p\u00ebr t\u00eb hequr bllokimin. Para operacionit, mjeku i syrit mund t&#8217;i jap\u00eb f\u00ebmij\u00ebs antibiotik\u00eb p\u00ebr t&#8217;u siguruar q\u00eb infeksioni t\u00eb jet\u00eb zhdukur. Operacioni kryhet n\u00ebn anestezi t\u00eb p\u00ebrgjithshme.<\/p>\n<p>[\/et_pb_accordion_item][\/et_pb_accordion][\/et_pb_column][\/et_pb_row][\/et_pb_section]<\/p>\n","protected":false},"excerpt":{"rendered":"<p>Dacryocystitis \u00ebsht\u00eb nj\u00eb infeksion i qeskave t\u00eb lotit t\u00eb vendosura n\u00eb mes k\u00ebndit t\u00eb brendsh\u00ebm t\u00eb qepallave dhe hund\u00ebs.<\/p>\n","protected":false},"author":1,"featured_media":215845,"parent":0,"menu_order":0,"comment_status":"closed","ping_status":"closed","template":"","meta":{"_et_pb_use_builder":"on","_et_pb_old_content":"","_et_gb_content_width":"","footnotes":""},"class_list":["post-215554","page","type-page","status-publish","has-post-thumbnail","hentry"],"_links":{"self":[{"href":"https:\/\/laserlens.gr\/sq\/wp-json\/wp\/v2\/pages\/215554"}],"collection":[{"href":"https:\/\/laserlens.gr\/sq\/wp-json\/wp\/v2\/pages"}],"about":[{"href":"https:\/\/laserlens.gr\/sq\/wp-json\/wp\/v2\/types\/page"}],"author":[{"embeddable":true,"href":"https:\/\/laserlens.gr\/sq\/wp-json\/wp\/v2\/users\/1"}],"replies":[{"embeddable":true,"href":"https:\/\/laserlens.gr\/sq\/wp-json\/wp\/v2\/comments?post=215554"}],"version-history":[{"count":12,"href":"https:\/\/laserlens.gr\/sq\/wp-json\/wp\/v2\/pages\/215554\/revisions"}],"predecessor-version":[{"id":216794,"href":"https:\/\/laserlens.gr\/sq\/wp-json\/wp\/v2\/pages\/215554\/revisions\/216794"}],"wp:featuredmedia":[{"embeddable":true,"href":"https:\/\/laserlens.gr\/sq\/wp-json\/wp\/v2\/media\/215845"}],"wp:attachment":[{"href":"https:\/\/laserlens.gr\/sq\/wp-json\/wp\/v2\/media?parent=215554"}],"curies":[{"name":"wp","href":"https:\/\/api.w.org\/{rel}","templated":true}]}}