{"id":215569,"date":"2023-01-25T15:17:54","date_gmt":"2023-01-25T13:17:54","guid":{"rendered":"https:\/\/laserlens.gr\/inflamacionet-oftalmike\/"},"modified":"2023-03-10T12:54:14","modified_gmt":"2023-03-10T10:54:14","slug":"inflamacionet-oftalmike","status":"publish","type":"page","link":"https:\/\/laserlens.gr\/sq\/inflamacionet-oftalmike\/","title":{"rendered":"Inflamacionet Oftalmike"},"content":{"rendered":"<p>[et_pb_section fb_built=&#8221;1&#8243; admin_label=&#8221;About&#8221; _builder_version=&#8221;4.4.9&#8243; use_background_color_gradient=&#8221;on&#8221; background_color_gradient_start=&#8221;rgba(255,255,255,0.58)&#8221; background_color_gradient_end=&#8221;#ffffff&#8221; background_color_gradient_direction=&#8221;90deg&#8221; background_color_gradient_overlays_image=&#8221;on&#8221; background_image=&#8221;https:\/\/laserlens.gr\/wp-content\/uploads\/2023\/01\/family-doctor-035.png&#8221; background_size=&#8221;initial&#8221; background_position=&#8221;bottom_center&#8221; background_repeat=&#8221;repeat&#8221; custom_padding=&#8221;3px|||||&#8221; locked=&#8221;off&#8221;][et_pb_row column_structure=&#8221;1_4,3_4&#8243; _builder_version=&#8221;4.4.9&#8243; custom_padding=&#8221;5px||4px|||&#8221;][et_pb_column type=&#8221;1_4&#8243; _builder_version=&#8221;4.4.9&#8243;][et_pb_image src=&#8221;https:\/\/laserlens.gr\/wp-content\/uploads\/2023\/01\/vision-1.png&#8221; alt=&#8221;vision 1&#8243; title_text=&#8221;vision (1)&#8221; align=&#8221;center&#8221; _builder_version=&#8221;4.4.9&#8243; width=&#8221;35%&#8221;][\/et_pb_image][\/et_pb_column][et_pb_column type=&#8221;3_4&#8243; _builder_version=&#8221;4.4.9&#8243;][et_pb_text _builder_version=&#8221;4.4.9&#8243; header_font=&#8221;Open Sans||||||||&#8221; header_text_color=&#8221;#216477&#8243; header_font_size=&#8221;32px&#8221; custom_margin=&#8221;0.5vw||||false|false&#8221; header_text_align_tablet=&#8221;center&#8221; header_text_align_phone=&#8221;center&#8221; header_text_align_last_edited=&#8221;on|phone&#8221; header_font_size_tablet=&#8221;30px&#8221; header_font_size_phone=&#8221;24px&#8221; header_font_size_last_edited=&#8221;on|phone&#8221;]<\/p>\n<h1>Inflamacionet Oftalmike<\/h1>\n<p>[\/et_pb_text][et_pb_divider color=&#8221;#216477&#8243; divider_weight=&#8221;1px&#8221; _builder_version=&#8221;4.4.9&#8243; width=&#8221;54%&#8221; custom_margin=&#8221;-1.5vw||||false|false&#8221; module_alignment_tablet=&#8221;center&#8221; module_alignment_phone=&#8221;center&#8221; module_alignment_last_edited=&#8221;on|phone&#8221;][\/et_pb_divider][\/et_pb_column][\/et_pb_row][et_pb_row column_structure=&#8221;2_5,3_5&#8243; _builder_version=&#8221;4.5.7&#8243;][et_pb_column type=&#8221;2_5&#8243; _builder_version=&#8221;4.5.7&#8243;][et_pb_image src=&#8221;https:\/\/laserlens.gr\/wp-content\/uploads\/2023\/01\/ofthalmologiki-monada-ioannina-laserlens-ofthalmologikon-flegmonon.jpg&#8221; alt=&#8221;ofthalmologiki monada ioannina laserlens ofthalmologikon flegmonon&#8221; title_text=&#8221;ofthalmologiki-monada-ioannina-laserlens-ofthalmologikon-flegmonon&#8221; align=&#8221;center&#8221; _builder_version=&#8221;4.4.9&#8243; custom_margin=&#8221;5vw||||false|false&#8221;][\/et_pb_image][\/et_pb_column][et_pb_column type=&#8221;3_5&#8243; _builder_version=&#8221;4.5.7&#8243;][et_pb_text _builder_version=&#8221;4.4.9&#8243; text_font=&#8221;Open Sans||||||||&#8221; text_text_color=&#8221;#000000&#8243; text_font_size=&#8221;16px&#8221; text_line_height=&#8221;1.8em&#8221; header_2_font=&#8221;Open Sans|600|||||||&#8221; header_2_text_color=&#8221;#216477&#8243; header_2_font_size=&#8221;16px&#8221; max_width=&#8221;700px&#8221; module_alignment=&#8221;center&#8221; hover_enabled=&#8221;0&#8243; text_font_size_tablet=&#8221;&#8221; text_font_size_phone=&#8221;14px&#8221; text_font_size_last_edited=&#8221;on|phone&#8221; locked=&#8221;off&#8221;]<\/p>\n<p style=\"text-align: justify;\">Kirurgjia refraktive p\u00ebrfshin t\u00eb gjitha ato operacione q\u00eb korrigjojn\u00eb gabimet refraktive, si: miopia, hipermetropia, astigmatizmi dhe presbiopia. LASER zot\u00ebron nj\u00eb pjes\u00eb shum\u00eb t\u00eb madhe t\u00eb oftalmologjis\u00eb dhe kirurgjis\u00eb refraktive. N\u00ebse keni menduar p\u00ebr jet\u00ebn tuaj pa syze apo lente kontakti, LASERLENS \u00ebsht\u00eb zgjedhja e duhur. P\u00ebrparimi i shkenc\u00ebs dhe teknologjis\u00eb n\u00eb nj\u00eb hap\u00ebsir\u00eb \u200b\u200bmoderne dhe komode jan\u00eb t\u00eb disponueshme p\u00ebr t&#8217;ju \u00e7liruar nga syzet dhe lentet e kontaktit, shpejt dhe pa dhimbje.<\/p>\n<p style=\"text-align: justify;\">Syri p\u00ebrmban nj\u00eb s\u00ebr\u00eb mediash refraktive, funksioni i t\u00eb cilave \u00ebsht\u00eb t\u00eb p\u00ebrqendroj\u00eb imazhin e objekteve para nesh n\u00eb retin\u00eb ton\u00eb. Filmi lotsjell\u00ebs \u00ebsht\u00eb mediumi i par\u00eb p\u00ebrthyes q\u00eb drita ndesh n\u00eb rrug\u00ebn e saj. Kornea \u00ebsht\u00eb mediumi m\u00eb i fort\u00eb refraktiv i syrit, fuqia e saj e madhe thyes \u00ebsht\u00eb p\u00ebr shkak t\u00eb ndryshimit n\u00eb indeksin e saj t\u00eb thyerjes dhe konveksitetit t\u00eb madh t\u00eb rajonit t\u00eb saj qendror. Lente na lejon t\u00eb p\u00ebrqendrojm\u00eb shikimin n\u00eb distanca t\u00eb ndryshme. Vizioni nuk \u00ebsht\u00eb gjithmon\u00eb i mundur, p\u00ebr shkak t\u00eb lakimit m\u00eb t\u00eb madh ose m\u00eb t\u00eb vog\u00ebl t\u00eb kornes\u00eb, ndryshimit t\u00eb madh\u00ebsis\u00eb s\u00eb syrit, etj. dhe e b\u00ebjn\u00eb t\u00eb pamundur q\u00eb drita t\u00eb p\u00ebrqendrohet n\u00eb retin\u00eb pa nj\u00eb lloj korrigjim. \u00c7rregullime t\u00eb tilla quhen gabime refraktive.<\/p>\n<p>[\/et_pb_text][\/et_pb_column][\/et_pb_row][\/et_pb_section]<\/p>\n","protected":false},"excerpt":{"rendered":"<p>Syri p\u00ebrmban nj\u00eb s\u00ebr\u00eb mediash refraktive, funksioni i t\u00eb cilave \u00ebsht\u00eb t\u00eb p\u00ebrqendroj\u00eb imazhin e objekteve p\u00ebrpara retin\u00ebs son\u00eb.<\/p>\n","protected":false},"author":1,"featured_media":215845,"parent":0,"menu_order":0,"comment_status":"closed","ping_status":"closed","template":"","meta":{"_et_pb_use_builder":"on","_et_pb_old_content":"","_et_gb_content_width":"","footnotes":""},"class_list":["post-215569","page","type-page","status-publish","has-post-thumbnail","hentry"],"_links":{"self":[{"href":"https:\/\/laserlens.gr\/sq\/wp-json\/wp\/v2\/pages\/215569"}],"collection":[{"href":"https:\/\/laserlens.gr\/sq\/wp-json\/wp\/v2\/pages"}],"about":[{"href":"https:\/\/laserlens.gr\/sq\/wp-json\/wp\/v2\/types\/page"}],"author":[{"embeddable":true,"href":"https:\/\/laserlens.gr\/sq\/wp-json\/wp\/v2\/users\/1"}],"replies":[{"embeddable":true,"href":"https:\/\/laserlens.gr\/sq\/wp-json\/wp\/v2\/comments?post=215569"}],"version-history":[{"count":8,"href":"https:\/\/laserlens.gr\/sq\/wp-json\/wp\/v2\/pages\/215569\/revisions"}],"predecessor-version":[{"id":216797,"href":"https:\/\/laserlens.gr\/sq\/wp-json\/wp\/v2\/pages\/215569\/revisions\/216797"}],"wp:featuredmedia":[{"embeddable":true,"href":"https:\/\/laserlens.gr\/sq\/wp-json\/wp\/v2\/media\/215845"}],"wp:attachment":[{"href":"https:\/\/laserlens.gr\/sq\/wp-json\/wp\/v2\/media?parent=215569"}],"curies":[{"name":"wp","href":"https:\/\/api.w.org\/{rel}","templated":true}]}}