{"id":215593,"date":"2023-01-25T16:28:45","date_gmt":"2023-01-25T14:28:45","guid":{"rendered":"https:\/\/laserlens.gr\/sy-te-thate\/"},"modified":"2023-03-14T12:43:14","modified_gmt":"2023-03-14T10:43:14","slug":"sy-te-thate","status":"publish","type":"page","link":"https:\/\/laserlens.gr\/sq\/sy-te-thate\/","title":{"rendered":"Sy t\u00eb that\u00eb"},"content":{"rendered":"<p>[et_pb_section fb_built=&#8221;1&#8243; admin_label=&#8221;About&#8221; _builder_version=&#8221;4.4.9&#8243; background_color_gradient_direction=&#8221;90deg&#8221; background_enable_image=&#8221;off&#8221; background_size=&#8221;initial&#8221; background_position=&#8221;bottom_center&#8221; background_repeat=&#8221;repeat&#8221; custom_padding=&#8221;3px||3px|||&#8221; locked=&#8221;off&#8221;][et_pb_row column_structure=&#8221;1_4,3_4&#8243; _builder_version=&#8221;4.4.9&#8243; custom_padding=&#8221;5px||4px|||&#8221;][et_pb_column type=&#8221;1_4&#8243; _builder_version=&#8221;4.4.9&#8243;][et_pb_image src=&#8221;https:\/\/laserlens.gr\/wp-content\/uploads\/2023\/01\/vision-1.png&#8221; alt=&#8221;vision 1&#8243; title_text=&#8221;vision (1)&#8221; align=&#8221;center&#8221; _builder_version=&#8221;4.4.9&#8243; width=&#8221;35%&#8221;][\/et_pb_image][\/et_pb_column][et_pb_column type=&#8221;3_4&#8243; _builder_version=&#8221;4.4.9&#8243;][et_pb_text _builder_version=&#8221;4.4.9&#8243; header_font=&#8221;Open Sans||||||||&#8221; header_text_color=&#8221;#216477&#8243; header_font_size=&#8221;32px&#8221; custom_margin=&#8221;0.5vw||||false|false&#8221; header_text_align_tablet=&#8221;center&#8221; header_text_align_phone=&#8221;center&#8221; header_text_align_last_edited=&#8221;on|phone&#8221; header_font_size_tablet=&#8221;30px&#8221; header_font_size_phone=&#8221;24px&#8221; header_font_size_last_edited=&#8221;on|phone&#8221;]<\/p>\n<h1>Sy t\u00eb that\u00eb<\/h1>\n<p>[\/et_pb_text][et_pb_divider color=&#8221;#216477&#8243; divider_weight=&#8221;1px&#8221; _builder_version=&#8221;4.4.9&#8243; width=&#8221;24%&#8221; custom_margin=&#8221;-1.5vw||||false|false&#8221; module_alignment_tablet=&#8221;center&#8221; module_alignment_phone=&#8221;center&#8221; module_alignment_last_edited=&#8221;on|phone&#8221;][\/et_pb_divider][\/et_pb_column][\/et_pb_row][et_pb_row _builder_version=&#8221;4.5.7&#8243;][et_pb_column type=&#8221;4_4&#8243; _builder_version=&#8221;4.5.7&#8243;][et_pb_text _builder_version=&#8221;4.4.9&#8243; text_font=&#8221;Open Sans||||||||&#8221; text_text_color=&#8221;#000000&#8243; text_font_size=&#8221;16px&#8221; text_line_height=&#8221;1.8em&#8221; module_alignment=&#8221;center&#8221; hover_enabled=&#8221;0&#8243; text_font_size_tablet=&#8221;&#8221; text_font_size_phone=&#8221;14px&#8221; text_font_size_last_edited=&#8221;on|phone&#8221; locked=&#8221;off&#8221;]<\/p>\n<p style=\"text-align: justify;\">Syri i that\u00eb \u00ebsht\u00eb nj\u00eb s\u00ebmundje komplekse multifaktoriale dhe kronike q\u00eb prek sip\u00ebrfaqen e syrit. Shkakton probleme me shikimin dhe n\u00eb disa raste l\u00ebndime t\u00eb kornes\u00eb dhe konjuktiv\u00ebs.<\/p>\n<p style=\"text-align: justify;\">Prodhimi i lot\u00ebve natyrsh\u00ebm zvog\u00eblohet me kalimin e mosh\u00ebs dhe mund t\u00eb ndodh\u00eb si tek meshkujt ashtu edhe tek femrat.<\/p>\n<p>[\/et_pb_text][\/et_pb_column][\/et_pb_row][\/et_pb_section][et_pb_section fb_built=&#8221;1&#8243; admin_label=&#8221;Info&#8221; _builder_version=&#8221;4.4.9&#8243; use_background_color_gradient=&#8221;on&#8221; background_color_gradient_start=&#8221;#ffffff&#8221; background_color_gradient_end=&#8221;rgba(255,255,255,0.58)&#8221; background_color_gradient_direction=&#8221;90deg&#8221; background_color_gradient_overlays_image=&#8221;on&#8221; background_image=&#8221;https:\/\/laserlens.gr\/wp-content\/uploads\/2023\/01\/family-doctor-035.png&#8221; background_size=&#8221;initial&#8221; background_position=&#8221;bottom_center&#8221; background_repeat=&#8221;repeat&#8221; custom_padding=&#8221;3px|||||&#8221; locked=&#8221;off&#8221;][et_pb_row _builder_version=&#8221;4.4.9&#8243;][et_pb_column type=&#8221;4_4&#8243; _builder_version=&#8221;4.5.7&#8243;][et_pb_accordion open_toggle_text_color=&#8221;#ffffff&#8221; open_toggle_background_color=&#8221;#216477&#8243; closed_toggle_text_color=&#8221;#216477&#8243; icon_color=&#8221;#216477&#8243; use_icon_font_size=&#8221;on&#8221; icon_font_size=&#8221;20px&#8221; _builder_version=&#8221;4.4.9&#8243; toggle_text_color=&#8221;#216477&#8243; toggle_level=&#8221;h3&#8243; toggle_font=&#8221;Open Sans|600|||||||&#8221; toggle_font_size=&#8221;16px&#8221; toggle_line_height=&#8221;1.8em&#8221; closed_toggle_font=&#8221;Open Sans|600|||||||&#8221; body_font=&#8221;Open Sans||||||||&#8221; body_text_color=&#8221;#ffffff&#8221; body_font_size=&#8221;15px&#8221; body_line_height=&#8221;1.8em&#8221; custom_padding=&#8221;5px||||false|false&#8221; toggle_font_size_tablet=&#8221;16px&#8221; toggle_font_size_phone=&#8221;12px&#8221; toggle_font_size_last_edited=&#8221;on|phone&#8221; body_font_size_tablet=&#8221;14px&#8221; body_font_size_phone=&#8221;&#8221; body_font_size_last_edited=&#8221;on|tablet&#8221; border_radii=&#8221;on|12px|12px|12px|12px&#8221; border_width_all=&#8221;5px&#8221; border_color_all=&#8221;rgba(0,0,0,0)&#8221; border_width_all_tablet=&#8221;&#8221; border_width_all_phone=&#8221;0px&#8221; border_width_all_last_edited=&#8221;on|phone&#8221; locked=&#8221;off&#8221;][et_pb_accordion_item title=&#8221;Shkak&#8221; open=&#8221;on&#8221; _builder_version=&#8221;4.4.9&#8243; toggle_level=&#8221;h3&#8243; toggle_font=&#8221;Open Sans|600|||||||&#8221;]<\/p>\n<p style=\"text-align: justify;\">Shkaqet q\u00eb e shkaktojn\u00eb at\u00eb jan\u00eb shum\u00eb t\u00eb ndryshme:<\/p>\n<ul>\n<li style=\"text-align: justify;\">Zvog\u00eblimi i funksionit t\u00eb gj\u00ebndrave lacrimal, duke shkaktuar m\u00eb pak prodhim loti, mund t\u00eb jet\u00eb p\u00ebr shkak t\u00eb munges\u00ebs s\u00eb lot\u00ebve ose mosfunksionimit t\u00eb gj\u00ebndr\u00ebs (Meibomian)<\/li>\n<li style=\"text-align: justify;\">Blefariti (inflamacion i qepall\u00ebs)<\/li>\n<li style=\"text-align: justify;\">P\u00ebrdorimi i lenteve t\u00eb kontaktit<\/li>\n<li style=\"text-align: justify;\">Trajtimi me kimioterapi ose radioterapi<\/li>\n<li style=\"text-align: justify;\">N\u00ebse keni b\u00ebr\u00eb nj\u00eb operacion n\u00eb sy<\/li>\n<li style=\"text-align: justify;\">Faktor\u00ebt e mjedisit (ajri i kondicionuar, ngrohja, mjedisi i that\u00eb ose shum\u00eb i ndotur)<\/li>\n<li style=\"text-align: justify;\">Ushqyerja (mungesa e vitaminave)<\/li>\n<li style=\"text-align: justify;\">Ila\u00e7et (konsumimi i antidepresant\u00ebve dhe antihistamin\u00ebve, etj.)<\/li>\n<li style=\"text-align: justify;\">S\u00ebmundjet autoimune (artriti reumatoid, sindroma Sjogren dhe s\u00ebmundje t\u00eb tjera)<\/li>\n<li style=\"text-align: justify;\">Djegiet kimike ose termike<\/li>\n<li style=\"text-align: justify;\">Menopauza<\/li>\n<\/ul>\n<p>[\/et_pb_accordion_item][et_pb_accordion_item title=&#8221;Simptomat&#8221; _builder_version=&#8221;4.4.9&#8243; open=&#8221;off&#8221;]<\/p>\n<ul>\n<li style=\"text-align: justify;\">Zvog\u00eblimi i mpreht\u00ebsis\u00eb vizuale<\/li>\n<li style=\"text-align: justify;\">Ndjesia e trupit t\u00eb huaj ose djegia n\u00eb sy<\/li>\n<li style=\"text-align: justify;\">Kruarje<\/li>\n<li style=\"text-align: justify;\">Skuqja e konjuktiv\u00ebs (irritim i r\u00ebnd\u00eb i syve nga tymi ose era)<\/li>\n<li style=\"text-align: justify;\">E grisur<\/li>\n<\/ul>\n<p>[\/et_pb_accordion_item][et_pb_accordion_item title=&#8221;Trajtimi&#8221; _builder_version=&#8221;4.4.9&#8243; open=&#8221;off&#8221;]<\/p>\n<p style=\"text-align: justify;\">Ekzistojn\u00eb lloje t\u00eb ndryshme t\u00eb syrit t\u00eb that\u00eb q\u00eb jan\u00eb t\u00eb r\u00ebnd\u00ebsishme p\u00ebr t&#8217;u identifikuar sakt\u00eb n\u00ebp\u00ebrmjet nj\u00eb ekzaminimi t\u00eb syrit dhe testeve specifike diagnostike p\u00ebr t\u00eb pasur nj\u00eb trajtim efektiv.<\/p>\n<p style=\"text-align: justify;\">Trajtimi duhet t\u00eb jet\u00eb ai i s\u00ebmundjes themelore q\u00eb e shkakton at\u00eb.<\/p>\n<p>[\/et_pb_accordion_item][\/et_pb_accordion][\/et_pb_column][\/et_pb_row][\/et_pb_section]<\/p>\n","protected":false},"excerpt":{"rendered":"<p>Syri i that\u00eb \u00ebsht\u00eb nj\u00eb s\u00ebmundje komplekse multifaktoriale dhe kronike q\u00eb prek sip\u00ebrfaqen e syrit q\u00eb shkakton probleme me shikimin.<\/p>\n","protected":false},"author":1,"featured_media":215845,"parent":0,"menu_order":0,"comment_status":"closed","ping_status":"closed","template":"","meta":{"_et_pb_use_builder":"on","_et_pb_old_content":"","_et_gb_content_width":"","footnotes":""},"class_list":["post-215593","page","type-page","status-publish","has-post-thumbnail","hentry"],"_links":{"self":[{"href":"https:\/\/laserlens.gr\/sq\/wp-json\/wp\/v2\/pages\/215593"}],"collection":[{"href":"https:\/\/laserlens.gr\/sq\/wp-json\/wp\/v2\/pages"}],"about":[{"href":"https:\/\/laserlens.gr\/sq\/wp-json\/wp\/v2\/types\/page"}],"author":[{"embeddable":true,"href":"https:\/\/laserlens.gr\/sq\/wp-json\/wp\/v2\/users\/1"}],"replies":[{"embeddable":true,"href":"https:\/\/laserlens.gr\/sq\/wp-json\/wp\/v2\/comments?post=215593"}],"version-history":[{"count":10,"href":"https:\/\/laserlens.gr\/sq\/wp-json\/wp\/v2\/pages\/215593\/revisions"}],"predecessor-version":[{"id":216906,"href":"https:\/\/laserlens.gr\/sq\/wp-json\/wp\/v2\/pages\/215593\/revisions\/216906"}],"wp:featuredmedia":[{"embeddable":true,"href":"https:\/\/laserlens.gr\/sq\/wp-json\/wp\/v2\/media\/215845"}],"wp:attachment":[{"href":"https:\/\/laserlens.gr\/sq\/wp-json\/wp\/v2\/media?parent=215593"}],"curies":[{"name":"wp","href":"https:\/\/api.w.org\/{rel}","templated":true}]}}