{"id":215648,"date":"2023-01-25T17:45:00","date_gmt":"2023-01-25T15:45:00","guid":{"rendered":"https:\/\/laserlens.gr\/retinopati-diabetike\/"},"modified":"2023-03-10T13:01:42","modified_gmt":"2023-03-10T11:01:42","slug":"retinopati-diabetike","status":"publish","type":"page","link":"https:\/\/laserlens.gr\/sq\/retinopati-diabetike\/","title":{"rendered":"Retinopati Diabetike"},"content":{"rendered":"<p>[et_pb_section fb_built=&#8221;1&#8243; admin_label=&#8221;About&#8221; _builder_version=&#8221;4.4.9&#8243; background_color_gradient_direction=&#8221;90deg&#8221; background_enable_image=&#8221;off&#8221; background_size=&#8221;initial&#8221; background_position=&#8221;bottom_center&#8221; background_repeat=&#8221;repeat&#8221; custom_padding=&#8221;3px||3px|||&#8221; locked=&#8221;off&#8221;][et_pb_row column_structure=&#8221;1_4,3_4&#8243; _builder_version=&#8221;4.4.9&#8243; custom_padding=&#8221;5px||4px|||&#8221;][et_pb_column type=&#8221;1_4&#8243; _builder_version=&#8221;4.4.9&#8243;][et_pb_image src=&#8221;https:\/\/laserlens.gr\/wp-content\/uploads\/2023\/01\/vision-1.png&#8221; alt=&#8221;vision 1&#8243; title_text=&#8221;vision (1)&#8221; align=&#8221;center&#8221; _builder_version=&#8221;4.4.9&#8243; width=&#8221;35%&#8221;][\/et_pb_image][\/et_pb_column][et_pb_column type=&#8221;3_4&#8243; _builder_version=&#8221;4.4.9&#8243;][et_pb_text _builder_version=&#8221;4.4.9&#8243; header_font=&#8221;Open Sans||||||||&#8221; header_text_color=&#8221;#216477&#8243; header_font_size=&#8221;32px&#8221; custom_margin=&#8221;0.5vw||||false|false&#8221; header_text_align_tablet=&#8221;center&#8221; header_text_align_phone=&#8221;&#8221; header_text_align_last_edited=&#8221;on|phone&#8221; header_font_size_tablet=&#8221;30px&#8221; header_font_size_phone=&#8221;24px&#8221; header_font_size_last_edited=&#8221;on|phone&#8221;]<\/p>\n<h1>Retinopati Diabetike<\/h1>\n<p>[\/et_pb_text][et_pb_divider color=&#8221;#216477&#8243; divider_weight=&#8221;1px&#8221; _builder_version=&#8221;4.4.9&#8243; width=&#8221;64%&#8221; custom_margin=&#8221;-1.5vw||||false|false&#8221; module_alignment_tablet=&#8221;center&#8221; module_alignment_phone=&#8221;center&#8221; module_alignment_last_edited=&#8221;on|phone&#8221;][\/et_pb_divider][\/et_pb_column][\/et_pb_row][et_pb_row column_structure=&#8221;2_5,3_5&#8243; _builder_version=&#8221;4.5.7&#8243;][et_pb_column type=&#8221;2_5&#8243; _builder_version=&#8221;4.5.7&#8243;][et_pb_image src=&#8221;https:\/\/laserlens.gr\/wp-content\/uploads\/2023\/01\/ofthalmologiki-monada-ioannina-laserlens-diavitiki-amfivlidtroeidopatheia.jpg&#8221; alt=&#8221;ofthalmologiki monada ioannina laserlens diavitiki amfivlidtroeidopatheia&#8221; title_text=&#8221;ofthalmologiki-monada-ioannina-laserlens-diavitiki-amfivlidtroeidopatheia&#8221; align=&#8221;center&#8221; _builder_version=&#8221;4.4.9&#8243;][\/et_pb_image][\/et_pb_column][et_pb_column type=&#8221;3_5&#8243; _builder_version=&#8221;4.5.7&#8243;][et_pb_text _builder_version=&#8221;4.4.9&#8243; text_font=&#8221;Open Sans||||||||&#8221; text_text_color=&#8221;#000000&#8243; text_font_size=&#8221;16px&#8221; text_line_height=&#8221;1.8em&#8221; max_width=&#8221;700px&#8221; module_alignment=&#8221;center&#8221; hover_enabled=&#8221;0&#8243; text_font_size_tablet=&#8221;&#8221; text_font_size_phone=&#8221;14px&#8221; text_font_size_last_edited=&#8221;on|phone&#8221; locked=&#8221;off&#8221;]<\/p>\n<p style=\"text-align: justify;\">Ndodh te pacient\u00ebt me diabet dhe shkaktohet nga ndryshimet n\u00eb en\u00ebt e retin\u00ebs. K\u00ebto en\u00eb te pacient\u00ebt diabetik\u00eb mund t\u00eb shfaqin rrjedhje (gjakderdhje t\u00eb vog\u00ebl), mikrobllokime q\u00eb rezultojn\u00eb n\u00eb ishemi dhe n\u00eb nj\u00eb faz\u00eb t\u00eb avancuar mund t\u00eb zhvillohen en\u00ebt e reja patologjike n\u00eb sip\u00ebrfaqen e retin\u00ebs, t\u00eb cilat mund t\u00eb shkaktojn\u00eb gjakderdhje brenda syrit, nd\u00ebrsa n\u00eb nj\u00eb form\u00eb m\u00eb t\u00eb avancuar t\u00eb s\u00ebmundjes mund t\u00eb \u00e7ojn\u00eb n\u00eb shk\u00ebputje t\u00eb retin\u00ebs dhe humbje t\u00eb pakthyeshme t\u00eb shikimit.<\/p>\n<p>[\/et_pb_text][\/et_pb_column][\/et_pb_row][\/et_pb_section][et_pb_section fb_built=&#8221;1&#8243; admin_label=&#8221;Info&#8221; _builder_version=&#8221;4.4.9&#8243; use_background_color_gradient=&#8221;on&#8221; background_color_gradient_start=&#8221;#ffffff&#8221; background_color_gradient_end=&#8221;rgba(255,255,255,0.58)&#8221; background_color_gradient_direction=&#8221;90deg&#8221; background_color_gradient_overlays_image=&#8221;on&#8221; background_image=&#8221;https:\/\/laserlens.gr\/wp-content\/uploads\/2023\/01\/family-doctor-035.png&#8221; background_size=&#8221;initial&#8221; background_position=&#8221;bottom_center&#8221; background_repeat=&#8221;repeat&#8221; custom_padding=&#8221;3px|||||&#8221; locked=&#8221;off&#8221;][et_pb_row _builder_version=&#8221;4.4.9&#8243;][et_pb_column type=&#8221;4_4&#8243; _builder_version=&#8221;4.5.7&#8243;][et_pb_accordion open_toggle_text_color=&#8221;#ffffff&#8221; open_toggle_background_color=&#8221;#216477&#8243; closed_toggle_text_color=&#8221;#216477&#8243; icon_color=&#8221;#216477&#8243; use_icon_font_size=&#8221;on&#8221; icon_font_size=&#8221;20px&#8221; _builder_version=&#8221;4.4.9&#8243; toggle_text_color=&#8221;#216477&#8243; toggle_level=&#8221;h3&#8243; toggle_font=&#8221;Open Sans|600|||||||&#8221; toggle_font_size=&#8221;16px&#8221; toggle_line_height=&#8221;1.8em&#8221; closed_toggle_font=&#8221;Open Sans|600|||||||&#8221; body_font=&#8221;Open Sans||||||||&#8221; body_text_color=&#8221;#ffffff&#8221; body_font_size=&#8221;15px&#8221; body_line_height=&#8221;1.8em&#8221; custom_padding=&#8221;5px||||false|false&#8221; hover_enabled=&#8221;0&#8243; toggle_font_size_tablet=&#8221;16px&#8221; toggle_font_size_phone=&#8221;12px&#8221; toggle_font_size_last_edited=&#8221;on|phone&#8221; body_font_size_tablet=&#8221;14px&#8221; body_font_size_phone=&#8221;&#8221; body_font_size_last_edited=&#8221;on|tablet&#8221; border_radii=&#8221;on|12px|12px|12px|12px&#8221; border_width_all=&#8221;5px&#8221; border_color_all=&#8221;rgba(0,0,0,0)&#8221; border_width_all_tablet=&#8221;&#8221; border_width_all_phone=&#8221;0px&#8221; border_width_all_last_edited=&#8221;on|phone&#8221; locked=&#8221;off&#8221;][et_pb_accordion_item title=&#8221;Simptomat&#8221; open=&#8221;on&#8221; _builder_version=&#8221;4.4.9&#8243; toggle_level=&#8221;h3&#8243; toggle_font=&#8221;Open Sans|600|||||||&#8221;]<\/p>\n<ul>\n<li>Mizat<\/li>\n<li>Pamje e paqart\u00eb ose e shtremb\u00ebruar<\/li>\n<li>Luhatjet n\u00eb vizion<\/li>\n<li>Vras ose hije n\u00eb sy<\/li>\n<li>Sh\u00ebrimi i vonuar i kornes\u00eb pas traum\u00ebs<\/li>\n<li>Diplopia<\/li>\n<li>Katarakti<\/li>\n<\/ul>\n<p>[\/et_pb_accordion_item][et_pb_accordion_item title=&#8221;Trajtimi&#8221; _builder_version=&#8221;4.4.9&#8243; hover_enabled=&#8221;0&#8243; open=&#8221;off&#8221;]<\/p>\n<p style=\"text-align: justify;\">Parandalimi m\u00eb i mir\u00eb p\u00ebr pacient\u00ebt me diabet \u00ebsht\u00eb n\u00eb radh\u00eb t\u00eb par\u00eb rregullimi dhe stabilizimi i sheqerit. Nj\u00eb diabetik me sheqer t\u00eb \u00e7rregulluar \u00ebsht\u00eb duke vozitur me nj\u00eb rit\u00ebm t\u00eb shpejt\u00eb n\u00eb D.A.<\/p>\n<ul>\n<li style=\"text-align: justify;\">Fotokoagulimi panretinal aplikohet tek pacient\u00ebt q\u00eb vuajn\u00eb nga retinopatia diabetike produktive duke reduktuar stimulin q\u00eb nxit formimin e en\u00ebve t\u00eb reja.<\/li>\n<li style=\"text-align: justify;\">Injeksione intravenoze (anti-angiogjen\u00eb, Avastin, Lucentis, Eylea)<\/li>\n<li style=\"text-align: justify;\">Vitrektomia<\/li>\n<\/ul>\n<p>[\/et_pb_accordion_item][et_pb_accordion_item title=&#8221;Diagnoza&#8221; _builder_version=&#8221;4.4.9&#8243; hover_enabled=&#8221;0&#8243; open=&#8221;off&#8221;]<\/p>\n<p style=\"text-align: justify;\">Retinopatia diabetike m\u00eb s\u00eb miri diagnostikohet me ekzaminime t\u00eb shpeshta t\u00eb syve nga nj\u00eb okulist, pasi retinopatia e r\u00ebnd\u00eb mund t\u00eb ekzistoj\u00eb pa asnj\u00eb simptom\u00eb.<\/p>\n<p style=\"text-align: justify;\">P\u00ebr t\u00eb gjetur retinopatin\u00eb diabetike, mjeku v\u00ebzhgon pjes\u00ebn e brendshme t\u00eb syrit duke p\u00ebrdorur oftalmoskopin dhe, n\u00ebse \u00ebsht\u00eb e nevojshme, kryen edhe nj\u00eb fundoskopi.<\/p>\n<p style=\"text-align: justify;\">Testet speciale paraklinike:<\/p>\n<ul>\n<li style=\"text-align: justify;\">Tomografia e Koherenc\u00ebs Optike (OCT)<\/li>\n<li style=\"text-align: justify;\">Fotografi me ngjyra e pjes\u00ebs s\u00eb poshtme<\/li>\n<li style=\"text-align: justify;\">Fluorografia<\/li>\n<li style=\"text-align: justify;\">Ekografi okulare<\/li>\n<\/ul>\n<p>[\/et_pb_accordion_item][\/et_pb_accordion][\/et_pb_column][\/et_pb_row][\/et_pb_section]<\/p>\n","protected":false},"excerpt":{"rendered":"<p>Retinopatia diabetike shfaqet te pacient\u00ebt diabetik\u00eb dhe shkaktohet nga ndryshimet n\u00eb en\u00ebt e retin\u00ebs.<\/p>\n","protected":false},"author":1,"featured_media":215845,"parent":0,"menu_order":0,"comment_status":"closed","ping_status":"closed","template":"","meta":{"_et_pb_use_builder":"on","_et_pb_old_content":"","_et_gb_content_width":"","footnotes":""},"class_list":["post-215648","page","type-page","status-publish","has-post-thumbnail","hentry"],"_links":{"self":[{"href":"https:\/\/laserlens.gr\/sq\/wp-json\/wp\/v2\/pages\/215648"}],"collection":[{"href":"https:\/\/laserlens.gr\/sq\/wp-json\/wp\/v2\/pages"}],"about":[{"href":"https:\/\/laserlens.gr\/sq\/wp-json\/wp\/v2\/types\/page"}],"author":[{"embeddable":true,"href":"https:\/\/laserlens.gr\/sq\/wp-json\/wp\/v2\/users\/1"}],"replies":[{"embeddable":true,"href":"https:\/\/laserlens.gr\/sq\/wp-json\/wp\/v2\/comments?post=215648"}],"version-history":[{"count":8,"href":"https:\/\/laserlens.gr\/sq\/wp-json\/wp\/v2\/pages\/215648\/revisions"}],"predecessor-version":[{"id":216808,"href":"https:\/\/laserlens.gr\/sq\/wp-json\/wp\/v2\/pages\/215648\/revisions\/216808"}],"wp:featuredmedia":[{"embeddable":true,"href":"https:\/\/laserlens.gr\/sq\/wp-json\/wp\/v2\/media\/215845"}],"wp:attachment":[{"href":"https:\/\/laserlens.gr\/sq\/wp-json\/wp\/v2\/media?parent=215648"}],"curies":[{"name":"wp","href":"https:\/\/api.w.org\/{rel}","templated":true}]}}