{"id":215668,"date":"2023-01-26T10:58:57","date_gmt":"2023-01-26T08:58:57","guid":{"rendered":"https:\/\/laserlens.gr\/prolapsi-i-qepallave\/"},"modified":"2023-03-10T12:43:56","modified_gmt":"2023-03-10T10:43:56","slug":"prolapsi-i-qepallave","status":"publish","type":"page","link":"https:\/\/laserlens.gr\/sq\/prolapsi-i-qepallave\/","title":{"rendered":"Prolapsi i qepallave"},"content":{"rendered":"<p>[et_pb_section fb_built=&#8221;1&#8243; admin_label=&#8221;About&#8221; _builder_version=&#8221;4.4.9&#8243; background_color_gradient_direction=&#8221;90deg&#8221; background_enable_image=&#8221;off&#8221; background_size=&#8221;initial&#8221; background_position=&#8221;bottom_center&#8221; background_repeat=&#8221;repeat&#8221; custom_padding=&#8221;3px||3px|||&#8221; locked=&#8221;off&#8221;][et_pb_row column_structure=&#8221;1_4,3_4&#8243; _builder_version=&#8221;4.4.9&#8243; custom_padding=&#8221;5px||4px|||&#8221;][et_pb_column type=&#8221;1_4&#8243; _builder_version=&#8221;4.4.9&#8243;][et_pb_image src=&#8221;https:\/\/laserlens.gr\/wp-content\/uploads\/2023\/01\/vision-1.png&#8221; alt=&#8221;vision 1&#8243; title_text=&#8221;vision (1)&#8221; align=&#8221;center&#8221; _builder_version=&#8221;4.4.9&#8243; width=&#8221;35%&#8221;][\/et_pb_image][\/et_pb_column][et_pb_column type=&#8221;3_4&#8243; _builder_version=&#8221;4.4.9&#8243;][et_pb_text _builder_version=&#8221;4.4.9&#8243; header_font=&#8221;Open Sans||||||||&#8221; header_text_color=&#8221;#216477&#8243; header_font_size=&#8221;32px&#8221; custom_margin=&#8221;0.5vw||||false|false&#8221; header_text_align_tablet=&#8221;center&#8221; header_text_align_phone=&#8221;&#8221; header_text_align_last_edited=&#8221;on|phone&#8221; header_font_size_tablet=&#8221;30px&#8221; header_font_size_phone=&#8221;24px&#8221; header_font_size_last_edited=&#8221;on|phone&#8221;]<\/p>\n<h1>Prolapsi i qepallave<\/h1>\n<p>[\/et_pb_text][et_pb_divider color=&#8221;#216477&#8243; divider_weight=&#8221;1px&#8221; _builder_version=&#8221;4.4.9&#8243; width=&#8221;28%&#8221; custom_margin=&#8221;-1.5vw||||false|false&#8221; module_alignment_tablet=&#8221;center&#8221; module_alignment_phone=&#8221;center&#8221; module_alignment_last_edited=&#8221;on|phone&#8221;][\/et_pb_divider][\/et_pb_column][\/et_pb_row][et_pb_row column_structure=&#8221;2_5,3_5&#8243; _builder_version=&#8221;4.5.7&#8243;][et_pb_column type=&#8221;2_5&#8243; _builder_version=&#8221;4.5.7&#8243;][et_pb_image src=&#8221;https:\/\/laserlens.gr\/wp-content\/uploads\/2023\/01\/ofthalmologiki-monada-ioannina-laserlens-vlefaroptosi.jpg&#8221; alt=&#8221;ofthalmologiki monada ioannina laserlens vlefaroptosi&#8221; title_text=&#8221;ofthalmologiki-monada-ioannina-laserlens-vlefaroptosi&#8221; align=&#8221;center&#8221; _builder_version=&#8221;4.4.9&#8243;][\/et_pb_image][\/et_pb_column][et_pb_column type=&#8221;3_5&#8243; _builder_version=&#8221;4.5.7&#8243;][et_pb_text _builder_version=&#8221;4.4.9&#8243; text_font=&#8221;Open Sans||||||||&#8221; text_text_color=&#8221;#000000&#8243; text_font_size=&#8221;16px&#8221; text_line_height=&#8221;1.8em&#8221; max_width=&#8221;700px&#8221; module_alignment=&#8221;center&#8221; hover_enabled=&#8221;0&#8243; text_font_size_tablet=&#8221;&#8221; text_font_size_phone=&#8221;14px&#8221; text_font_size_last_edited=&#8221;on|phone&#8221; locked=&#8221;off&#8221;]<\/p>\n<p style=\"text-align: justify;\">Prolapsi i qepallave \u00ebsht\u00eb nj\u00eb gjendje patologjike n\u00eb t\u00eb cil\u00ebn nj\u00eb ose t\u00eb dy qepallat jan\u00eb m\u00eb t\u00eb ul\u00ebta se pozicioni i tyre i sakt\u00eb, ndonj\u00ebher\u00eb duke kufizuar shikimin. Mund t\u00eb jet\u00eb kongjenitale ose e fituar. Shkaqet mund t\u00eb jen\u00eb shum\u00eb neurologjike, muskulare, post-traumatike, mekanike apo edhe t\u00eb lidhura me mosh\u00ebn. N\u00eb var\u00ebsi t\u00eb shkakut dhe shkall\u00ebs s\u00eb r\u00ebnies, ekzistojn\u00eb disa metoda p\u00ebr ta trajtuar at\u00eb.<\/p>\n<p>[\/et_pb_text][\/et_pb_column][\/et_pb_row][\/et_pb_section][et_pb_section fb_built=&#8221;1&#8243; admin_label=&#8221;Info&#8221; _builder_version=&#8221;4.4.9&#8243; use_background_color_gradient=&#8221;on&#8221; background_color_gradient_start=&#8221;#ffffff&#8221; background_color_gradient_end=&#8221;rgba(255,255,255,0.58)&#8221; background_color_gradient_direction=&#8221;90deg&#8221; background_color_gradient_overlays_image=&#8221;on&#8221; background_image=&#8221;https:\/\/laserlens.gr\/wp-content\/uploads\/2023\/01\/family-doctor-035.png&#8221; background_size=&#8221;initial&#8221; background_position=&#8221;bottom_center&#8221; background_repeat=&#8221;repeat&#8221; custom_padding=&#8221;3px|||||&#8221; locked=&#8221;off&#8221;][et_pb_row _builder_version=&#8221;4.4.9&#8243;][et_pb_column type=&#8221;4_4&#8243; _builder_version=&#8221;4.5.7&#8243;][et_pb_accordion open_toggle_text_color=&#8221;#ffffff&#8221; open_toggle_background_color=&#8221;#216477&#8243; closed_toggle_text_color=&#8221;#216477&#8243; icon_color=&#8221;#216477&#8243; use_icon_font_size=&#8221;on&#8221; icon_font_size=&#8221;20px&#8221; _builder_version=&#8221;4.4.9&#8243; toggle_text_color=&#8221;#216477&#8243; toggle_level=&#8221;h3&#8243; toggle_font=&#8221;Open Sans|600|||||||&#8221; toggle_font_size=&#8221;16px&#8221; toggle_line_height=&#8221;1.8em&#8221; closed_toggle_font=&#8221;Open Sans|600|||||||&#8221; body_font=&#8221;Open Sans||||||||&#8221; body_text_color=&#8221;#ffffff&#8221; body_font_size=&#8221;15px&#8221; body_line_height=&#8221;1.8em&#8221; custom_padding=&#8221;5px||||false|false&#8221; hover_enabled=&#8221;0&#8243; toggle_font_size_tablet=&#8221;16px&#8221; toggle_font_size_phone=&#8221;12px&#8221; toggle_font_size_last_edited=&#8221;on|phone&#8221; body_font_size_tablet=&#8221;14px&#8221; body_font_size_phone=&#8221;&#8221; body_font_size_last_edited=&#8221;on|tablet&#8221; border_radii=&#8221;on|12px|12px|12px|12px&#8221; border_width_all=&#8221;5px&#8221; border_color_all=&#8221;rgba(0,0,0,0)&#8221; border_width_all_tablet=&#8221;&#8221; border_width_all_phone=&#8221;0px&#8221; border_width_all_last_edited=&#8221;on|phone&#8221; locked=&#8221;off&#8221;][et_pb_accordion_item title=&#8221;Trajtimi&#8221; open=&#8221;on&#8221; _builder_version=&#8221;4.4.9&#8243; hover_enabled=&#8221;0&#8243; toggle_level=&#8221;h3&#8243; toggle_font=&#8221;Open Sans|600|||||||&#8221;]<\/p>\n<p style=\"text-align: justify;\">Ky \u00ebsht\u00eb nj\u00eb operacion q\u00eb kryhet me anestezi lokale dhe nuk k\u00ebrkon shtrimin n\u00eb spital. Prerja b\u00ebhet n\u00eb m\u00ebnyr\u00eb t\u00eb till\u00eb q\u00eb t\u00eb mos duket edhe pse sh\u00ebrimi i qepallave gjithsesi \u00ebsht\u00eb i shk\u00eblqyer. L\u00ebkura, muskujt dhe yndyra e tep\u00ebrt hiqen. M\u00eb pas, n\u00eb var\u00ebsi t\u00eb madh\u00ebsis\u00eb dhe llojit t\u00eb problemit, p\u00ebrdoret teknika e duhur p\u00ebr t\u00eb rikthyer asimetrin\u00eb e qepallave. L\u00ebkura \u00ebsht\u00eb e qepur me sutura shum\u00eb t\u00eb imta. N\u00ebse r\u00ebnia e qepall\u00ebs ka t\u00eb b\u00ebj\u00eb vet\u00ebm me nj\u00ebrin sy, duhet t\u00eb b\u00ebhet blefaroplastika standarde n\u00eb tjetrin n\u00eb m\u00ebnyr\u00eb q\u00eb t\u00eb dy syt\u00eb t\u00eb jen\u00eb simetrik.<\/p>\n<p>[\/et_pb_accordion_item][et_pb_accordion_item title=&#8221;Rim\u00ebk\u00ebmbja&#8221; _builder_version=&#8221;4.4.9&#8243; hover_enabled=&#8221;0&#8243; open=&#8221;off&#8221;]<\/p>\n<p style=\"text-align: justify;\">Pas operacionit, pacienti mund t\u00eb kthehet n\u00eb sht\u00ebpi sepse nuk k\u00ebrkohet shtrimi n\u00eb spital. P\u00ebr sh\u00ebrim t\u00eb plot\u00eb duhen 10 deri n\u00eb 15 dit\u00eb derisa t\u00eb p\u00ebrthithen \u00ebnjtjet periokulare dhe hematomat q\u00eb do t\u00eb krijohen fatalisht. P\u00ebr t&#8217;i kufizuar ato, n\u00eb or\u00ebt e para pas operacionit rekomandohet terapi me akull dhe copa t\u00eb ftohta, t\u00eb cilat s\u00eb bashku me qet\u00ebsuesit reduktojn\u00eb dhimbjet pas operacionit. Qepjet hiqen n\u00eb 5 deri n\u00eb 10 dit\u00eb dhe p\u00ebr rreth 1 muaj duhen shmangur ushtrimet e r\u00ebnda fizike, noti dhe l\u00ebvizjet e papritura t\u00eb kok\u00ebs.<\/p>\n<p>[\/et_pb_accordion_item][\/et_pb_accordion][\/et_pb_column][\/et_pb_row][\/et_pb_section]<\/p>\n","protected":false},"excerpt":{"rendered":"<p>Ptoza \u00ebsht\u00eb nj\u00eb gjendje patologjike n\u00eb t\u00eb cil\u00ebn nj\u00eb ose t\u00eb dy qepallat jan\u00eb m\u00eb t\u00eb ul\u00ebta se pozicioni i tyre i sakt\u00eb.<\/p>\n","protected":false},"author":1,"featured_media":215845,"parent":0,"menu_order":0,"comment_status":"closed","ping_status":"closed","template":"","meta":{"_et_pb_use_builder":"on","_et_pb_old_content":"","_et_gb_content_width":"","footnotes":""},"class_list":["post-215668","page","type-page","status-publish","has-post-thumbnail","hentry"],"_links":{"self":[{"href":"https:\/\/laserlens.gr\/sq\/wp-json\/wp\/v2\/pages\/215668"}],"collection":[{"href":"https:\/\/laserlens.gr\/sq\/wp-json\/wp\/v2\/pages"}],"about":[{"href":"https:\/\/laserlens.gr\/sq\/wp-json\/wp\/v2\/types\/page"}],"author":[{"embeddable":true,"href":"https:\/\/laserlens.gr\/sq\/wp-json\/wp\/v2\/users\/1"}],"replies":[{"embeddable":true,"href":"https:\/\/laserlens.gr\/sq\/wp-json\/wp\/v2\/comments?post=215668"}],"version-history":[{"count":8,"href":"https:\/\/laserlens.gr\/sq\/wp-json\/wp\/v2\/pages\/215668\/revisions"}],"predecessor-version":[{"id":216772,"href":"https:\/\/laserlens.gr\/sq\/wp-json\/wp\/v2\/pages\/215668\/revisions\/216772"}],"wp:featuredmedia":[{"embeddable":true,"href":"https:\/\/laserlens.gr\/sq\/wp-json\/wp\/v2\/media\/215845"}],"wp:attachment":[{"href":"https:\/\/laserlens.gr\/sq\/wp-json\/wp\/v2\/media?parent=215668"}],"curies":[{"name":"wp","href":"https:\/\/api.w.org\/{rel}","templated":true}]}}