{"id":215680,"date":"2023-01-26T11:02:51","date_gmt":"2023-01-26T09:02:51","guid":{"rendered":"https:\/\/laserlens.gr\/tumoret\/"},"modified":"2023-03-10T12:45:04","modified_gmt":"2023-03-10T10:45:04","slug":"tumoret","status":"publish","type":"page","link":"https:\/\/laserlens.gr\/sq\/tumoret\/","title":{"rendered":"Tumoret"},"content":{"rendered":"<p>[et_pb_section fb_built=&#8221;1&#8243; admin_label=&#8221;About&#8221; _builder_version=&#8221;4.4.9&#8243; background_color_gradient_direction=&#8221;90deg&#8221; background_enable_image=&#8221;off&#8221; background_size=&#8221;initial&#8221; background_position=&#8221;bottom_center&#8221; background_repeat=&#8221;repeat&#8221; custom_padding=&#8221;3px||3px|||&#8221; locked=&#8221;off&#8221;][et_pb_row column_structure=&#8221;1_4,3_4&#8243; _builder_version=&#8221;4.4.9&#8243; custom_padding=&#8221;5px||4px|||&#8221;][et_pb_column type=&#8221;1_4&#8243; _builder_version=&#8221;4.4.9&#8243;][et_pb_image src=&#8221;https:\/\/laserlens.gr\/wp-content\/uploads\/2023\/01\/vision-1.png&#8221; alt=&#8221;vision 1&#8243; title_text=&#8221;vision (1)&#8221; align=&#8221;center&#8221; _builder_version=&#8221;4.4.9&#8243; width=&#8221;35%&#8221;][\/et_pb_image][\/et_pb_column][et_pb_column type=&#8221;3_4&#8243; _builder_version=&#8221;4.4.9&#8243;][et_pb_text _builder_version=&#8221;4.4.9&#8243; header_font=&#8221;Open Sans||||||||&#8221; header_text_color=&#8221;#216477&#8243; header_font_size=&#8221;32px&#8221; custom_margin=&#8221;0.5vw||||false|false&#8221; header_text_align_tablet=&#8221;center&#8221; header_text_align_phone=&#8221;center&#8221; header_text_align_last_edited=&#8221;on|phone&#8221; header_font_size_tablet=&#8221;30px&#8221; header_font_size_phone=&#8221;24px&#8221; header_font_size_last_edited=&#8221;on|phone&#8221;]<\/p>\n<h1>Tumoret<\/h1>\n<p>[\/et_pb_text][et_pb_divider color=&#8221;#216477&#8243; divider_weight=&#8221;1px&#8221; _builder_version=&#8221;4.4.9&#8243; width=&#8221;12%&#8221; custom_margin=&#8221;-1.5vw||||false|false&#8221; module_alignment_tablet=&#8221;center&#8221; module_alignment_phone=&#8221;center&#8221; module_alignment_last_edited=&#8221;on|phone&#8221;][\/et_pb_divider][\/et_pb_column][\/et_pb_row][et_pb_row column_structure=&#8221;2_5,3_5&#8243; _builder_version=&#8221;4.5.7&#8243;][et_pb_column type=&#8221;2_5&#8243; _builder_version=&#8221;4.5.7&#8243;][et_pb_image src=&#8221;https:\/\/laserlens.gr\/wp-content\/uploads\/2023\/01\/ofthalmologiki-monada-ioannina-laserlens-ogkoi.jpg&#8221; alt=&#8221;ofthalmologiki monada ioannina laserlens ogkoi&#8221; title_text=&#8221;ofthalmologiki-monada-ioannina-laserlens-ogkoi&#8221; align=&#8221;center&#8221; _builder_version=&#8221;4.4.9&#8243;][\/et_pb_image][\/et_pb_column][et_pb_column type=&#8221;3_5&#8243; _builder_version=&#8221;4.5.7&#8243;][et_pb_text _builder_version=&#8221;4.4.9&#8243; text_font=&#8221;Open Sans||||||||&#8221; text_text_color=&#8221;#000000&#8243; text_font_size=&#8221;16px&#8221; text_line_height=&#8221;1.8em&#8221; max_width=&#8221;700px&#8221; module_alignment=&#8221;center&#8221; hover_enabled=&#8221;0&#8243; text_font_size_tablet=&#8221;&#8221; text_font_size_phone=&#8221;14px&#8221; text_font_size_last_edited=&#8221;on|phone&#8221; locked=&#8221;off&#8221;]<\/p>\n<p style=\"text-align: justify;\">Nj\u00eb tumor i referohet nj\u00eb rritjeje jonormale t\u00eb indeve dhe mund t\u00eb jet\u00eb beninje, para-malinje ose malinje. Karakteri i tumoreve malinje ndryshon dhe ndahet n\u00eb ato q\u00eb k\u00ebrkojn\u00eb shum\u00eb vite p\u00ebr t&#8217;u zhvilluar (dhe kan\u00eb nj\u00eb aft\u00ebsi t\u00eb kufizuar p\u00ebr t\u00eb metastazuar) dhe tumore q\u00eb rriten me shpejt\u00ebsi.<\/p>\n<p>[\/et_pb_text][\/et_pb_column][\/et_pb_row][\/et_pb_section][et_pb_section fb_built=&#8221;1&#8243; admin_label=&#8221;Info&#8221; _builder_version=&#8221;4.4.9&#8243; use_background_color_gradient=&#8221;on&#8221; background_color_gradient_start=&#8221;#ffffff&#8221; background_color_gradient_end=&#8221;rgba(255,255,255,0.58)&#8221; background_color_gradient_direction=&#8221;90deg&#8221; background_color_gradient_overlays_image=&#8221;on&#8221; background_image=&#8221;https:\/\/laserlens.gr\/wp-content\/uploads\/2023\/01\/family-doctor-035.png&#8221; background_size=&#8221;initial&#8221; background_position=&#8221;bottom_center&#8221; background_repeat=&#8221;repeat&#8221; custom_padding=&#8221;3px|||||&#8221; locked=&#8221;off&#8221;][et_pb_row _builder_version=&#8221;4.4.9&#8243;][et_pb_column type=&#8221;4_4&#8243; _builder_version=&#8221;4.5.7&#8243;][et_pb_accordion open_toggle_text_color=&#8221;#ffffff&#8221; open_toggle_background_color=&#8221;#216477&#8243; closed_toggle_text_color=&#8221;#216477&#8243; icon_color=&#8221;#216477&#8243; use_icon_font_size=&#8221;on&#8221; icon_font_size=&#8221;20px&#8221; _builder_version=&#8221;4.4.9&#8243; toggle_text_color=&#8221;#216477&#8243; toggle_level=&#8221;h3&#8243; toggle_font=&#8221;Open Sans|600|||||||&#8221; toggle_font_size=&#8221;16px&#8221; toggle_line_height=&#8221;1.8em&#8221; closed_toggle_font=&#8221;Open Sans|600|||||||&#8221; body_font=&#8221;Open Sans||||||||&#8221; body_text_color=&#8221;#ffffff&#8221; body_font_size=&#8221;15px&#8221; body_line_height=&#8221;1.8em&#8221; custom_padding=&#8221;5px||||false|false&#8221; hover_enabled=&#8221;0&#8243; toggle_font_size_tablet=&#8221;16px&#8221; toggle_font_size_phone=&#8221;12px&#8221; toggle_font_size_last_edited=&#8221;on|phone&#8221; body_font_size_tablet=&#8221;14px&#8221; body_font_size_phone=&#8221;&#8221; body_font_size_last_edited=&#8221;on|tablet&#8221; border_radii=&#8221;on|12px|12px|12px|12px&#8221; border_width_all=&#8221;5px&#8221; border_color_all=&#8221;rgba(0,0,0,0)&#8221; border_width_all_tablet=&#8221;&#8221; border_width_all_phone=&#8221;0px&#8221; border_width_all_last_edited=&#8221;on|phone&#8221; locked=&#8221;off&#8221;][et_pb_accordion_item title=&#8221;Simptomat&#8221; open=&#8221;on&#8221; _builder_version=&#8221;4.4.9&#8243; hover_enabled=&#8221;0&#8243; toggle_level=&#8221;h3&#8243; toggle_font=&#8221;Open Sans|600|||||||&#8221;]<\/p>\n<p style=\"text-align: justify;\">Simptomat ndryshojn\u00eb n\u00eb var\u00ebsi t\u00eb vendndodhjes dhe natyr\u00ebs s\u00eb tumorit. Tumoret e qepallave jan\u00eb p\u00ebrgjith\u00ebsisht t\u00eb duksh\u00ebm p\u00ebr pacientin dhe mund t\u00eb shkaktojn\u00eb \u00ebnjtje lokale, humbje t\u00eb lokalizuara t\u00eb qerpik\u00ebve, skuqje ose shqet\u00ebsim n\u00eb sy. Megjithat\u00eb, ka edhe tumore q\u00eb ndodhen n\u00eb sip\u00ebrfaqen e brendshme t\u00eb qepallave ose rreth zgavr\u00ebs s\u00eb syrit (gropa orbitale) dhe mund t\u00eb mos jen\u00eb aq t\u00eb dukshme. K\u00ebto t\u00eb fundit shfaqen me simptoma t\u00eb ndryshme, si dhimbje, \u00ebnjtje, turbullim t\u00eb shikimit, diplopi apo zhvendosje t\u00eb syrit.<\/p>\n<p>[\/et_pb_accordion_item][et_pb_accordion_item title=&#8221;Shkak&#8221; _builder_version=&#8221;4.4.9&#8243; hover_enabled=&#8221;0&#8243; open=&#8221;off&#8221;]<\/p>\n<p style=\"text-align: justify;\">N\u00eb shumic\u00ebn e rasteve shkaku i sakt\u00eb i nj\u00eb tumori nuk dihet, por faktor\u00ebt q\u00eb mendohet se luajn\u00eb nj\u00eb rol jan\u00eb:<\/p>\n<ul>\n<li style=\"text-align: justify;\">Mjedisi: nj\u00eb shembull tipik \u00ebsht\u00eb ekspozimi ndaj rrezeve t\u00eb diellit q\u00eb rrit rrezikun e zhvillimit t\u00eb tumoreve t\u00eb l\u00ebkur\u00ebs n\u00eb qepalla, ve\u00e7an\u00ebrisht te njer\u00ebzit me l\u00ebkur\u00eb t\u00eb hapur.<\/li>\n<li style=\"text-align: justify;\">Sistemi imunitar, i cili ruan vigjilenc\u00eb t\u00eb vazhdueshme ndaj qelizave q\u00eb shtohen anormalisht, n\u00ebse ka nj\u00eb prishje n\u00eb k\u00ebt\u00eb &#8216;mbik\u00ebqyrje&#8217;, mund t\u00eb zhvillohet nj\u00eb tumor. P\u00ebr k\u00ebt\u00eb arsye, pacient\u00ebt q\u00eb marrin ila\u00e7e t\u00eb forta q\u00eb shtypin sistemin imunitar jan\u00eb n\u00eb rrezik m\u00eb t\u00eb madh t\u00eb zhvillimit t\u00eb tumoreve.<\/li>\n<li style=\"text-align: justify;\">Trash\u00ebgimia: shumica kan\u00eb nj\u00eb predispozicion gjenetik, megjith\u00ebse vet\u00ebm jasht\u00ebzakonisht rrall\u00eb ka tumore q\u00eb trash\u00ebgohen drejtp\u00ebrdrejt nga nj\u00eb prind.<\/li>\n<\/ul>\n<p>[\/et_pb_accordion_item][et_pb_accordion_item title=&#8221;Si trajtohet&#8221; _builder_version=&#8221;4.4.9&#8243; hover_enabled=&#8221;0&#8243; open=&#8221;off&#8221;]<\/p>\n<p style=\"text-align: justify;\">Menaxhimi i tumoreve t\u00eb qepallave varet nga shum\u00eb faktor\u00eb si mosha dhe sh\u00ebndeti i p\u00ebrgjithsh\u00ebm i pacientit, natyra e tumorit dhe n\u00ebse mund t\u00eb ket\u00eb p\u00ebrhapje lokale ose t\u00eb p\u00ebrgjith\u00ebsuar t\u00eb tumorit. Tumoret e qepallave zakonisht trajtohen me ekscision t\u00eb plot\u00eb dhe kirurgji rind\u00ebrtuese oftalmoplastike. Tumori q\u00eb do t\u00eb hiqet d\u00ebrgohet p\u00ebr nj\u00eb biopsi p\u00ebr t\u00eb konfirmuar q\u00eb ai \u00ebsht\u00eb hequr plot\u00ebsisht. Disa tumore mund t\u00eb trajtohen me ftohje lokale (krioterapi), rrezatim ose trajtime mjek\u00ebsore q\u00eb stimulojn\u00eb sistemin imunitar p\u00ebr t\u00eb shkat\u00ebrruar qelizat anormale t\u00eb tumorit. Pacient\u00ebt me tumore t\u00eb caktuara (SCC, karcinoma e gj\u00ebndr\u00ebs dhjamore dhe melanoma) gjithashtu k\u00ebrkojn\u00eb nj\u00eb ekzaminim t\u00eb p\u00ebrgjithsh\u00ebm onkologjik p\u00ebr t\u00eb p\u00ebrjashtuar p\u00ebrhapjen e s\u00ebmundjes n\u00eb organe t\u00eb tjera, dhe kjo p\u00ebrfshin ekzaminimin e m\u00ebtejsh\u00ebm radiodiagnostik.Pacient\u00ebt me tumore t\u00eb caktuara (SCC, karcinoma e gj\u00ebndr\u00ebs dhjamore dhe melanoma) gjithashtu k\u00ebrkojn\u00eb nj\u00eb ekzaminim t\u00eb p\u00ebrgjithsh\u00ebm onkologjik p\u00ebr t\u00eb p\u00ebrjashtuar p\u00ebrhapjen e s\u00ebmundjes n\u00eb organe t\u00eb tjera, dhe kjo p\u00ebrfshin ekzaminimin e m\u00ebtejsh\u00ebm radiodiagnostik.<\/p>\n<p>[\/et_pb_accordion_item][\/et_pb_accordion][\/et_pb_column][\/et_pb_row][\/et_pb_section]<\/p>\n","protected":false},"excerpt":{"rendered":"<p>Karakteri i tumoreve malinje ndryshon dhe ndahet n\u00eb ato q\u00eb k\u00ebrkojn\u00eb shum\u00eb vite p\u00ebr t&#8217;u rritur ose rritur shpejt.<\/p>\n","protected":false},"author":1,"featured_media":215845,"parent":0,"menu_order":0,"comment_status":"closed","ping_status":"closed","template":"","meta":{"_et_pb_use_builder":"on","_et_pb_old_content":"","_et_gb_content_width":"","footnotes":""},"class_list":["post-215680","page","type-page","status-publish","has-post-thumbnail","hentry"],"_links":{"self":[{"href":"https:\/\/laserlens.gr\/sq\/wp-json\/wp\/v2\/pages\/215680"}],"collection":[{"href":"https:\/\/laserlens.gr\/sq\/wp-json\/wp\/v2\/pages"}],"about":[{"href":"https:\/\/laserlens.gr\/sq\/wp-json\/wp\/v2\/types\/page"}],"author":[{"embeddable":true,"href":"https:\/\/laserlens.gr\/sq\/wp-json\/wp\/v2\/users\/1"}],"replies":[{"embeddable":true,"href":"https:\/\/laserlens.gr\/sq\/wp-json\/wp\/v2\/comments?post=215680"}],"version-history":[{"count":8,"href":"https:\/\/laserlens.gr\/sq\/wp-json\/wp\/v2\/pages\/215680\/revisions"}],"predecessor-version":[{"id":216776,"href":"https:\/\/laserlens.gr\/sq\/wp-json\/wp\/v2\/pages\/215680\/revisions\/216776"}],"wp:featuredmedia":[{"embeddable":true,"href":"https:\/\/laserlens.gr\/sq\/wp-json\/wp\/v2\/media\/215845"}],"wp:attachment":[{"href":"https:\/\/laserlens.gr\/sq\/wp-json\/wp\/v2\/media?parent=215680"}],"curies":[{"name":"wp","href":"https:\/\/api.w.org\/{rel}","templated":true}]}}