{"id":215695,"date":"2023-01-26T11:44:50","date_gmt":"2023-01-26T09:44:50","guid":{"rendered":"https:\/\/laserlens.gr\/presbiopia\/"},"modified":"2023-03-10T12:47:01","modified_gmt":"2023-03-10T10:47:01","slug":"presbiopia","status":"publish","type":"page","link":"https:\/\/laserlens.gr\/sq\/presbiopia\/","title":{"rendered":"Presbiopia"},"content":{"rendered":"<p>[et_pb_section fb_built=&#8221;1&#8243; admin_label=&#8221;About&#8221; _builder_version=&#8221;4.4.9&#8243; background_color_gradient_direction=&#8221;90deg&#8221; background_enable_image=&#8221;off&#8221; background_size=&#8221;initial&#8221; background_position=&#8221;bottom_center&#8221; background_repeat=&#8221;repeat&#8221; custom_padding=&#8221;3px||3px|||&#8221; locked=&#8221;off&#8221;][et_pb_row column_structure=&#8221;1_4,3_4&#8243; _builder_version=&#8221;4.4.9&#8243; custom_padding=&#8221;5px||4px|||&#8221;][et_pb_column type=&#8221;1_4&#8243; _builder_version=&#8221;4.4.9&#8243;][et_pb_image src=&#8221;https:\/\/laserlens.gr\/wp-content\/uploads\/2023\/01\/vision-1.png&#8221; alt=&#8221;vision 1&#8243; title_text=&#8221;vision (1)&#8221; align=&#8221;center&#8221; _builder_version=&#8221;4.4.9&#8243; width=&#8221;35%&#8221;][\/et_pb_image][\/et_pb_column][et_pb_column type=&#8221;3_4&#8243; _builder_version=&#8221;4.4.9&#8243;][et_pb_text _builder_version=&#8221;4.4.9&#8243; header_font=&#8221;Open Sans||||||||&#8221; header_text_color=&#8221;#216477&#8243; header_font_size=&#8221;32px&#8221; custom_margin=&#8221;0.5vw||||false|false&#8221; header_text_align_tablet=&#8221;center&#8221; header_text_align_phone=&#8221;&#8221; header_text_align_last_edited=&#8221;on|phone&#8221; header_font_size_tablet=&#8221;30px&#8221; header_font_size_phone=&#8221;24px&#8221; header_font_size_last_edited=&#8221;on|phone&#8221;]<\/p>\n<h1>Presbiopia<\/h1>\n<p>[\/et_pb_text][et_pb_divider color=&#8221;#216477&#8243; divider_weight=&#8221;1px&#8221; _builder_version=&#8221;4.4.9&#8243; width=&#8221;24%&#8221; custom_margin=&#8221;-1.5vw||||false|false&#8221; module_alignment_tablet=&#8221;center&#8221; module_alignment_phone=&#8221;center&#8221; module_alignment_last_edited=&#8221;on|phone&#8221;][\/et_pb_divider][\/et_pb_column][\/et_pb_row][et_pb_row column_structure=&#8221;2_5,3_5&#8243; _builder_version=&#8221;4.5.7&#8243;][et_pb_column type=&#8221;2_5&#8243; _builder_version=&#8221;4.5.7&#8243;][et_pb_image src=&#8221;https:\/\/laserlens.gr\/wp-content\/uploads\/2023\/01\/ofthalmologiki-monada-ioannina-laserlens-presvyopia.jpg&#8221; alt=&#8221;ofthalmologiki monada ioannina laserlens presvyopia&#8221; title_text=&#8221;ofthalmologiki-monada-ioannina-laserlens-presvyopia&#8221; align=&#8221;center&#8221; _builder_version=&#8221;4.4.9&#8243;][\/et_pb_image][\/et_pb_column][et_pb_column type=&#8221;3_5&#8243; _builder_version=&#8221;4.5.7&#8243;][et_pb_text _builder_version=&#8221;4.4.9&#8243; text_font=&#8221;Open Sans||||||||&#8221; text_text_color=&#8221;#000000&#8243; text_font_size=&#8221;16px&#8221; text_line_height=&#8221;1.8em&#8221; max_width=&#8221;700px&#8221; module_alignment=&#8221;center&#8221; hover_enabled=&#8221;0&#8243; text_font_size_tablet=&#8221;&#8221; text_font_size_phone=&#8221;14px&#8221; text_font_size_last_edited=&#8221;on|phone&#8221; locked=&#8221;off&#8221;]<\/p>\n<p style=\"text-align: justify;\">\u00cbsht\u00eb v\u00ebshtir\u00ebsia e p\u00ebrqendrimit t\u00eb mpreht\u00eb n\u00eb objektet e af\u00ebrta, p.sh. leximi i nj\u00eb gazete, etj. Presbiopia \u00ebsht\u00eb nj\u00eb zhvillim krejt\u00ebsisht normal i sistemit vizual. T\u00eb gjith\u00eb njer\u00ebzit pas mosh\u00ebs 40 vje\u00e7are e p\u00ebrjetojn\u00eb k\u00ebt\u00eb degjenerim. N\u00eb presbiopi kemi humbje t\u00eb elasticitetit t\u00eb thjerr\u00ebz\u00ebs kristalore dhe rritje t\u00eb p\u00ebrmasave t\u00eb saj. Kjo, e kombinuar me uljen e funksionalitetit t\u00eb muskulit ciliar, na b\u00ebn t\u00eb paaft\u00eb t\u00eb fokusohemi fillimisht n\u00eb nj\u00eb distanc\u00eb t\u00eb af\u00ebrt dhe m\u00eb von\u00eb &#8211; n\u00eb nj\u00eb mas\u00eb m\u00eb t\u00eb vog\u00ebl &#8211; edhe n\u00eb distanc\u00eb. Zakonisht humbasim multifokalitetin q\u00eb kemi deri n\u00eb mosh\u00ebn 40 vje\u00e7are. Presbiopia shfaqet pas mosh\u00ebs 40 vje\u00e7are dhe p\u00ebrfundon n\u00eb mosh\u00ebn rreth 57-65 vje\u00e7.<\/p>\n<p>[\/et_pb_text][\/et_pb_column][\/et_pb_row][\/et_pb_section][et_pb_section fb_built=&#8221;1&#8243; admin_label=&#8221;Info&#8221; _builder_version=&#8221;4.4.9&#8243; use_background_color_gradient=&#8221;on&#8221; background_color_gradient_start=&#8221;#ffffff&#8221; background_color_gradient_end=&#8221;rgba(255,255,255,0.58)&#8221; background_color_gradient_direction=&#8221;90deg&#8221; background_color_gradient_overlays_image=&#8221;on&#8221; background_image=&#8221;https:\/\/laserlens.gr\/wp-content\/uploads\/2023\/01\/family-doctor-035.png&#8221; background_size=&#8221;initial&#8221; background_position=&#8221;bottom_center&#8221; background_repeat=&#8221;repeat&#8221; custom_padding=&#8221;3px|||||&#8221; locked=&#8221;off&#8221;][et_pb_row _builder_version=&#8221;4.4.9&#8243;][et_pb_column type=&#8221;4_4&#8243; _builder_version=&#8221;4.5.7&#8243;][et_pb_accordion open_toggle_text_color=&#8221;#ffffff&#8221; open_toggle_background_color=&#8221;#216477&#8243; closed_toggle_text_color=&#8221;#216477&#8243; icon_color=&#8221;#216477&#8243; use_icon_font_size=&#8221;on&#8221; icon_font_size=&#8221;20px&#8221; _builder_version=&#8221;4.4.9&#8243; toggle_text_color=&#8221;#216477&#8243; toggle_level=&#8221;h3&#8243; toggle_font=&#8221;Open Sans|600|||||||&#8221; toggle_font_size=&#8221;16px&#8221; toggle_line_height=&#8221;1.8em&#8221; closed_toggle_font=&#8221;Open Sans|600|||||||&#8221; body_font=&#8221;Open Sans||||||||&#8221; body_text_color=&#8221;#ffffff&#8221; body_font_size=&#8221;15px&#8221; body_line_height=&#8221;1.8em&#8221; custom_padding=&#8221;5px||||false|false&#8221; hover_enabled=&#8221;0&#8243; toggle_font_size_tablet=&#8221;16px&#8221; toggle_font_size_phone=&#8221;12px&#8221; toggle_font_size_last_edited=&#8221;on|phone&#8221; body_font_size_tablet=&#8221;14px&#8221; body_font_size_phone=&#8221;&#8221; body_font_size_last_edited=&#8221;on|tablet&#8221; border_radii=&#8221;on|12px|12px|12px|12px&#8221; border_width_all=&#8221;5px&#8221; border_color_all=&#8221;rgba(0,0,0,0)&#8221; border_width_all_tablet=&#8221;&#8221; border_width_all_phone=&#8221;0px&#8221; border_width_all_last_edited=&#8221;on|phone&#8221; locked=&#8221;off&#8221;][et_pb_accordion_item title=&#8221;Shkaqet&#8221; open=&#8221;on&#8221; _builder_version=&#8221;4.4.9&#8243; hover_enabled=&#8221;0&#8243; toggle_level=&#8221;h3&#8243; toggle_font=&#8221;Open Sans|600|||||||&#8221;]<\/p>\n<p style=\"text-align: justify;\">Shumica e ekspert\u00ebve pajtohen se presbiopia shkaktohet nga ngurt\u00ebsimi i thjerr\u00ebzave t\u00eb syrit q\u00eb zhvillohet me plakjen. Lente b\u00ebhet m\u00eb pak fleksib\u00ebl dhe nuk mund t\u00eb ndryshoj\u00eb m\u00eb form\u00ebn, duke b\u00ebr\u00eb q\u00eb imazhet nga af\u00ebr t\u00eb shfaqen jasht\u00eb fokusit (t\u00eb paqart\u00eb).<\/p>\n<p style=\"text-align: justify;\">Edhe pse presbiopia shfaqet gjithmon\u00eb, jo t\u00eb gjith\u00eb preken n\u00eb t\u00eb nj\u00ebjt\u00ebn shkall\u00eb.<\/p>\n<p>[\/et_pb_accordion_item][et_pb_accordion_item title=&#8221;Si trajtohet&#8221; _builder_version=&#8221;4.4.9&#8243; hover_enabled=&#8221;0&#8243; open=&#8221;off&#8221;]<\/p>\n<p style=\"text-align: justify;\">Trajtimi i presbiopis\u00eb varet nga mosha e pacientit dhe nga prania dhe lloji i simptomave. \u00cbsht\u00eb rregulluar nga:<\/p>\n<ul>\n<li style=\"text-align: justify;\">P\u00ebrdorimi i syzeve ose lenteve t\u00eb kontaktit.<\/li>\n<li style=\"text-align: justify;\">Lente intraokulare monofokale.<\/li>\n<li style=\"text-align: justify;\">Lente intraokulare BIFOCAL. (\u00ebsht\u00eb nj\u00eb lente speciale intraokulare q\u00eb ka pika t\u00eb shumta fokusimi p\u00ebr korrigjimin e distanc\u00ebs, t\u00eb nd\u00ebrmjetme dhe t\u00eb af\u00ebrt) P\u00ebr korrigjimin e miopis\u00eb ose hipermetropis\u00eb dhe presbiopis\u00eb.<\/li>\n<li style=\"text-align: justify;\">Lente intraokulare TRIFOCAL (\u00ebsht\u00eb nj\u00eb lente intraokulare speciale q\u00eb ka pika fokale t\u00eb shumta p\u00ebr korrigjimin e distanc\u00ebs, t\u00eb nd\u00ebrmjetme dhe t\u00eb af\u00ebrt) P\u00ebr korrigjimin e miopis\u00eb ose hipermetropis\u00eb dhe presbiopis\u00eb.<\/li>\n<li style=\"text-align: justify;\">Lentet intraokulare BIFOCAL TORIC (\u00ebsht\u00eb nj\u00eb lente speciale intraokulare q\u00eb ka shum\u00eb pika fokale p\u00ebr korrigjimin e distanc\u00ebs, t\u00eb nd\u00ebrmjetme, af\u00ebr distanc\u00ebs dhe p\u00ebr korrigjimin e astigmatizmit t\u00eb kornes\u00eb). P\u00ebr korrigjimin e miopis\u00eb ose hipermetropis\u00eb, astigmatizmit dhe presbiopis\u00eb.<\/li>\n<li style=\"text-align: justify;\">Lente intraokulare TRIFOCAL TORIC (\u00ebsht\u00eb nj\u00eb lente speciale intraokulare q\u00eb ka shum\u00eb pika fokale p\u00ebr korrigjimin e distanc\u00ebs, t\u00eb nd\u00ebrmjetme, af\u00ebr distanc\u00ebs dhe p\u00ebr korrigjimin e astigmatizmit t\u00eb kornes\u00eb). P\u00ebr korrigjimin e miopis\u00eb ose hipermetropis\u00eb, astigmatizmit dhe presbiopis\u00eb.<\/li>\n<li style=\"text-align: justify;\">Kirurgjia refraktive (kirurgjia monovizion me LASER excimer).<\/li>\n<li style=\"text-align: justify;\">Trajtimi me teknik\u00ebn PiXL e cila \u00ebsht\u00eb n\u00eb faz\u00ebn e hulumtimit.<\/li>\n<\/ul>\n<p>[\/et_pb_accordion_item][\/et_pb_accordion][\/et_pb_column][\/et_pb_row][\/et_pb_section]<\/p>\n","protected":false},"excerpt":{"rendered":"<p>T\u00eb gjith\u00eb personat pas mosh\u00ebs 40 vje\u00e7are p\u00ebrjetojn\u00eb presbiopi ku kemi humbje t\u00eb elasticitetit t\u00eb thjerr\u00ebz\u00ebs kristalore dhe rritje t\u00eb p\u00ebrmasave t\u00eb saj.<\/p>\n","protected":false},"author":1,"featured_media":215845,"parent":0,"menu_order":0,"comment_status":"closed","ping_status":"closed","template":"","meta":{"_et_pb_use_builder":"on","_et_pb_old_content":"","_et_gb_content_width":"","footnotes":""},"class_list":["post-215695","page","type-page","status-publish","has-post-thumbnail","hentry"],"_links":{"self":[{"href":"https:\/\/laserlens.gr\/sq\/wp-json\/wp\/v2\/pages\/215695"}],"collection":[{"href":"https:\/\/laserlens.gr\/sq\/wp-json\/wp\/v2\/pages"}],"about":[{"href":"https:\/\/laserlens.gr\/sq\/wp-json\/wp\/v2\/types\/page"}],"author":[{"embeddable":true,"href":"https:\/\/laserlens.gr\/sq\/wp-json\/wp\/v2\/users\/1"}],"replies":[{"embeddable":true,"href":"https:\/\/laserlens.gr\/sq\/wp-json\/wp\/v2\/comments?post=215695"}],"version-history":[{"count":6,"href":"https:\/\/laserlens.gr\/sq\/wp-json\/wp\/v2\/pages\/215695\/revisions"}],"predecessor-version":[{"id":216780,"href":"https:\/\/laserlens.gr\/sq\/wp-json\/wp\/v2\/pages\/215695\/revisions\/216780"}],"wp:featuredmedia":[{"embeddable":true,"href":"https:\/\/laserlens.gr\/sq\/wp-json\/wp\/v2\/media\/215845"}],"wp:attachment":[{"href":"https:\/\/laserlens.gr\/sq\/wp-json\/wp\/v2\/media?parent=215695"}],"curies":[{"name":"wp","href":"https:\/\/api.w.org\/{rel}","templated":true}]}}