{"id":215713,"date":"2023-01-25T14:02:49","date_gmt":"2023-01-25T12:02:49","guid":{"rendered":"https:\/\/laserlens.gr\/kontrolli-okulistik\/"},"modified":"2023-02-07T16:01:03","modified_gmt":"2023-02-07T14:01:03","slug":"kontrolli-okulistik","status":"publish","type":"page","link":"https:\/\/laserlens.gr\/sq\/kontrolli-okulistik\/","title":{"rendered":"Kontrolli okulistik"},"content":{"rendered":"<p>[et_pb_section fb_built=&#8221;1&#8243; admin_label=&#8221;About&#8221; _builder_version=&#8221;4.4.9&#8243; use_background_color_gradient=&#8221;on&#8221; background_color_gradient_start=&#8221;rgba(255,255,255,0.58)&#8221; background_color_gradient_end=&#8221;#ffffff&#8221; background_color_gradient_direction=&#8221;90deg&#8221; background_color_gradient_overlays_image=&#8221;on&#8221; background_image=&#8221;https:\/\/laserlens.gr\/wp-content\/uploads\/2023\/01\/family-doctor-035.png&#8221; background_size=&#8221;initial&#8221; background_position=&#8221;bottom_center&#8221; background_repeat=&#8221;repeat&#8221; custom_padding=&#8221;3px|||||&#8221; locked=&#8221;off&#8221;][et_pb_row column_structure=&#8221;1_4,3_4&#8243; _builder_version=&#8221;4.4.9&#8243; custom_padding=&#8221;5px||4px|||&#8221;][et_pb_column type=&#8221;1_4&#8243; _builder_version=&#8221;4.4.9&#8243;][et_pb_image src=&#8221;https:\/\/laserlens.gr\/wp-content\/uploads\/2023\/01\/vision-1.png&#8221; alt=&#8221;vision 1&#8243; title_text=&#8221;vision (1)&#8221; align=&#8221;center&#8221; _builder_version=&#8221;4.4.9&#8243; width=&#8221;35%&#8221;][\/et_pb_image][\/et_pb_column][et_pb_column type=&#8221;3_4&#8243; _builder_version=&#8221;4.4.9&#8243;][et_pb_text _builder_version=&#8221;4.4.9&#8243; header_font=&#8221;Open Sans||||||||&#8221; header_text_color=&#8221;#216477&#8243; custom_margin=&#8221;0.5vw||||false|false&#8221;]<\/p>\n<h1>Kontrolli okulistik<\/h1>\n<p>[\/et_pb_text][et_pb_divider color=&#8221;#216477&#8243; divider_weight=&#8221;1px&#8221; _builder_version=&#8221;4.4.9&#8243; width=&#8221;45%&#8221; custom_margin=&#8221;-1.5vw||||false|false&#8221;][\/et_pb_divider][\/et_pb_column][\/et_pb_row][et_pb_row column_structure=&#8221;2_5,3_5&#8243; _builder_version=&#8221;4.5.7&#8243;][et_pb_column type=&#8221;2_5&#8243; _builder_version=&#8221;4.5.7&#8243;][et_pb_image src=&#8221;https:\/\/laserlens.gr\/wp-content\/uploads\/2023\/01\/ofthalmologiki-monada-ioannina-laserlens-ofthalmologiko-check-up.png&#8221; alt=&#8221;ofthalmologiki monada ioannina laserlens ofthalmologiko check up&#8221; title_text=&#8221;ofthalmologiki-monada-ioannina-laserlens-ofthalmologiko-check-up&#8221; align=&#8221;center&#8221; _builder_version=&#8221;4.4.9&#8243;][\/et_pb_image][\/et_pb_column][et_pb_column type=&#8221;3_5&#8243; _builder_version=&#8221;4.5.7&#8243;][et_pb_text _builder_version=&#8221;4.4.9&#8243; text_font=&#8221;Open Sans||||||||&#8221; text_text_color=&#8221;#000000&#8243; text_font_size=&#8221;16px&#8221; text_line_height=&#8221;1.8em&#8221; max_width=&#8221;700px&#8221; module_alignment=&#8221;center&#8221; text_font_size_tablet=&#8221;&#8221; text_font_size_phone=&#8221;14px&#8221; text_font_size_last_edited=&#8221;on|phone&#8221; locked=&#8221;off&#8221;]<\/p>\n<p>Kontrolli fillestar oftalmologjik \u00ebsht\u00eb hapi i par\u00eb p\u00ebr parandalimin efektiv, i cili p\u00ebrfshin:<\/p>\n<ul>\n<li>Marrja e historis\u00eb: Regjistrimi i s\u00ebmundjeve, alergjive, marrja e medikamenteve, historia e operacioneve.<\/li>\n<li>Testi i mpreht\u00ebsis\u00eb s\u00eb shikimit: Diagnoza e \u00e7rregullimeve refraktive (miopi, hipermetropi, astigmatiz\u00ebm, presbiopi).<\/li>\n<li>Kontrolli i presionit intraokular<\/li>\n<li>Ekzaminimi i llamb\u00ebs s\u00eb \u00e7ar\u00eb: Me nj\u00eb mikroskop t\u00eb ve\u00e7ant\u00eb ekzaminojm\u00eb hemisfer\u00ebn e p\u00ebrparme t\u00eb syrit, p\u00ebr t\u00eb zbuluar ndryshimet n\u00eb qepallat, konjuktiv\u00ebn, kornen\u00eb dhe thjerr\u00ebzat (katarakt).<\/li>\n<li>Endoskopia: Me p\u00ebrdorimin e pikave midriatike kontrollohet pjesa e pasme e syrit (retina, nervi optik dhe makula).<\/li>\n<\/ul>\n<p>[\/et_pb_text][\/et_pb_column][\/et_pb_row][\/et_pb_section]<\/p>\n","protected":false},"excerpt":{"rendered":"<p>Kontrolli fillestar oftalmologjik \u00ebsht\u00eb hapi i par\u00eb p\u00ebr parandalimin efektiv t\u00eb \u00e7do s\u00ebmundjeje dhe anomalie okulistike.<\/p>\n","protected":false},"author":1,"featured_media":215845,"parent":0,"menu_order":0,"comment_status":"closed","ping_status":"closed","template":"","meta":{"_et_pb_use_builder":"on","_et_pb_old_content":"","_et_gb_content_width":"","footnotes":""},"class_list":["post-215713","page","type-page","status-publish","has-post-thumbnail","hentry"],"_links":{"self":[{"href":"https:\/\/laserlens.gr\/sq\/wp-json\/wp\/v2\/pages\/215713"}],"collection":[{"href":"https:\/\/laserlens.gr\/sq\/wp-json\/wp\/v2\/pages"}],"about":[{"href":"https:\/\/laserlens.gr\/sq\/wp-json\/wp\/v2\/types\/page"}],"author":[{"embeddable":true,"href":"https:\/\/laserlens.gr\/sq\/wp-json\/wp\/v2\/users\/1"}],"replies":[{"embeddable":true,"href":"https:\/\/laserlens.gr\/sq\/wp-json\/wp\/v2\/comments?post=215713"}],"version-history":[{"count":5,"href":"https:\/\/laserlens.gr\/sq\/wp-json\/wp\/v2\/pages\/215713\/revisions"}],"predecessor-version":[{"id":216284,"href":"https:\/\/laserlens.gr\/sq\/wp-json\/wp\/v2\/pages\/215713\/revisions\/216284"}],"wp:featuredmedia":[{"embeddable":true,"href":"https:\/\/laserlens.gr\/sq\/wp-json\/wp\/v2\/media\/215845"}],"wp:attachment":[{"href":"https:\/\/laserlens.gr\/sq\/wp-json\/wp\/v2\/media?parent=215713"}],"curies":[{"name":"wp","href":"https:\/\/api.w.org\/{rel}","templated":true}]}}