{"id":216501,"date":"2023-02-02T17:49:40","date_gmt":"2023-02-02T15:49:40","guid":{"rendered":"https:\/\/laserlens.gr\/politika-e-privatesise\/"},"modified":"2023-02-07T16:07:18","modified_gmt":"2023-02-07T14:07:18","slug":"politika-e-privatesise","status":"publish","type":"page","link":"https:\/\/laserlens.gr\/sq\/politika-e-privatesise\/","title":{"rendered":"Politika e privat\u00ebsis\u00eb"},"content":{"rendered":"<p>[et_pb_section fb_built=&#8221;1&#8243; _builder_version=&#8221;4.4.9&#8243;][et_pb_row _builder_version=&#8221;4.4.9&#8243;][et_pb_column type=&#8221;4_4&#8243; _builder_version=&#8221;4.4.9&#8243;][et_pb_text _builder_version=&#8221;4.4.9&#8243;]<\/p>\n<h1>Politika e privat\u00ebsis\u00eb laserlens.gr<\/h1>\n<p>Menaxhimi dhe mbrojtja e t\u00eb dh\u00ebnave personale t\u00eb vizitorit\/p\u00ebrdoruesit t\u00eb sh\u00ebrbimeve t\u00eb laserlens.gr i n\u00ebnshtrohet dispozitave p\u00ebrkat\u00ebse t\u00eb legjislacionit europian (Rregullorja e BE-s\u00eb, 2016\/679) p\u00ebr mbrojtjen e individit dhe mbrojtjen e t\u00eb dh\u00ebnave personale. N\u00eb \u00e7do rast, laserlens.gr rezervon t\u00eb drejt\u00ebn t\u00eb ndryshoj\u00eb kushtet e mbrojtjes s\u00eb t\u00eb dh\u00ebnave personale pas informimit t\u00eb vizitor\u00ebve\/p\u00ebrdoruesve dhe brenda kuadrit ligjor ekzistues ose t\u00eb mundsh\u00ebm. P\u00ebrdorimi\/vizita n\u00ebnkupton pranimin e k\u00ebtyre kushteve.<\/p>\n<p><strong>1. \u00c7far\u00eb t\u00eb dh\u00ebnash mbledhim?<\/strong><\/p>\n<p>T\u00eb dh\u00ebnat e identifikimit: Emri<\/p>\n<p>T\u00eb dh\u00ebnat e kontaktit: Adresa e post\u00ebs elektronike, Telefoni.<\/p>\n<p>T\u00eb dh\u00ebnat e nd\u00ebrveprimit t\u00eb sh\u00ebrbimit n\u00eb internet: adresa IP, skedar\u00ebt e skedar\u00ebve, informacioni i shfletuesit, t\u00eb dh\u00ebnat demografike (p.sh. gjuha), t\u00eb dh\u00ebnat e pajisjes, etj. <strong>t\u00eb cilat nuk ju identifikojn\u00eb drejtp\u00ebrdrejt.<\/strong><\/p>\n<p><strong>2. Nga jan\u00eb mbledhur t\u00eb dh\u00ebnat?<\/strong><\/p>\n<p>T\u00eb dh\u00ebnat tuaja personale t\u00eb m\u00ebsip\u00ebrme jan\u00eb mbledhur nga formulari i kontaktit laserles.gr dhe ekskluzivisht me iniciativ\u00ebn tuaj.<\/p>\n<p><strong>3. Pse i mbledhim dhe si i p\u00ebrpunojm\u00eb t\u00eb dh\u00ebnat?<\/strong><\/p>\n<p>laserlens.gr mbledh dhe p\u00ebrdor t\u00eb dh\u00ebna personale vet\u00ebm n\u00eb mas\u00ebn q\u00eb kjo \u00ebsht\u00eb e nevojshme p\u00ebr t\u00eb p\u00ebrmbushur q\u00ebllimet p\u00ebr t\u00eb cilat jan\u00eb marr\u00eb.<\/p>\n<p>laserlens.gr mund t\u00eb p\u00ebrdor\u00eb t\u00eb dh\u00ebnat tuaja personale p\u00ebr disa ose t\u00eb gjitha q\u00ebllimet e m\u00ebposhtme:<\/p>\n<p>\u2022 Ve\u00e7orit\u00eb e rrjeteve sociale \u2013 p\u00ebr t&#8217;ju ofruar nj\u00eb s\u00ebr\u00eb ve\u00e7orish t\u00eb rrjeteve sociale<\/p>\n<p>\u2022 P\u00ebrgjigjet e pyetjeve q\u00eb na b\u00ebni p\u00ebrmes formularit t\u00eb kontaktit.<\/p>\n<p><strong>4. Sa koh\u00eb i ruajm\u00eb t\u00eb dh\u00ebnat tuaja?<\/strong><\/p>\n<p>T\u00eb dh\u00ebnat q\u00eb na jepni do t\u00eb mbahen n\u00eb dosje derisa t\u00eb na k\u00ebrkoni t&#8217;i fshijm\u00eb.<\/p>\n<p><strong>5. Kush ka akses n\u00eb t\u00eb dh\u00ebnat tuaja personale?<\/strong><\/p>\n<p>\u03a5\u03c0\u03b5\u03cd\u03b8\u03c5\u03bdo \u03b3\u03b9\u03b1 \u03c4\u03b7\u03bd \u03b5\u03c0\u03b5\u03be\u03b5\u03c1\u03b3\u03b1\u03c3\u03af\u03b1 \u03c4\u03c9\u03bd \u03b4\u03b5\u03b4\u03bf\u03bc\u03ad\u03bd\u03c9\u03bd \u03c3\u03bf\u03c5 \u03b5\u03af\u03bd\u03b1\u03b9 \u03b1\u03c0\u03bf\u03ba\u03bb\u03b5\u03b9\u03c3\u03c4\u03b9\u03ba\u03ac \u03c4\u03bf laserlens.gr<\/p>\n<p><strong>6. Ku mund t\u00eb kontaktoni p\u00ebr \u00e7do \u00e7\u00ebshtje q\u00eb lidhet me p\u00ebrpunimin e t\u00eb dh\u00ebnave tuaja personale?<\/strong><\/p>\n<p>P\u00ebr Zyrtarin e Mbrojtjes s\u00eb t\u00eb Dh\u00ebnave n\u00eb adres\u00ebn e m\u00ebposhtme t\u00eb emailit: info@laserlens.gr<\/p>\n<p><strong>7. Cilat jan\u00eb t\u00eb drejtat tuaja dhe si mund t&#8217;i ushtroni ato?<\/strong><\/p>\n<p>Ju keni t\u00eb drejt\u00eb t\u00eb dini se cilat t\u00eb dh\u00ebna personale n\u00eb lidhje me ju mbajm\u00eb dhe p\u00ebrpunojm\u00eb, si dhe origjin\u00ebn e tyre.<\/p>\n<p>Ju keni t\u00eb drejt\u00eb t\u00eb k\u00ebrkoni q\u00eb ato t\u00eb korrigjohen dhe\/ose plot\u00ebsohen n\u00eb m\u00ebnyr\u00eb q\u00eb t\u00eb jen\u00eb t\u00eb plota dhe t\u00eb sakta.<\/p>\n<p>Ju gjithashtu keni t\u00eb drejt\u00eb t\u00eb b\u00ebni nj\u00eb ankes\u00eb pran\u00eb Autoritetit t\u00eb Mbrojtjes s\u00eb t\u00eb Dh\u00ebnave Personale (www.dpa.gr) n\u00ebse besoni se ju dhe t\u00eb drejtat tuaja po shkelen n\u00eb \u00e7far\u00ebdo m\u00ebnyre.<\/p>\n<p>Ne do t\u00eb marrim \u00e7do mas\u00eb t\u00eb mundshme p\u00ebr plot\u00ebsimin e k\u00ebrkesave tuaja dhe do t&#8217;ju p\u00ebrgjigjemi brenda tridhjet\u00eb (30) dit\u00ebve dhe vet\u00ebm n\u00ebse kjo nuk \u00ebsht\u00eb e mundur, do t&#8217;ju njoftojm\u00eb p\u00ebr zgjatjen e nevojshme t\u00eb afatit t\u00eb m\u00ebsip\u00ebrm, i cili megjithat\u00eb nuk do t\u00eb i kalon gjasht\u00ebdhjet\u00eb (60) dit\u00eb shtes\u00eb. Ushtrimi i t\u00eb drejtave \u00ebsht\u00eb falas, por mund t\u00eb ket\u00eb tarif\u00eb vet\u00ebm n\u00eb rastet e abuzimit t\u00eb provuar, gj\u00eb q\u00eb do t\u00eb sjell\u00eb kosto shtes\u00eb administrative p\u00ebr ne.<\/p>\n<h2><strong>PSE PERDORIM COOKIES?<\/strong><\/h2>\n<p>Ne p\u00ebrdorim cookie p\u00ebr t\u00eb p\u00ebrmir\u00ebsuar funksionimin e faqes s\u00eb internetit, shfletimin tuaj t\u00eb sakt\u00eb, lidhjen tuaj t\u00eb leht\u00eb dhe l\u00ebvizjen tuaj t\u00eb qet\u00eb n\u00eb faqet e saj individuale. N\u00eb t\u00eb nj\u00ebjt\u00ebn koh\u00eb, cookies na lejojn\u00eb t&#8217;ju prezantojm\u00eb me p\u00ebrmbajtje reklamuese dhe edukative n\u00eb lidhje me interesat dhe nevojat tuaja.<\/p>\n<p>Cookies gjithashtu na ndihmojn\u00eb t\u00eb analizojm\u00eb se si vizitor\u00ebt p\u00ebrdorin faqen ton\u00eb t\u00eb internetit, si lundrojn\u00eb dhe \u00e7far\u00eb p\u00ebrjetojn\u00eb. N\u00eb k\u00ebt\u00eb m\u00ebnyr\u00eb ne mund t\u00eb optimizojm\u00eb vazhdimisht funksionimin e faqes dhe t\u00eb p\u00ebrballemi me \u00e7do problem q\u00eb mund t\u00eb lind\u00eb.<\/p>\n<p>I gjith\u00eb informacioni i mbledhur nga k\u00ebto cookie p\u00ebrdoret vet\u00ebm p\u00ebr t\u00eb p\u00ebrmir\u00ebsuar p\u00ebrvoj\u00ebn tuaj t\u00eb blerjeve, struktur\u00ebn dhe p\u00ebrmbajtjen e faqes n\u00eb internet dhe p\u00ebrdorimi i tyre \u00ebsht\u00eb i pajtuesh\u00ebm dhe i harmonizuar me k\u00ebrkesat e rregullores GDPR (E.E. 2016\/679)<\/p>\n<h3><strong>\u00c7FAR\u00cb JAN\u00cb KOKI?<\/strong><\/h3>\n<p>Cookies jan\u00eb pjes\u00eb informacioni n\u00eb form\u00ebn e tekstit shum\u00eb t\u00eb vog\u00ebl, t\u00eb ruajtura n\u00eb shfletuesin q\u00eb p\u00ebrdorni n\u00eb PC, Smartphone dhe tablet (Chrome, Mozilla Firefox, etj.), duke ndihmuar n\u00eb funksionimin m\u00eb efikas t\u00eb faqes son\u00eb. Cookies n\u00eb asnj\u00eb m\u00ebnyr\u00eb nuk shkaktojn\u00eb d\u00ebme n\u00eb kompjuter\u00ebt e p\u00ebrdoruesve ose skedar\u00ebt e ruajtur n\u00eb to. Informacioni i ruajtur n\u00eb cookies p\u00ebrdoret p\u00ebr q\u00ebllime identifikimi dhe optimizimi.<\/p>\n<p><strong>kategorit\u00eb<\/strong><\/p>\n<p><strong>I) Cookies t\u00eb nevojshme<\/strong><\/p>\n<p>Ato lejojn\u00eb ekzekutimin e funksioneve baz\u00eb t\u00eb faqes, si shtimi i produkteve n\u00eb shport\u00eb, pagesa elektronike dhe ruajtja e produkteve n\u00eb list\u00ebn e d\u00ebshirave. Pa k\u00ebto &#8220;Cookies&#8221; absolutisht t\u00eb nevojshme, funksionimi i qet\u00eb i dyqanit\/faqes elektronike preket menj\u00ebher\u00eb, por p\u00ebrvoja juaj personale e navigimit \u00ebsht\u00eb gjithashtu e degraduar pasi funksionet baz\u00eb t\u00eb tregtis\u00eb elektronike nuk jan\u00eb t\u00eb fuqizuara.<\/p>\n<p><strong>II) Cookies t\u00eb performanc\u00ebs<\/strong><\/p>\n<p>Kukit e performanc\u00ebs mbledhin informacione rreth m\u00ebnyr\u00ebs se si vizitor\u00ebt p\u00ebrdorin faqen e internetit. Ato na lejojn\u00eb t\u00eb shohim se cilat faqe vizitohen m\u00eb shpesh ose na tregojn\u00eb n\u00ebse ata po p\u00ebrjetojn\u00eb ndonj\u00eb problem gjat\u00eb lundrimit. K\u00ebto cookie nuk mbledhin informacion q\u00eb identifikon vizitorin. I gjith\u00eb informacioni i mbledhur nga k\u00ebto cookie grumbullohet dhe p\u00ebrdoret vet\u00ebm p\u00ebr t\u00eb p\u00ebrmir\u00ebsuar m\u00ebnyr\u00ebn se si funksionon faqja jon\u00eb.<\/p>\n<p><strong>III) Cookie funksionale<\/strong><\/p>\n<p>K\u00ebto cookie &#8220;kujtojn\u00eb&#8221; preferencat tuaja kur shfletoni faqen ton\u00eb, n\u00eb m\u00ebnyr\u00eb q\u00eb ne t\u00eb rekomandojm\u00eb produktet e duhura bazuar n\u00eb nevojat tuaja. Me k\u00ebto cookie ju shijoni nj\u00eb version t\u00eb personalizuar t\u00eb faqes son\u00eb t\u00eb internetit, duke e b\u00ebr\u00eb shum\u00eb m\u00eb t\u00eb leht\u00eb gjetjen e asaj q\u00eb k\u00ebrkoni.<\/p>\n<p><strong>IV) Cookie reklamimi<\/strong><\/p>\n<p>K\u00ebto cookie p\u00ebrdoren p\u00ebr t\u00eb ofruar reklama m\u00eb t\u00eb r\u00ebnd\u00ebsishme p\u00ebr ju dhe interesat tuaja. Ato p\u00ebrdoren gjithashtu p\u00ebr t\u00eb d\u00ebrguar reklama ose oferta t\u00eb synuara me q\u00ebllim t\u00eb kufizimit t\u00eb mesazheve reklamuese me shumic\u00eb, t\u00eb pad\u00ebshiruar dhe t\u00eb par\u00ebnd\u00ebsishme. N\u00eb t\u00eb nj\u00ebjt\u00ebn koh\u00eb, ato na ndihmojn\u00eb t\u00eb masim efektivitetin e fushatave reklamuese.<\/p>\n<p><strong>V) Analiza e Cookies<\/strong><\/p>\n<p>Ato jan\u00eb nj\u00eb n\u00ebngrup i Cookies Funksionaliteti dhe na mund\u00ebsojn\u00eb t\u00eb vler\u00ebsojm\u00eb efektivitetin e funksioneve t\u00eb ndryshme t\u00eb faqes son\u00eb, n\u00eb m\u00ebnyr\u00eb q\u00eb t\u00eb p\u00ebrmir\u00ebsojm\u00eb vazhdimisht p\u00ebrvoj\u00ebn q\u00eb ju ofrojm\u00eb.<\/p>\n<p>Konkretisht:<\/p>\n<p>Shit\u00ebsit e pal\u00ebve t\u00eb treta, duke p\u00ebrfshir\u00eb Google, mund t\u00eb shfaqin reklama t\u00eb Kompanis\u00eb n\u00eb faqet e internetit.<br \/>Shit\u00ebsit e pal\u00ebve t\u00eb treta, duke p\u00ebrfshir\u00eb Google, mund t\u00eb p\u00ebrdorin cookie p\u00ebr t\u00eb p\u00ebrdit\u00ebsuar, optimizuar dhe shfaqur reklama bazuar n\u00eb vizit\u00ebn e m\u00ebparshme t\u00eb p\u00ebrdoruesit n\u00eb faqen ton\u00eb t\u00eb internetit.<br \/>Faqja e internetit mund t\u00eb p\u00ebrdor\u00eb gjithashtu cookie nga nj\u00eb vizit\u00eb e m\u00ebparshme n\u00eb faqen e saj t\u00eb internetit p\u00ebr rimarketing.<\/p>\n<p>Ju mund t\u00eb vendosni shfletuesin tuaj q\u00eb t&#8217;ju njoftoj\u00eb \u00e7do her\u00eb p\u00ebrpara se t\u00eb shkarkohet nj\u00eb cookie dhe t\u00eb vendos\u00eb n\u00ebse do ta marr\u00eb at\u00eb ose ta refuzoj\u00eb at\u00eb. N\u00eb k\u00ebt\u00eb rast, mbani n\u00eb mend se mund t\u00eb mos jeni n\u00eb gjendje t\u00eb p\u00ebrdorni t\u00eb gjitha funksionet e tij.<\/p>\n<p>Faqja jon\u00eb mund t\u00eb p\u00ebrdor\u00eb ve\u00e7orit\u00eb e Google Analytics p\u00ebr reklama n\u00eb ekran (p.sh., rimarketing, raportet e p\u00ebrshtypjeve t\u00eb Rrjetit t\u00eb Display Google, integrimi i Doubleclick Campaign Manager dhe raportet demografike dhe t\u00eb interesit).<\/p>\n<p>Duke p\u00ebrdorur cil\u00ebsimet e reklamave, vizitor\u00ebt mund t\u00eb t\u00ebrhiqen nga Google Analytics p\u00ebr reklama n\u00eb ekran dhe t\u00eb personalizojn\u00eb reklamat e Rrjetit t\u00eb Ekranit Google.<\/p>\n<p>Faqja e internetit p\u00ebrputhet me politik\u00ebn e reklamimit t\u00eb bazuar n\u00eb interes t\u00eb Google AdWords dhe kufizimet p\u00ebr kategorit\u00eb e ndjeshme dhe:<\/p>\n<p>P\u00ebrdor rimarketimin me Google Analytics p\u00ebr reklamat n\u00eb internet.<\/p>\n<p>Faqja e internetit dhe shit\u00ebsit e pal\u00ebve t\u00eb treta, duke p\u00ebrfshir\u00eb Google, p\u00ebrdorin s\u00eb bashku cookie-t e pal\u00ebs s\u00eb par\u00eb (si\u00e7 \u00ebsht\u00eb skedari i Google Analytics) dhe skedar\u00ebt e pal\u00ebve t\u00eb treta (si cookie-t DoubleClick) p\u00ebr t\u00eb p\u00ebrdit\u00ebsuar, optimizuar dhe shfaqur reklama bazuar n\u00eb vizitat e m\u00ebparshme t\u00eb disa p\u00ebrdoruesit n\u00eb faqen e saj t\u00eb internetit.<\/p>\n<p>Faqja jon\u00eb e internetit dhe shit\u00ebsit e pal\u00ebve t\u00eb treta, duke p\u00ebrfshir\u00eb Google, p\u00ebrdorin si kuki t\u00eb pal\u00ebs s\u00eb par\u00eb (si\u00e7 \u00ebsht\u00eb kukia e Google Analytics) dhe kuki t\u00eb pal\u00ebve t\u00eb treta (si cookie DoubleClick) p\u00ebr t\u00eb ekzekutuar raporte se si p\u00ebrshtypjet e reklamave t\u00eb faqeve, p\u00ebrdorime t\u00eb tjera e sh\u00ebrbimeve t\u00eb reklamimit dhe nd\u00ebrveprimet me k\u00ebto sh\u00ebrbime reklamash dhe sh\u00ebrbime reklamimi jan\u00eb t\u00eb lidhura me vizitat n\u00eb faqen e internetit.<\/p>\n<p>Faqja e internetit mund t\u00eb p\u00ebrdor\u00eb t\u00eb dh\u00ebna nga reklamat e bazuara n\u00eb interes t\u00eb Google ose t\u00eb dh\u00ebnat e audienc\u00ebs s\u00eb pal\u00ebve t\u00eb treta (si mosha, gjinia dhe interesat) me Google Analytics.<\/p>\n<p>Ne rezervojm\u00eb t\u00eb drejt\u00ebn p\u00ebr t\u00eb ndryshuar k\u00ebt\u00eb politik\u00eb t\u00eb cookie-ve n\u00eb \u00e7do koh\u00eb. Ju lutemi, gjeni pik\u00ebn &#8220;P\u00ebrdit\u00ebsimi i fundit&#8221; n\u00eb krye t\u00eb k\u00ebsaj faqeje p\u00ebr t\u00eb par\u00eb se kur \u00ebsht\u00eb rishikuar p\u00ebr her\u00eb t\u00eb fundit kjo politik\u00eb e kukive. \u00c7do ndryshim n\u00eb k\u00ebt\u00eb Politik\u00eb t\u00eb Cookies do t\u00eb jet\u00eb efektive q\u00eb nga momenti kur Politika e rishikuar e Cookies b\u00ebhet e disponueshme n\u00eb faqen e internetit.<\/p>\n<p>Reklamuesit e pal\u00ebve t\u00eb treta dhe bizneset e tjera me t\u00eb cilat punojm\u00eb mund t\u00eb p\u00ebrdorin &#8220;Cookies&#8221; t\u00eb tyre p\u00ebr t\u00eb mbledhur informacione rreth aktiviteteve tuaja n\u00eb faqen ton\u00eb t\u00eb internetit. Ne nuk i kontrollojm\u00eb k\u00ebto Cookies.<\/p>\n<\/p>\n<p>[\/et_pb_text][\/et_pb_column][\/et_pb_row][\/et_pb_section]<\/p>\n","protected":false},"excerpt":{"rendered":"<p>Shihni Politik\u00ebn e Privat\u00ebsis\u00eb s\u00eb Nj\u00ebsis\u00eb s\u00eb Oftalmologjis\u00eb n\u00eb Spitalin Laserlens Day n\u00eb Janin\u00eb.<\/p>\n","protected":false},"author":1,"featured_media":215845,"parent":0,"menu_order":0,"comment_status":"closed","ping_status":"closed","template":"","meta":{"_et_pb_use_builder":"on","_et_pb_old_content":"","_et_gb_content_width":"","footnotes":""},"class_list":["post-216501","page","type-page","status-publish","has-post-thumbnail","hentry"],"_links":{"self":[{"href":"https:\/\/laserlens.gr\/sq\/wp-json\/wp\/v2\/pages\/216501"}],"collection":[{"href":"https:\/\/laserlens.gr\/sq\/wp-json\/wp\/v2\/pages"}],"about":[{"href":"https:\/\/laserlens.gr\/sq\/wp-json\/wp\/v2\/types\/page"}],"author":[{"embeddable":true,"href":"https:\/\/laserlens.gr\/sq\/wp-json\/wp\/v2\/users\/1"}],"replies":[{"embeddable":true,"href":"https:\/\/laserlens.gr\/sq\/wp-json\/wp\/v2\/comments?post=216501"}],"version-history":[{"count":8,"href":"https:\/\/laserlens.gr\/sq\/wp-json\/wp\/v2\/pages\/216501\/revisions"}],"predecessor-version":[{"id":216568,"href":"https:\/\/laserlens.gr\/sq\/wp-json\/wp\/v2\/pages\/216501\/revisions\/216568"}],"wp:featuredmedia":[{"embeddable":true,"href":"https:\/\/laserlens.gr\/sq\/wp-json\/wp\/v2\/media\/215845"}],"wp:attachment":[{"href":"https:\/\/laserlens.gr\/sq\/wp-json\/wp\/v2\/media?parent=216501"}],"curies":[{"name":"wp","href":"https:\/\/api.w.org\/{rel}","templated":true}]}}